{"id":1234,"date":"2023-01-08T14:09:16","date_gmt":"2023-01-08T13:09:16","guid":{"rendered":"https:\/\/mojevyslapy.betunak.cz\/?page_id=1234"},"modified":"2024-05-10T07:58:09","modified_gmt":"2024-05-10T06:58:09","slug":"vyslapy-2023","status":"publish","type":"page","link":"https:\/\/mojevyslapy.betunak.cz\/?page_id=1234","title":{"rendered":"V\u00fd\u0161lapy 2023"},"content":{"rendered":"\n<figure class=\"wp-block-table aligncenter\"><table><tbody><tr><td class=\"has-text-align-center\" data-align=\"center\"><\/td><td class=\"has-text-align-center\" data-align=\"center\"><strong><a href=\"https:\/\/mojevyslapy.betunak.cz\/?page_id=1248\">Leden 2023<\/a><\/strong><\/td><td><\/td><td><\/td><td class=\"has-text-align-center\" data-align=\"center\"><\/td><\/tr><tr><td class=\"has-text-align-center\" data-align=\"center\">1.1.23<\/td><td class=\"has-text-align-center\" data-align=\"center\"><a href=\"https:\/\/mojevyslapy.betunak.cz\/?page_id=1248\/#1.1.23\">Pustevny-Radho\u0161\u0165-Doln\u00ed Be\u010dva<\/a><\/td><td><\/td><td><\/td><td class=\"has-text-align-center\" data-align=\"center\">  9,88 km<\/td><\/tr><tr><td class=\"has-text-align-center\" data-align=\"center\">7.1.23<\/td><td class=\"has-text-align-center\" data-align=\"center\"><a href=\"https:\/\/mojevyslapy.betunak.cz\/?page_id=1248\/#7.1.23\">T\u00fdn n.B.-Helf\u0161t\u00fdn-Teplice n.B.<\/a><\/td><td><\/td><td><\/td><td class=\"has-text-align-center\" data-align=\"center\">17,19 km<\/td><\/tr><tr><td class=\"has-text-align-center\" data-align=\"center\">21.1.23<\/td><td class=\"has-text-align-center\" data-align=\"center\"><a href=\"https:\/\/mojevyslapy.betunak.cz\/?page_id=1248\/#21.1.23\">Za\u0161ov\u00e1 &#8211;  R\u00e1j na zemi<\/a><\/td><td><\/td><td><\/td><td class=\"has-text-align-center\" data-align=\"center\">  5,4 km<\/td><\/tr><tr><td class=\"has-text-align-center\" data-align=\"center\">28.1.23<\/td><td class=\"has-text-align-center\" data-align=\"center\"><a href=\"https:\/\/mojevyslapy.betunak.cz\/?page_id=1248\/#28.1.23\">Vset\u00edn &#8211; Ho\u0161\u0165\u00e1lkov\u00e1<\/a><\/td><td><\/td><td><\/td><td class=\"has-text-align-center\" data-align=\"center\">15,83 km<\/td><\/tr><tr><td class=\"has-text-align-center\" data-align=\"center\"><\/td><td class=\"has-text-align-center\" data-align=\"center\"><\/td><td><\/td><td><\/td><td class=\"has-text-align-center\" data-align=\"center\"><\/td><\/tr><tr><td class=\"has-text-align-center\" data-align=\"center\"><\/td><td class=\"has-text-align-center\" data-align=\"center\"><p class=\"has-small-font-size\">Celkem Leden<\/p><\/td><td><\/td><td><p class=\"has-small-font-size\">48,3 km<\/p><\/td><td class=\"has-text-align-center\" data-align=\"center\"><\/td><\/tr><tr><td class=\"has-text-align-center\" data-align=\"center\"><\/td><td class=\"has-text-align-center\" data-align=\"center\"><\/td><td><\/td><td><\/td><td class=\"has-text-align-center\" data-align=\"center\"><\/td><\/tr><tr><td class=\"has-text-align-center\" data-align=\"center\"><\/td><td class=\"has-text-align-center\" data-align=\"center\"><strong><a href=\"https:\/\/mojevyslapy.betunak.cz\/?page_id=1471\">\u00danor 2023<\/a><\/strong><\/td><td><\/td><td><\/td><td class=\"has-text-align-center\" data-align=\"center\"><\/td><\/tr><tr><td class=\"has-text-align-center\" data-align=\"center\">4.2.23<\/td><td class=\"has-text-align-center\" data-align=\"center\"><a href=\"https:\/\/mojevyslapy.betunak.cz\/?page_id=1471\/#4.2.23\" data-type=\"URL\" data-id=\"https:\/\/mojevyslapy.betunak.cz\/?page_id=1248\/#1.1.23\">Pindula &#8211; Velk\u00e1 Polana<\/a> (<a rel=\"noreferrer noopener\" href=\"https:\/\/mojevyslapy.betunak.cz\/wp-content\/gallery\/4_2_23pindula\/18.jpg\" target=\"_blank\">d\u00e1l to ne\u0161lo<\/a>) &#8211; <a href=\"https:\/\/mojevyslapy.betunak.cz\/?page_id=1471\/#4.2.23\">Doln\u00ed Be\u010dva pila<\/a><\/td><td><\/td><td><\/td><td class=\"has-text-align-center\" data-align=\"center\">8,5 km<\/td><\/tr><tr><td class=\"has-text-align-center\" data-align=\"center\">11.2.23<\/td><td class=\"has-text-align-center\" data-align=\"center\"><a href=\"https:\/\/mojevyslapy.betunak.cz\/?page_id=1471\/#11.2.23\" data-type=\"URL\" data-id=\"https:\/\/mojevyslapy.betunak.cz\/?page_id=1471\/#11.2.23\">Tes\u00e1k &#8211; Kel\u010dsk\u00fd Javorn\u00edk &#8211; Os\u00ed\u010dko<\/a><\/td><td><\/td><td><\/td><td class=\"has-text-align-center\" data-align=\"center\">10,46 km<\/td><\/tr><tr><td class=\"has-text-align-center\" data-align=\"center\">18.2.23<\/td><td class=\"has-text-align-center\" data-align=\"center\"><a href=\"https:\/\/mojevyslapy.betunak.cz\/?page_id=1471\/#18.2.23\">M.Byst\u0159ice &#8211; Santov &#8211; Ro\u017enov p.R<\/a><\/td><td><\/td><td><\/td><td class=\"has-text-align-center\" data-align=\"center\">12 km<\/td><\/tr><tr><td class=\"has-text-align-center\" data-align=\"center\"><\/td><td class=\"has-text-align-center\" data-align=\"center\"><p class=\"has-small-font-size\">Celkem \u00danor<\/p><\/td><td><\/td><td><p class=\"has-small-font-size\">30,96 km<\/p><\/td><td class=\"has-text-align-center\" data-align=\"center\"><\/td><\/tr><tr><td class=\"has-text-align-center\" data-align=\"center\"><\/td><td class=\"has-text-align-center\" data-align=\"center\"><\/td><td><\/td><td><\/td><td class=\"has-text-align-center\" data-align=\"center\"><\/td><\/tr><tr><td class=\"has-text-align-center\" data-align=\"center\"><\/td><td class=\"has-text-align-center\" data-align=\"center\"><a href=\"https:\/\/mojevyslapy.betunak.cz\/?page_id=1577\">B\u0159ezen 2023<\/a><\/td><td><\/td><td><\/td><td class=\"has-text-align-center\" data-align=\"center\"><\/td><\/tr><tr><td class=\"has-text-align-center\" data-align=\"center\">4.3.23<\/td><td class=\"has-text-align-center\" data-align=\"center\"><a href=\"https:\/\/mojevyslapy.betunak.cz\/?page_id=1577\/#4.3.23\" data-type=\"URL\" data-id=\"https:\/\/mojevyslapy.betunak.cz\/?page_id=1577\/#4.3.23\">Zd\u011bchov &#8211; Pul\u010diny &#8211; H.Lide\u010d<\/a><\/td><td><\/td><td><\/td><td class=\"has-text-align-center\" data-align=\"center\">16,1 km<\/td><\/tr><tr><td class=\"has-text-align-center\" data-align=\"center\">18.3.23<\/td><td class=\"has-text-align-center\" data-align=\"center\"><a href=\"https:\/\/mojevyslapy.betunak.cz\/?page_id=1577\/#18.3.23\">Vala\u0161sk\u00e1 Byst\u0159ice &#8211; Vrch H\u016fra &#8211; Byst\u0159i\u010dka<\/a><\/td><td><\/td><td><\/td><td class=\"has-text-align-center\" data-align=\"center\">16 km<\/td><\/tr><tr><td class=\"has-text-align-center\" data-align=\"center\">25.3.23<\/td><td class=\"has-text-align-center\" data-align=\"center\"><a href=\"http:\/\/mojevyslapy.betunak.cz\/?page_id=1577\/#25.3.23\">Rajnochovice &#8211; Tes\u00e1k &#8211; Troj\u00e1k<\/a><\/td><td><\/td><td><\/td><td class=\"has-text-align-center\" data-align=\"center\">12,9 km<\/td><\/tr><tr><td class=\"has-text-align-center\" data-align=\"center\"><\/td><td class=\"has-text-align-center\" data-align=\"center\"><p class=\"has-small-font-size\">Celkem B\u0159ezen<\/p><\/td><td><\/td><td><p class=\"has-small-font-size\">45 km<\/p><\/td><td class=\"has-text-align-center\" data-align=\"center\"><\/td><\/tr><tr><td class=\"has-text-align-center\" data-align=\"center\"><\/td><td class=\"has-text-align-center\" data-align=\"center\"><\/td><td><\/td><td><\/td><td class=\"has-text-align-center\" data-align=\"center\"><\/td><\/tr><tr><td class=\"has-text-align-center\" data-align=\"center\"><\/td><td class=\"has-text-align-center\" data-align=\"center\"><a href=\"https:\/\/mojevyslapy.betunak.cz\/?page_id=1701\">Duben 2023<\/a><\/td><td><\/td><td><\/td><td class=\"has-text-align-center\" data-align=\"center\"><\/td><\/tr><tr><td class=\"has-text-align-center\" data-align=\"center\">1.4.23<\/td><td class=\"has-text-align-center\" data-align=\"center\"><a href=\"http:\/\/mojevyslapy.betunak.cz\/?page_id=1701\/#1.4.23\" data-type=\"URL\" data-id=\"http:\/\/mojevyslapy.betunak.cz\/?page_id=1701\/#1.4.23\">H.lide\u010d &#8211; La\u010dnov &#8211; Lu\u017en\u00e1 u Vset\u00edna<\/a><\/td><td><\/td><td><\/td><td class=\"has-text-align-center\" data-align=\"center\">12,5 km<\/td><\/tr><tr><td class=\"has-text-align-center\" data-align=\"center\">15.4.23<\/td><td class=\"has-text-align-center\" data-align=\"center\"><a href=\"http:\/\/mojevyslapy.betunak.cz\/?page_id=1701\/#15.4.23\">Valmez &#8211; Pod Dubem &#8211; Valmez<\/a><\/td><td><\/td><td><\/td><td class=\"has-text-align-center\" data-align=\"center\">11 km<\/td><\/tr><tr><td class=\"has-text-align-center\" data-align=\"center\"><\/td><td class=\"has-text-align-center\" data-align=\"center\"><p class=\"has-small-font-size\">Celkem Duben<\/p><\/td><td><\/td><td><p class=\"has-small-font-size\">23,5 km<\/p><\/td><td class=\"has-text-align-center\" data-align=\"center\"><\/td><\/tr><tr><td class=\"has-text-align-center\" data-align=\"center\"><\/td><td class=\"has-text-align-center\" data-align=\"center\"><\/td><td><\/td><td><\/td><td class=\"has-text-align-center\" data-align=\"center\"><\/td><\/tr><tr><td class=\"has-text-align-center\" data-align=\"center\"><\/td><td class=\"has-text-align-center\" data-align=\"center\"><a href=\"https:\/\/mojevyslapy.betunak.cz\/?page_id=1759\">Kv\u011bten 2023<\/a><\/td><td><\/td><td><\/td><td class=\"has-text-align-center\" data-align=\"center\"><\/td><\/tr><tr><td class=\"has-text-align-center\" data-align=\"center\">6.5.23<\/td><td class=\"has-text-align-center\" data-align=\"center\"><a href=\"https:\/\/mojevyslapy.betunak.cz\/?page_id=1759\/#6.5.23\">Mnichov\u00e1 Lehota &#8211; chata pod Ostr\u00fdm &#8211; Soblahov<\/a><\/td><td><\/td><td><p class=\"has-small-font-size\"><\/p><\/td><td class=\"has-text-align-center\" data-align=\"center\">12,8 km<\/td><\/tr><tr><td class=\"has-text-align-center\" data-align=\"center\">13.5.23<\/td><td class=\"has-text-align-center\" data-align=\"center\"><a href=\"https:\/\/mojevyslapy.betunak.cz\/?page_id=1759\/#13.5.23\">Luha\u010dovice<\/a><\/td><td><\/td><td><\/td><td class=\"has-text-align-center\" data-align=\"center\">13,1km<\/td><\/tr><tr><td class=\"has-text-align-center\" data-align=\"center\">27.5.23<\/td><td class=\"has-text-align-center\" data-align=\"center\"><a href=\"https:\/\/mojevyslapy.betunak.cz\/?page_id=1759\/#27.5.23\">Mlade\u010dsk\u00e9 jeskyn\u011b &#8211; B\u00edl\u00e1 Lhota<\/a><\/td><td><\/td><td><\/td><td class=\"has-text-align-center\" data-align=\"center\">5,2 km<\/td><\/tr><tr><td class=\"has-text-align-center\" data-align=\"center\"><\/td><td class=\"has-text-align-center\" data-align=\"center\"><p class=\"has-small-font-size\">Celkem Kv\u011bten<\/p><\/td><td><\/td><td><p class=\"has-small-font-size\">31,1 km<\/p><\/td><td class=\"has-text-align-center\" data-align=\"center\"><\/td><\/tr><tr><td class=\"has-text-align-center\" data-align=\"center\"><\/td><td class=\"has-text-align-center\" data-align=\"center\"><\/td><td><\/td><td><\/td><td class=\"has-text-align-center\" data-align=\"center\"><\/td><\/tr><tr><td class=\"has-text-align-center\" data-align=\"center\"><\/td><td class=\"has-text-align-center\" data-align=\"center\"><a href=\"https:\/\/mojevyslapy.betunak.cz\/?page_id=1801\">Z\u00e1\u0159\u00ed 2023<\/a><\/td><td><\/td><td><\/td><td class=\"has-text-align-center\" data-align=\"center\"><\/td><\/tr><tr><td class=\"has-text-align-center\" data-align=\"center\">2.9.23<\/td><td class=\"has-text-align-center\" data-align=\"center\"><a href=\"https:\/\/mojevyslapy.betunak.cz\/?page_id=1801\/#2.9.23\">Pindula &#8211; Javorn\u00edk &#8211; Fren\u0161t\u00e1t p.R.<\/a><\/td><td><\/td><td><\/td><td class=\"has-text-align-center\" data-align=\"center\">10,9 km<\/td><\/tr><tr><td class=\"has-text-align-center\" data-align=\"center\"><\/td><td class=\"has-text-align-center\" data-align=\"center\"><p class=\"has-small-font-size\">Celkem Z\u00e1\u0159\u00ed<\/p><\/td><td><\/td><td><p class=\"has-small-font-size\">10,9 km<\/p><\/td><td class=\"has-text-align-center\" data-align=\"center\"><\/td><\/tr><tr><td class=\"has-text-align-center\" data-align=\"center\"><\/td><td class=\"has-text-align-center\" data-align=\"center\"><\/td><td><\/td><td><\/td><td class=\"has-text-align-center\" data-align=\"center\"><\/td><\/tr><tr><td class=\"has-text-align-center\" data-align=\"center\"><\/td><td class=\"has-text-align-center\" data-align=\"center\"><a href=\"https:\/\/mojevyslapy.betunak.cz\/?page_id=1858\">\u0158\u00edjen 2023<\/a><\/td><td><\/td><td><\/td><td class=\"has-text-align-center\" data-align=\"center\"><\/td><\/tr><tr><td class=\"has-text-align-center\" data-align=\"center\">7.10.23<\/td><td class=\"has-text-align-center\" data-align=\"center\"><a href=\"https:\/\/mojevyslapy.betunak.cz\/?page_id=1858\/#7.10.23\">Halenkov \u2013 Provazn\u00fd \u2013 U Holc\u016f \u2013 Halenkov<\/a><\/td><td><\/td><td><p class=\"has-small-font-size\"><\/p><\/td><td class=\"has-text-align-center\" data-align=\"center\">14,2 km<\/td><\/tr><tr><td class=\"has-text-align-center\" data-align=\"center\">14.10.23<\/td><td class=\"has-text-align-center\" data-align=\"center\"><a href=\"https:\/\/mojevyslapy.betunak.cz\/?page_id=1858\/#14.10.23\">Kunovice Lou\u010dka &#8211; L\u00e1zy (chata )<\/a><\/td><td><\/td><td><\/td><td class=\"has-text-align-center\" data-align=\"center\">7,1 km<\/td><\/tr><tr><td class=\"has-text-align-center\" data-align=\"center\"><\/td><td class=\"has-text-align-center\" data-align=\"center\"><p class=\"has-small-font-size\"><\/p><p class=\"has-small-font-size\">Celkem \u0158\u00edjen<\/p><p><\/p><\/td><td><\/td><td><p class=\"has-small-font-size\">21,3 km<\/p><\/td><td class=\"has-text-align-center\" data-align=\"center\"><\/td><\/tr><tr><td class=\"has-text-align-center\" data-align=\"center\"><\/td><td class=\"has-text-align-center\" data-align=\"center\"><\/td><td><\/td><td><\/td><td class=\"has-text-align-center\" data-align=\"center\"><\/td><\/tr><tr><td class=\"has-text-align-center\" data-align=\"center\"><\/td><td class=\"has-text-align-center\" data-align=\"center\"><a href=\"https:\/\/mojevyslapy.betunak.cz\/?page_id=1895\">Listopad 2023<\/a><\/td><td><\/td><td><\/td><td class=\"has-text-align-center\" data-align=\"center\"><\/td><\/tr><tr><td class=\"has-text-align-center\" data-align=\"center\">28.11.23<\/td><td class=\"has-text-align-center\" data-align=\"center\"><a href=\"https:\/\/mojevyslapy.betunak.cz\/?page_id=1895\/#28.11.23\">Ve\u0159ovice &#8211; Javorn\u00edk &#8211; Ro\u017enov p.Rad.<\/a><\/td><td><\/td><td><\/td><td class=\"has-text-align-center\" data-align=\"center\">15,1 km<\/td><\/tr><tr><td class=\"has-text-align-center\" data-align=\"center\"><\/td><td class=\"has-text-align-center\" data-align=\"center\"><p class=\"has-small-font-size\">Celkem Listopad<\/p><\/td><td><\/td><td><p class=\"has-small-font-size\">15,1 km<\/p><\/td><td class=\"has-text-align-center\" data-align=\"center\"><\/td><\/tr><tr><td class=\"has-text-align-center\" data-align=\"center\"><\/td><td class=\"has-text-align-center\" data-align=\"center\"><\/td><td><\/td><td><\/td><td class=\"has-text-align-center\" data-align=\"center\"><\/td><\/tr><tr><td class=\"has-text-align-center\" data-align=\"center\"><\/td><td class=\"has-text-align-center\" data-align=\"center\"><a href=\"https:\/\/mojevyslapy.betunak.cz\/?page_id=1897\">Prosinec 2023<\/a><\/td><td><\/td><td><\/td><td class=\"has-text-align-center\" data-align=\"center\"><\/td><\/tr><tr><td class=\"has-text-align-center\" data-align=\"center\">16.12.23<\/td><td class=\"has-text-align-center\" data-align=\"center\"><a href=\"https:\/\/mojevyslapy.betunak.cz\/?page_id=1897\/#16.12.23\">\u00dast\u00ed u Vs. &#8211; Filka &#8211; Hov\u011bz\u00ed<\/a><\/td><td><\/td><td><\/td><td class=\"has-text-align-center\" data-align=\"center\">14 km<\/td><\/tr><tr><td class=\"has-text-align-center\" data-align=\"center\">31.12.23<\/td><td class=\"has-text-align-center\" data-align=\"center\"><a href=\"https:\/\/mojevyslapy.betunak.cz\/?page_id=1897\/#31.12.23\">Okolo Svat\u00e9ho Kope\u010dka<\/a><\/td><td><\/td><td><\/td><td class=\"has-text-align-center\" data-align=\"center\">9 km<\/td><\/tr><tr><td class=\"has-text-align-center\" data-align=\"center\"><\/td><td class=\"has-text-align-center\" data-align=\"center\"><p class=\"has-small-font-size\">Celkem prosinec<\/p><\/td><td><\/td><td><p class=\"has-small-font-size\">23 km<\/p><\/td><td class=\"has-text-align-center\" data-align=\"center\"><\/td><\/tr><\/tbody><tfoot><tr><td class=\"has-text-align-center\" data-align=\"center\"><\/td><td class=\"has-text-align-center\" data-align=\"center\"><strong>Celkem rok<\/strong><\/td><td><\/td><td><\/td><td class=\"has-text-align-center\" data-align=\"center\"><strong>245,16 <\/strong><strong>km<\/strong><\/td><\/tr><\/tfoot><\/table><\/figure>\n\n\n\n<p><a href=\"https:\/\/mojevyslapy.betunak.cz\/wp-admin\/edit.php?post_type=page\" class=\"broken_link\"><\/a><\/p>\n","protected":false},"excerpt":{"rendered":"<p>Leden 2023&nbsp;1.1.23 Pustevny-Radho\u0161\u0165-Doln\u00ed Be\u010dva 9,88 km 7.1.23 T\u00fdn n.B.-Helf\u0161t\u00fdn-Teplice n.B. 17,19 km 21.1.23 Za\u0161ov\u00e1 &#8211; R\u00e1j na zemi 5,4 km 28.1.23 Vset\u00edn &#8211; Ho\u0161\u0165\u00e1lkov\u00e1 15,83 km Celkem Leden 48,3 km \u00danor 2023&nbsp;4.2.23 Pindula &#8211; Velk\u00e1 Polana (d\u00e1l to<\/p>\n","protected":false},"author":1,"featured_media":0,"parent":0,"menu_order":0,"comment_status":"closed","ping_status":"closed","template":"","meta":{"ngg_post_thumbnail":0,"footnotes":""},"class_list":["post-1234","page","type-page","status-publish","hentry"],"jetpack_sharing_enabled":true,"_links":{"self":[{"href":"https:\/\/mojevyslapy.betunak.cz\/index.php?rest_route=\/wp\/v2\/pages\/1234","targetHints":{"allow":["GET"]}}],"collection":[{"href":"https:\/\/mojevyslapy.betunak.cz\/index.php?rest_route=\/wp\/v2\/pages"}],"about":[{"href":"https:\/\/mojevyslapy.betunak.cz\/index.php?rest_route=\/wp\/v2\/types\/page"}],"author":[{"embeddable":true,"href":"https:\/\/mojevyslapy.betunak.cz\/index.php?rest_route=\/wp\/v2\/users\/1"}],"replies":[{"embeddable":true,"href":"https:\/\/mojevyslapy.betunak.cz\/index.php?rest_route=%2Fwp%2Fv2%2Fcomments&post=1234"}],"version-history":[{"count":0,"href":"https:\/\/mojevyslapy.betunak.cz\/index.php?rest_route=\/wp\/v2\/pages\/1234\/revisions"}],"wp:attachment":[{"href":"https:\/\/mojevyslapy.betunak.cz\/index.php?rest_route=%2Fwp%2Fv2%2Fmedia&parent=1234"}],"curies":[{"name":"wp","href":"https:\/\/api.w.org\/{rel}","templated":true}]}}