{"id":1471,"date":"2023-02-04T14:20:04","date_gmt":"2023-02-04T13:20:04","guid":{"rendered":"https:\/\/mojevyslapy.betunak.cz\/?page_id=1471"},"modified":"2023-02-18T15:30:24","modified_gmt":"2023-02-18T14:30:24","slug":"unor-2023","status":"publish","type":"page","link":"https:\/\/mojevyslapy.betunak.cz\/?page_id=1471","title":{"rendered":"\u00danor 2023"},"content":{"rendered":"<div class=\"wp-block-image\">\n<figure class=\"alignright size-full is-resized\"><a href=\"https:\/\/mapy.cz\/s\/gonopetuha\" target=\"_blank\" rel=\"noreferrer noopener\"><img loading=\"lazy\" decoding=\"async\" src=\"https:\/\/mojevyslapy.betunak.cz\/wp-content\/uploads\/2023\/02\/Mapa.jpg\" alt=\"\" class=\"wp-image-1502\" width=\"119\" height=\"127\" srcset=\"https:\/\/mojevyslapy.betunak.cz\/wp-content\/uploads\/2023\/02\/Mapa.jpg 650w, https:\/\/mojevyslapy.betunak.cz\/wp-content\/uploads\/2023\/02\/Mapa-283x300.jpg 283w\" sizes=\"auto, (max-width: 119px) 100vw, 119px\" \/><\/a><\/figure><\/div>\n\n<p><span id=\"4.2.23\" class=\"sta-anchor \" aria-hidden=\"true\"><\/span>4.2.2023 Pindula &#8211; Velk\u00e1 Polana(d\u00e1l to ne\u0161lo) &#8211; Doln\u00ed Be\u010dva pila<br \/>\n8,5 km<br \/>\nngg_shortcode_0_placeholder<\/p>\n\n\n<div class=\"wp-block-image\">\n<figure class=\"alignright size-full is-resized\"><a href=\"https:\/\/mapy.cz\/s\/japefuvugu\" target=\"_blank\" rel=\"noreferrer noopener\"><img loading=\"lazy\" decoding=\"async\" src=\"https:\/\/mojevyslapy.betunak.cz\/wp-content\/uploads\/2023\/02\/Mapa-1.jpg\" alt=\"\" class=\"wp-image-1509\" width=\"109\" height=\"140\" srcset=\"https:\/\/mojevyslapy.betunak.cz\/wp-content\/uploads\/2023\/02\/Mapa-1.jpg 488w, https:\/\/mojevyslapy.betunak.cz\/wp-content\/uploads\/2023\/02\/Mapa-1-233x300.jpg 233w\" sizes=\"auto, (max-width: 109px) 100vw, 109px\" \/><\/a><\/figure><\/div>\n\n<p><span id=\"11.2.23\" class=\"sta-anchor \" aria-hidden=\"true\"><\/span>11.2.2023 Tes\u00e1k &#8211; Kel\u010dsk\u00fd Javorn\u00edk &#8211; Os\u00ed\u010dko<br \/>\n10,46 km<br \/>\nngg_shortcode_1_placeholder<\/p>\n\n\n<div class=\"wp-block-image\">\n<figure class=\"alignright size-full is-resized\"><a href=\"https:\/\/mapy.cz\/s\/fefepufupu\" target=\"_blank\" rel=\"noreferrer noopener\"><img loading=\"lazy\" decoding=\"async\" src=\"https:\/\/mojevyslapy.betunak.cz\/wp-content\/uploads\/2023\/02\/Mapa-2.jpg\" alt=\"\" class=\"wp-image-1545\" width=\"117\" height=\"129\" srcset=\"https:\/\/mojevyslapy.betunak.cz\/wp-content\/uploads\/2023\/02\/Mapa-2.jpg 560w, https:\/\/mojevyslapy.betunak.cz\/wp-content\/uploads\/2023\/02\/Mapa-2-273x300.jpg 273w\" sizes=\"auto, (max-width: 117px) 100vw, 117px\" \/><\/a><\/figure><\/div>\n\n<p><span id=\"18.2.23\" class=\"sta-anchor \" aria-hidden=\"true\"><\/span>18.2.2023&nbsp;M.Byst\u0159ice &#8211; Santov &#8211; Ro\u017enov p.R<br \/>\n12 km<br \/>\nngg_shortcode_2_placeholder<\/p>\n","protected":false},"excerpt":{"rendered":"","protected":false},"author":1,"featured_media":0,"parent":0,"menu_order":0,"comment_status":"closed","ping_status":"closed","template":"","meta":{"ngg_post_thumbnail":0,"footnotes":""},"class_list":["post-1471","page","type-page","status-publish","hentry"],"jetpack_sharing_enabled":true,"_links":{"self":[{"href":"https:\/\/mojevyslapy.betunak.cz\/index.php?rest_route=\/wp\/v2\/pages\/1471","targetHints":{"allow":["GET"]}}],"collection":[{"href":"https:\/\/mojevyslapy.betunak.cz\/index.php?rest_route=\/wp\/v2\/pages"}],"about":[{"href":"https:\/\/mojevyslapy.betunak.cz\/index.php?rest_route=\/wp\/v2\/types\/page"}],"author":[{"embeddable":true,"href":"https:\/\/mojevyslapy.betunak.cz\/index.php?rest_route=\/wp\/v2\/users\/1"}],"replies":[{"embeddable":true,"href":"https:\/\/mojevyslapy.betunak.cz\/index.php?rest_route=%2Fwp%2Fv2%2Fcomments&post=1471"}],"version-history":[{"count":0,"href":"https:\/\/mojevyslapy.betunak.cz\/index.php?rest_route=\/wp\/v2\/pages\/1471\/revisions"}],"wp:attachment":[{"href":"https:\/\/mojevyslapy.betunak.cz\/index.php?rest_route=%2Fwp%2Fv2%2Fmedia&parent=1471"}],"curies":[{"name":"wp","href":"https:\/\/api.w.org\/{rel}","templated":true}]}}