{"id":150,"date":"2022-04-22T06:44:42","date_gmt":"2022-04-22T05:44:42","guid":{"rendered":"http:\/\/mojevyslapy.betunak.cz\/?page_id=150"},"modified":"2024-04-22T07:25:50","modified_gmt":"2024-04-22T06:25:50","slug":"vyslapy-2022","status":"publish","type":"page","link":"https:\/\/mojevyslapy.betunak.cz\/?page_id=150","title":{"rendered":"V\u00fd\u0161lapy 2022"},"content":{"rendered":"\n<figure class=\"wp-block-table alignleft is-style-regular\"><table><tbody><tr><td class=\"has-text-align-right\" data-align=\"right\"><\/td><td class=\"has-text-align-center\" data-align=\"center\"><strong><a href=\"https:\/\/mojevyslapy.betunak.cz\/?page_id=152\">Leden 2022<\/a><\/strong><\/td><td><\/td><td><\/td><td><\/td><\/tr><tr><td class=\"has-text-align-right\" data-align=\"right\">15.1.22<\/td><td class=\"has-text-align-center\" data-align=\"center\"><a href=\"http:\/\/mojevyslapy.betunak.cz\/?page_id=152\/#Mo\u0159kov \u2013 \u0160tramberk\"><\/a><a href=\"https:\/\/mojevyslapy.betunak.cz\/?page_id=152\/#15.1.2022\">Mo\u0159kov \u2013 \u0160tramberk<\/a><\/td><td><\/td><td><\/td><td>16,9 km<\/td><\/tr><tr><td class=\"has-text-align-right\" data-align=\"right\">22.1.22<\/td><td class=\"has-text-align-center\" data-align=\"center\"><a href=\"https:\/\/mojevyslapy.betunak.cz\/?page_id=152\/#22.1.22\">Du\u0161n\u00e1 \u2013 Halenkov<\/a><\/td><td><\/td><td><\/td><td>15,2 km<\/td><\/tr><tr><td class=\"has-text-align-right\" data-align=\"right\"><\/td><td class=\"has-text-align-center\" data-align=\"center\"><p class=\"has-small-font-size\">Celkem Leden<\/p><\/td><td><\/td><td><p class=\"has-small-font-size\">32,1 km<\/p><\/td><td><\/td><\/tr><tr><td class=\"has-text-align-right\" data-align=\"right\"><\/td><td class=\"has-text-align-center\" data-align=\"center\"><\/td><td><\/td><td><\/td><td><\/td><\/tr><tr><td class=\"has-text-align-right\" data-align=\"right\"><\/td><td class=\"has-text-align-center\" data-align=\"center\"><a href=\"https:\/\/mojevyslapy.betunak.cz\/?page_id=154\"><strong>\u00danor 2022<\/strong><\/a><\/td><td><\/td><td><\/td><td><\/td><\/tr><tr><td class=\"has-text-align-right\" data-align=\"right\">5.2.22<\/td><td class=\"has-text-align-center\" data-align=\"center\"><a href=\"https:\/\/mojevyslapy.betunak.cz\/?page_id=154\/#5.2.22\">Lide\u010dko \u2013 Pul\u010diny \u2013 Horn\u00ed Lide\u010d<\/a><\/td><td><\/td><td><\/td><td>14 km<\/td><\/tr><tr><td class=\"has-text-align-right\" data-align=\"right\">12.2.22<\/td><td class=\"has-text-align-center\" data-align=\"center\"><a href=\"https:\/\/mojevyslapy.betunak.cz\/?page_id=154\/#12.2.22\">Kop\u0159ivnice \u2013 Fren\u0161t\u00e1t p.Radho\u0161t\u011bm<\/a><\/td><td><\/td><td><\/td><td>13,8 km<\/td><\/tr><tr><td class=\"has-text-align-right\" data-align=\"right\">19.2.22<\/td><td class=\"has-text-align-center\" data-align=\"center\"><a href=\"https:\/\/mojevyslapy.betunak.cz\/?page_id=154\/#19.2.22\" data-type=\"URL\" data-id=\"http:\/\/mojevyslapy.betunak.cz\/?page_id=154\/#19.2.22\">Kun\u010dice p.Ond\u0159ejn\u00edkem \u2013 Prost\u0159edn\u00ed Be\u010dva<\/a><\/td><td><\/td><td><\/td><td>16,3 km<\/td><\/tr><tr><td class=\"has-text-align-right\" data-align=\"right\"><\/td><td class=\"has-text-align-center\" data-align=\"center\"><p class=\"has-small-font-size\">Celkem \u00danor<\/p><\/td><td><\/td><td><p class=\"has-small-font-size\">44,1 km<\/p><\/td><td><\/td><\/tr><tr><td class=\"has-text-align-right\" data-align=\"right\"><\/td><td class=\"has-text-align-center\" data-align=\"center\"><\/td><td><\/td><td><\/td><td><\/td><\/tr><tr><td class=\"has-text-align-right\" data-align=\"right\"><\/td><td class=\"has-text-align-center\" data-align=\"center\"><strong><a href=\"https:\/\/mojevyslapy.betunak.cz\/?page_id=156\">B\u0159ezen 2022<\/a><\/strong><\/td><td><\/td><td><\/td><td><\/td><\/tr><tr><td class=\"has-text-align-right\" data-align=\"right\">12.3.22<\/td><td class=\"has-text-align-center\" data-align=\"center\"><a href=\"https:\/\/mojevyslapy.betunak.cz\/?page_id=156\/#12.3.22\">Sulov \u2013 Roh\u00e1\u010d<\/a><\/td><td><\/td><td><\/td><td>12,2 km<\/td><\/tr><tr><td class=\"has-text-align-right\" data-align=\"right\">19.3.22<\/td><td class=\"has-text-align-center\" data-align=\"center\"><a href=\"https:\/\/mojevyslapy.betunak.cz\/?page_id=156\/#19.3.22\">Halenkov \u2013 Huslenky<\/a><\/td><td><\/td><td><\/td><td>15,2 km<\/td><\/tr><tr><td class=\"has-text-align-right\" data-align=\"right\">21.3.22<\/td><td class=\"has-text-align-center\" data-align=\"center\"><a href=\"https:\/\/mojevyslapy.betunak.cz\/?page_id=156\/#21.3.22\">Jankovice \u2013 Tes\u00e1k<\/a><\/td><td><\/td><td><\/td><td>18,5 km<\/td><\/tr><tr><td class=\"has-text-align-right\" data-align=\"right\">26.3.22<\/td><td class=\"has-text-align-center\" data-align=\"center\"><a href=\"http:\/\/mojevyslapy.betunak.cz\/?page_id=156\/#26.3.2022\"><\/a><a href=\"https:\/\/mojevyslapy.betunak.cz\/?page_id=156\/#26.3.22\">Byst\u0159i\u010dka U Bu\u0161\u016f \u2013 Vala\u0161sk\u00e1 Byst\u0159ice<\/a><\/td><td><\/td><td><\/td><td>13,1 km<\/td><\/tr><tr><td class=\"has-text-align-right\" data-align=\"right\">30.3.22<\/td><td class=\"has-text-align-center\" data-align=\"center\"><a href=\"https:\/\/mojevyslapy.betunak.cz\/?page_id=156\/#30.3.22\">Hustope\u010de u Brna \u2013 Mandlov\u00e1 stezka<\/a><\/td><td><\/td><td><\/td><td>11 km<\/td><\/tr><tr><td class=\"has-text-align-right\" data-align=\"right\"><\/td><td class=\"has-text-align-center\" data-align=\"center\"><p class=\"has-small-font-size\">Celkem B\u0159ezen<\/p><\/td><td><\/td><td><p class=\"has-small-font-size\">70 km<\/p><\/td><td><\/td><\/tr><tr><td class=\"has-text-align-right\" data-align=\"right\"><\/td><td class=\"has-text-align-center\" data-align=\"center\"><\/td><td><\/td><td><\/td><td><\/td><\/tr><tr><td class=\"has-text-align-right\" data-align=\"right\"><\/td><td class=\"has-text-align-center\" data-align=\"center\"><strong><a href=\"https:\/\/mojevyslapy.betunak.cz\/?page_id=158\">Duben 2022<\/a><\/strong><\/td><td><\/td><td><\/td><td><\/td><\/tr><tr><td class=\"has-text-align-right\" data-align=\"right\">2.4.22<\/td><td class=\"has-text-align-center\" data-align=\"center\"><a href=\"https:\/\/mojevyslapy.betunak.cz\/?page_id=158\/#2.4.22\">Pindula \u2013 Ro\u017enov p.Radho\u0161t\u011bm<\/a><\/td><td><\/td><td><\/td><td>11,4 km<\/td><\/tr><tr><td class=\"has-text-align-right\" data-align=\"right\">17.4.22<\/td><td class=\"has-text-align-center\" data-align=\"center\"><a href=\"https:\/\/mojevyslapy.betunak.cz\/?page_id=158\/#17.4.22\">Ro\u017enov p.Radho\u0161t\u011bm &#8211; D\u00edly &#8211; Hradisko<\/a><\/td><td><\/td><td><\/td><td>15,7 km<\/td><\/tr><tr><td class=\"has-text-align-right\" data-align=\"right\">22.4.22<\/td><td class=\"has-text-align-center\" data-align=\"center\"><a href=\"https:\/\/mojevyslapy.betunak.cz\/?page_id=158\/#22.4.22\" data-type=\"URL\">Podhrad\u00ed &#8211; Hradec nad Moravic\u00ed<\/a><\/td><td><\/td><td><\/td><td>19,5 km<\/td><\/tr><tr><td class=\"has-text-align-right\" data-align=\"right\">30.4.22<\/td><td class=\"has-text-align-center\" data-align=\"center\"><a href=\"https:\/\/mojevyslapy.betunak.cz\/?page_id=158\/#30.4.22\">Pustevn\u00fd &#8211; \u010celadn\u00e1<\/a><\/td><td><\/td><td><\/td><td>18,5 km<\/td><\/tr><tr><td class=\"has-text-align-right\" data-align=\"right\"><\/td><td class=\"has-text-align-center\" data-align=\"center\"><p class=\"has-small-font-size\">Celkem Duben<\/p><\/td><td><\/td><td><p class=\"has-small-font-size\">65,1 km<\/p><\/td><td><\/td><\/tr><tr><td class=\"has-text-align-right\" data-align=\"right\"><\/td><td class=\"has-text-align-center\" data-align=\"center\"><\/td><td><\/td><td><\/td><td><\/td><\/tr><tr><td class=\"has-text-align-right\" data-align=\"right\"><\/td><td class=\"has-text-align-center\" data-align=\"center\"><strong><a href=\"https:\/\/mojevyslapy.betunak.cz\/?page_id=1333\">Kv\u011bten 2022<\/a><\/strong><\/td><td><\/td><td><\/td><td><\/td><\/tr><tr><td class=\"has-text-align-right\" data-align=\"right\">7.5.22<\/td><td class=\"has-text-align-center\" data-align=\"center\"><a href=\"https:\/\/mojevyslapy.betunak.cz\/?page_id=1333\/#7.5.22\">Bumb\u00e1lka &#8211; Km\u00ednek &#8211; Bumb\u00e1lka<\/a><\/td><td><\/td><td><\/td><td>13,8 km<\/td><\/tr><tr><td class=\"has-text-align-right\" data-align=\"right\">14.5.22<\/td><td class=\"has-text-align-center\" data-align=\"center\"><a href=\"https:\/\/mojevyslapy.betunak.cz\/?page_id=1333\/#14.5.22\">Ve\u0159ovice &#8211; Kamen\u00e1rka &#8211; Ro\u017enov p.R.<\/a><\/td><td><\/td><td><\/td><td>14,32 km<\/td><\/tr><tr><td class=\"has-text-align-right\" data-align=\"right\"><\/td><td class=\"has-text-align-center\" data-align=\"center\"><p class=\"has-small-font-size\">Celkem Kv\u011bten<\/p><\/td><td><\/td><td><p class=\"has-small-font-size\">28,12 km<\/p><\/td><td><\/td><\/tr><tr><td class=\"has-text-align-right\" data-align=\"right\"><\/td><td class=\"has-text-align-center\" data-align=\"center\"><\/td><td><\/td><td><\/td><td><\/td><\/tr><tr><td class=\"has-text-align-right\" data-align=\"right\"><\/td><td class=\"has-text-align-center\" data-align=\"center\"><a href=\"https:\/\/mojevyslapy.betunak.cz\/?page_id=703\"><strong>\u010cerven 2022<\/strong><\/a><\/td><td><\/td><td><\/td><td><\/td><\/tr><tr><td class=\"has-text-align-right\" data-align=\"right\">5.6.22<\/td><td class=\"has-text-align-center\" data-align=\"center\"><a href=\"https:\/\/mojevyslapy.betunak.cz\/?page_id=703\/#5.6.22\">Zd\u011bchov &#8211; Huslenky<\/a><\/td><td><\/td><td><\/td><td>18,6 km<\/td><\/tr><tr><td class=\"has-text-align-right\" data-align=\"right\">18.6.22<\/td><td class=\"has-text-align-center\" data-align=\"center\"><a href=\"https:\/\/mojevyslapy.betunak.cz\/?page_id=703\/#18.6.22\">Blatnica-Ostr\u00e1-Luben\u00e1-Tlst\u00e1-Blatnica<\/a><\/td><td><\/td><td><\/td><td>18,6 km<\/td><\/tr><tr><td class=\"has-text-align-right\" data-align=\"right\">22.6.22<\/td><td class=\"has-text-align-center\" data-align=\"center\"><a href=\"https:\/\/mojevyslapy.betunak.cz\/?page_id=703\/#22.6.22\">Neda\u0161ova Lhota -Vr\u0161atec -Sidonie<\/a><\/td><td><\/td><td><\/td><td>19,76 km<\/td><\/tr><tr><td class=\"has-text-align-right\" data-align=\"right\">25.6.22<\/td><td class=\"has-text-align-center\" data-align=\"center\"><a href=\"https:\/\/mojevyslapy.betunak.cz\/?page_id=703\/#25.6.22\">Kun\u010dice p.O-Jezev\u010d\u00ed stezka-Fr\u00fddlant n.O<\/a><\/td><td><\/td><td><\/td><td>13,51 km<\/td><\/tr><tr><td class=\"has-text-align-right\" data-align=\"right\"><\/td><td class=\"has-text-align-center\" data-align=\"center\"><p class=\"has-small-font-size\">Celkem \u010cerven<\/p><\/td><td><\/td><td><p class=\"has-small-font-size\">70,47 km<\/p><\/td><td><\/td><\/tr><tr><td class=\"has-text-align-right\" data-align=\"right\"><\/td><td class=\"has-text-align-center\" data-align=\"center\"><\/td><td><\/td><td><\/td><td><\/td><\/tr><tr><td class=\"has-text-align-right\" data-align=\"right\"><\/td><td class=\"has-text-align-center\" data-align=\"center\"><a href=\"https:\/\/mojevyslapy.betunak.cz\/?page_id=847\"><strong>\u010cervenec 2022<\/strong><\/a><\/td><td><\/td><td><\/td><td><\/td><\/tr><tr><td class=\"has-text-align-right\" data-align=\"right\">23.7.22<\/td><td class=\"has-text-align-center\" data-align=\"center\"><a href=\"https:\/\/mojevyslapy.betunak.cz\/?page_id=847\/#23.7.22\">\u0158eka-Mal\u00fd Javorov\u00fd-Ropice-\u0158eka<\/a><\/td><td><\/td><td><\/td><td>19,47 km<\/td><\/tr><tr><td class=\"has-text-align-right\" data-align=\"right\"><\/td><td class=\"has-text-align-center\" data-align=\"center\"><p class=\"has-small-font-size\">Celkem \u010cervenec<\/p><\/td><td><\/td><td><p class=\"has-small-font-size\">19,47 km<\/p><\/td><td><\/td><\/tr><tr><td class=\"has-text-align-right\" data-align=\"right\"><\/td><td class=\"has-text-align-center\" data-align=\"center\"><\/td><td><\/td><td><\/td><td><\/td><\/tr><tr><td class=\"has-text-align-right\" data-align=\"right\"><\/td><td class=\"has-text-align-center\" data-align=\"center\"><strong>Srpen 2022<\/strong><\/td><td><\/td><td><\/td><td><\/td><\/tr><tr><td class=\"has-text-align-right\" data-align=\"right\">7.8.22<\/td><td class=\"has-text-align-center\" data-align=\"center\"><a href=\"https:\/\/mojevyslapy.betunak.cz\/?page_id=2446\/#7.8.22\">Kvasice-Brdo-Velehrad-Kvasice<\/a><\/td><td><a rel=\"noreferrer noopener\" href=\"https:\/\/mojevyslapy.betunak.cz\/wp-content\/uploads\/2024\/04\/Kolo.ico\" target=\"_blank\"><img decoding=\"async\" style=\"width: 25px;\" src=\"https:\/\/mojevyslapy.betunak.cz\/wp-content\/uploads\/2024\/04\/Kolo.ico\" alt=\"\"><\/a><\/td><td><p class=\"has-small-font-size\"><span style=\"color: #ff00ff;\">60 km<\/span><\/p><\/td><td><span style=\"color: #ff00ff;\">60 km<\/span><\/td><\/tr><tr><td class=\"has-text-align-right\" data-align=\"right\"><\/td><td class=\"has-text-align-center\" data-align=\"center\"><p class=\"has-small-font-size\">Celkem kolo Srpen<\/p><\/td><td><\/td><td><p class=\"has-small-font-size\"><span style=\"color: #ff00ff;\">60 km<\/span><\/p><\/td><td><\/td><\/tr><tr><td class=\"has-text-align-right\" data-align=\"right\"><\/td><td class=\"has-text-align-center\" data-align=\"center\"><\/td><td><\/td><td><\/td><td><\/td><\/tr><tr><td class=\"has-text-align-right\" data-align=\"right\"><\/td><td class=\"has-text-align-center\" data-align=\"center\"><a href=\"https:\/\/mojevyslapy.betunak.cz\/?page_id=911\"><strong>Z\u00e1\u0159\u00ed 2022<\/strong><\/a><\/td><td><\/td><td><\/td><td><\/td><\/tr><tr><td class=\"has-text-align-right\" data-align=\"right\">3.9.22<\/td><td class=\"has-text-align-center\" data-align=\"center\"><a href=\"https:\/\/mojevyslapy.betunak.cz\/?page_id=911\/#3.9.22\">Fr\u00fddlant N.D\u011bdina-Luk\u0161inec-Ostravice<\/a><\/td><td><\/td><td><\/td><td>13,2 km<\/td><\/tr><tr><td class=\"has-text-align-right\" data-align=\"right\"><\/td><td class=\"has-text-align-center\" data-align=\"center\"><p class=\"has-small-font-size\">Celkem Z\u00e1\u0159\u00ed<\/p><\/td><td><\/td><td><p class=\"has-small-font-size\">13,2 km<\/p><\/td><td><\/td><\/tr><tr><td class=\"has-text-align-right\" data-align=\"right\"><\/td><td class=\"has-text-align-center\" data-align=\"center\"><\/td><td><\/td><td><\/td><td><\/td><\/tr><tr><td class=\"has-text-align-right\" data-align=\"right\"><\/td><td class=\"has-text-align-center\" data-align=\"center\"><strong><a href=\"https:\/\/mojevyslapy.betunak.cz\/?page_id=922\">Listopad 2022<\/a><\/strong><\/td><td><\/td><td><\/td><td><\/td><\/tr><tr><td class=\"has-text-align-right\" data-align=\"right\">6.11.22<\/td><td class=\"has-text-align-center\" data-align=\"center\"><a href=\"https:\/\/mojevyslapy.betunak.cz\/?page_id=922\/#6.11.22\">Prost\u0159edn\u00ed Be\u010dva-Milo\u0148ov\u00e1-Leskov\u00e9<\/a><\/td><td><\/td><td><\/td><td>14,56 km<\/td><\/tr><tr><td class=\"has-text-align-right\" data-align=\"right\">12.11.22<\/td><td class=\"has-text-align-center\" data-align=\"center\"><a href=\"https:\/\/mojevyslapy.betunak.cz\/?page_id=922\/#12.11.22\">Ostravice zast\u00e1vka-Satinsk\u00fd vodop\u00e1d-Fr\u00fddlant n.O.<\/a><\/td><td><\/td><td><\/td><td>13,88 km<\/td><\/tr><tr><td class=\"has-text-align-right\" data-align=\"right\">17.11.22<\/td><td class=\"has-text-align-center\" data-align=\"center\"><a href=\"https:\/\/mojevyslapy.betunak.cz\/?page_id=922\/#17.11.22\">Ostravice-Lys\u00e1 hora-Ostravice<\/a><\/td><td><\/td><td><\/td><td>18,13 km<\/td><\/tr><tr><td class=\"has-text-align-right\" data-align=\"right\">25.11.22<\/td><td class=\"has-text-align-center\" data-align=\"center\"><a href=\"https:\/\/mojevyslapy.betunak.cz\/?page_id=922\/#25.11.22\">Ve\u0159ovice-Javorn\u00edk-Ve\u0159ovice<\/a><\/td><td><\/td><td><\/td><td>9,56 km<\/td><\/tr><tr><td class=\"has-text-align-right\" data-align=\"right\">26.11.22 <\/td><td class=\"has-text-align-center\" data-align=\"center\"><a href=\"https:\/\/mojevyslapy.betunak.cz\/?page_id=922\/#26.11.22\">Fren\u0161t\u00e1t p.R- Radho\u0161\u0165 H\u0159eben-Doln\u00ed Be\u010dva<\/a><\/td><td><\/td><td><\/td><td>14,82 km<\/td><\/tr><tr><td class=\"has-text-align-right\" data-align=\"right\"><\/td><td class=\"has-text-align-center\" data-align=\"center\"><p class=\"has-small-font-size\">Celkem Listopad<\/p><\/td><td><\/td><td><p class=\"has-small-font-size\">70,95 km<\/p><\/td><td><\/td><\/tr><tr><td class=\"has-text-align-right\" data-align=\"right\"><\/td><td class=\"has-text-align-center\" data-align=\"center\"><\/td><td><\/td><td><\/td><td><\/td><\/tr><tr><td class=\"has-text-align-right\" data-align=\"right\"><\/td><td class=\"has-text-align-center\" data-align=\"center\"><strong><a href=\"https:\/\/mojevyslapy.betunak.cz\/?page_id=1231\">Prosinec 2022<\/a><\/strong><\/td><td><\/td><td><\/td><td><\/td><\/tr><tr><td class=\"has-text-align-right\" data-align=\"right\">31.12.22<\/td><td class=\"has-text-align-center\" data-align=\"center\"><a href=\"https:\/\/mojevyslapy.betunak.cz\/?page_id=1231\/#31.12.22\">Byst\u0159ice p.H-Host\u00fdn-Byst\u0159ice p.H.<\/a><\/td><td><\/td><td><\/td><td>10,1 km<\/td><\/tr><tr><td class=\"has-text-align-right\" data-align=\"right\"><\/td><td class=\"has-text-align-center\" data-align=\"center\"><p class=\"has-small-font-size\">Celkem Prosinec<\/p><\/td><td><\/td><td><p class=\"has-small-font-size\">10,1 km<\/p><\/td><td><\/td><\/tr><\/tbody><tfoot><tr><td class=\"has-text-align-right\" data-align=\"right\"><\/td><td class=\"has-text-align-center\" data-align=\"center\"><strong>Celkem rok<\/strong><\/td><td>&nbsp;&nbsp;&nbsp;&nbsp;&nbsp;<\/td><td>&nbsp;&nbsp;&nbsp;&nbsp;&nbsp;<\/td><td><strong>423,61km<\/strong><\/td><\/tr><\/tfoot><\/table><\/figure>\n","protected":false},"excerpt":{"rendered":"<p>Leden 2022&nbsp;15.1.22 Mo\u0159kov \u2013 \u0160tramberk 16,9 km 22.1.22 Du\u0161n\u00e1 \u2013 Halenkov 15,2 km Celkem Leden 32,1 km \u00danor 2022&nbsp;5.2.22 Lide\u010dko \u2013 Pul\u010diny \u2013 Horn\u00ed Lide\u010d 14 km 12.2.22 Kop\u0159ivnice \u2013 Fren\u0161t\u00e1t p.Radho\u0161t\u011bm 13,8 km 19.2.22 Kun\u010dice p.Ond\u0159ejn\u00edkem \u2013<\/p>\n","protected":false},"author":1,"featured_media":0,"parent":0,"menu_order":0,"comment_status":"closed","ping_status":"closed","template":"","meta":{"ngg_post_thumbnail":0,"footnotes":""},"class_list":["post-150","page","type-page","status-publish","hentry"],"jetpack_sharing_enabled":true,"_links":{"self":[{"href":"https:\/\/mojevyslapy.betunak.cz\/index.php?rest_route=\/wp\/v2\/pages\/150","targetHints":{"allow":["GET"]}}],"collection":[{"href":"https:\/\/mojevyslapy.betunak.cz\/index.php?rest_route=\/wp\/v2\/pages"}],"about":[{"href":"https:\/\/mojevyslapy.betunak.cz\/index.php?rest_route=\/wp\/v2\/types\/page"}],"author":[{"embeddable":true,"href":"https:\/\/mojevyslapy.betunak.cz\/index.php?rest_route=\/wp\/v2\/users\/1"}],"replies":[{"embeddable":true,"href":"https:\/\/mojevyslapy.betunak.cz\/index.php?rest_route=%2Fwp%2Fv2%2Fcomments&post=150"}],"version-history":[{"count":0,"href":"https:\/\/mojevyslapy.betunak.cz\/index.php?rest_route=\/wp\/v2\/pages\/150\/revisions"}],"wp:attachment":[{"href":"https:\/\/mojevyslapy.betunak.cz\/index.php?rest_route=%2Fwp%2Fv2%2Fmedia&parent=150"}],"curies":[{"name":"wp","href":"https:\/\/api.w.org\/{rel}","templated":true}]}}