{"id":154,"date":"2022-04-22T06:45:15","date_gmt":"2022-04-22T05:45:15","guid":{"rendered":"http:\/\/mojevyslapy.betunak.cz\/?page_id=154"},"modified":"2023-01-08T13:06:20","modified_gmt":"2023-01-08T12:06:20","slug":"unor-2022","status":"publish","type":"page","link":"https:\/\/mojevyslapy.betunak.cz\/?page_id=154","title":{"rendered":"\u00danor 2022"},"content":{"rendered":"\n<p><\/p>\n\n\n<div class=\"wp-block-image\">\n<figure class=\"alignright size-full is-resized\"><a href=\"https:\/\/mapy.cz\/s\/hahanagaga\" target=\"_blank\" rel=\"noreferrer noopener\"><img loading=\"lazy\" decoding=\"async\" src=\"https:\/\/mojevyslapy.betunak.cz\/wp-content\/uploads\/2023\/01\/Pulciny.jpg\" alt=\"\" class=\"wp-image-1160\" width=\"97\" height=\"123\" srcset=\"https:\/\/mojevyslapy.betunak.cz\/wp-content\/uploads\/2023\/01\/Pulciny.jpg 375w, https:\/\/mojevyslapy.betunak.cz\/wp-content\/uploads\/2023\/01\/Pulciny-235x300.jpg 235w\" sizes=\"auto, (max-width: 97px) 100vw, 97px\" \/><\/a><\/figure><\/div>\n\n<p><span id=\"5.2.22\" class=\"sta-anchor \" aria-hidden=\"true\"><\/span>5.2.2022 Lide\u010dko \u2013 Pul\u010diny \u2013 Horn\u00ed Lide\u010d<br \/>\n14 km<br \/>\nngg_shortcode_0_placeholder<\/p>\n\n\n<div class=\"wp-block-image\">\n<figure class=\"alignright size-full is-resized\"><a href=\"https:\/\/mapy.cz\/s\/nulelusevu\" target=\"_blank\" rel=\"noreferrer noopener\"><img loading=\"lazy\" decoding=\"async\" src=\"https:\/\/mojevyslapy.betunak.cz\/wp-content\/uploads\/2023\/01\/Kopr-Frenstat.jpg\" alt=\"\" class=\"wp-image-1162\" width=\"100\" height=\"110\" srcset=\"https:\/\/mojevyslapy.betunak.cz\/wp-content\/uploads\/2023\/01\/Kopr-Frenstat.jpg 524w, https:\/\/mojevyslapy.betunak.cz\/wp-content\/uploads\/2023\/01\/Kopr-Frenstat-273x300.jpg 273w\" sizes=\"auto, (max-width: 100px) 100vw, 100px\" \/><\/a><\/figure><\/div>\n\n<p><span id=\"12.2.22\" class=\"sta-anchor \" aria-hidden=\"true\"><\/span>12.2.2022 Kop\u0159ivnice \u2013 Fren\u0161t\u00e1t p.Radho\u0161t\u011bm<br \/>\n13,8 km<br \/>\nngg_shortcode_1_placeholder<\/p>\n\n\n<div class=\"wp-block-image\">\n<figure class=\"alignright size-full is-resized\"><a href=\"https:\/\/mapy.cz\/s\/jokubejove\" target=\"_blank\" rel=\"noreferrer noopener\"><img loading=\"lazy\" decoding=\"async\" src=\"https:\/\/mojevyslapy.betunak.cz\/wp-content\/uploads\/2023\/01\/Kuncice-Pr.Becva_.jpg\" alt=\"\" class=\"wp-image-1164\" width=\"82\" height=\"136\" srcset=\"https:\/\/mojevyslapy.betunak.cz\/wp-content\/uploads\/2023\/01\/Kuncice-Pr.Becva_.jpg 329w, https:\/\/mojevyslapy.betunak.cz\/wp-content\/uploads\/2023\/01\/Kuncice-Pr.Becva_-180x300.jpg 180w\" sizes=\"auto, (max-width: 82px) 100vw, 82px\" \/><\/a><\/figure><\/div>\n\n<p><span id=\"19.2.22\" class=\"sta-anchor \" aria-hidden=\"true\"><\/span>19.2.2022 Kun\u010dice p.Ond\u0159ejn\u00edkem \u2013 Prost\u0159edn\u00ed Be\u010dva<br \/>\n16,3 km<br \/>\nngg_shortcode_2_placeholder<\/p>\n\n\n\n<p><\/p>\n","protected":false},"excerpt":{"rendered":"","protected":false},"author":1,"featured_media":0,"parent":0,"menu_order":0,"comment_status":"closed","ping_status":"closed","template":"","meta":{"ngg_post_thumbnail":0,"footnotes":""},"class_list":["post-154","page","type-page","status-publish","hentry"],"jetpack_sharing_enabled":true,"_links":{"self":[{"href":"https:\/\/mojevyslapy.betunak.cz\/index.php?rest_route=\/wp\/v2\/pages\/154","targetHints":{"allow":["GET"]}}],"collection":[{"href":"https:\/\/mojevyslapy.betunak.cz\/index.php?rest_route=\/wp\/v2\/pages"}],"about":[{"href":"https:\/\/mojevyslapy.betunak.cz\/index.php?rest_route=\/wp\/v2\/types\/page"}],"author":[{"embeddable":true,"href":"https:\/\/mojevyslapy.betunak.cz\/index.php?rest_route=\/wp\/v2\/users\/1"}],"replies":[{"embeddable":true,"href":"https:\/\/mojevyslapy.betunak.cz\/index.php?rest_route=%2Fwp%2Fv2%2Fcomments&post=154"}],"version-history":[{"count":0,"href":"https:\/\/mojevyslapy.betunak.cz\/index.php?rest_route=\/wp\/v2\/pages\/154\/revisions"}],"wp:attachment":[{"href":"https:\/\/mojevyslapy.betunak.cz\/index.php?rest_route=%2Fwp%2Fv2%2Fmedia&parent=154"}],"curies":[{"name":"wp","href":"https:\/\/api.w.org\/{rel}","templated":true}]}}