{"id":158,"date":"2022-04-22T06:45:47","date_gmt":"2022-04-22T05:45:47","guid":{"rendered":"http:\/\/mojevyslapy.betunak.cz\/?page_id=158"},"modified":"2023-04-02T10:35:11","modified_gmt":"2023-04-02T09:35:11","slug":"duben-2022","status":"publish","type":"page","link":"https:\/\/mojevyslapy.betunak.cz\/?page_id=158","title":{"rendered":"Duben 2022"},"content":{"rendered":"<div class=\"wp-block-image\">\n<figure class=\"alignright size-full is-resized\"><a href=\"https:\/\/mapy.cz\/s\/jodutulahe\" target=\"_blank\" rel=\"noreferrer noopener\"><img loading=\"lazy\" decoding=\"async\" src=\"https:\/\/mojevyslapy.betunak.cz\/wp-content\/uploads\/2023\/01\/Pindula-Roznov.jpg\" alt=\"\" class=\"wp-image-1188\" width=\"85\" height=\"116\" srcset=\"https:\/\/mojevyslapy.betunak.cz\/wp-content\/uploads\/2023\/01\/Pindula-Roznov.jpg 414w, https:\/\/mojevyslapy.betunak.cz\/wp-content\/uploads\/2023\/01\/Pindula-Roznov-219x300.jpg 219w\" sizes=\"auto, (max-width: 85px) 100vw, 85px\" \/><\/a><\/figure><\/div>\n\n<p><span id=\"2.4.22\" class=\"sta-anchor \" aria-hidden=\"true\"><\/span>2.4.2022 Pindula \u2013 Ro\u017enov p.Radho\u0161t\u011bm<br \/>\n11,4 km<br \/>\nngg_shortcode_0_placeholder<\/p>\n\n\n<div class=\"wp-block-image\">\n<figure class=\"alignright size-full is-resized\"><a href=\"https:\/\/mapy.cz\/s\/nevujupuzu\" target=\"_blank\" rel=\"noreferrer noopener\"><img loading=\"lazy\" decoding=\"async\" src=\"https:\/\/mojevyslapy.betunak.cz\/wp-content\/uploads\/2023\/01\/Dily.jpg\" alt=\"\" class=\"wp-image-1190\" width=\"78\" height=\"125\" srcset=\"https:\/\/mojevyslapy.betunak.cz\/wp-content\/uploads\/2023\/01\/Dily.jpg 281w, https:\/\/mojevyslapy.betunak.cz\/wp-content\/uploads\/2023\/01\/Dily-187x300.jpg 187w\" sizes=\"auto, (max-width: 78px) 100vw, 78px\" \/><\/a><\/figure><\/div>\n\n<p><span id=\"17.4.22\" class=\"sta-anchor \" aria-hidden=\"true\"><\/span>17.4.2022 Ro\u017enov p.Radho\u0161t\u011bm \u2013 D\u00edly \u2013 Hradisko<br \/>\n15,7 km<br \/>\nngg_shortcode_1_placeholder<\/p>\n\n\n<div class=\"wp-block-image\">\n<figure class=\"alignright size-full is-resized\"><a href=\"https:\/\/mapy.cz\/s\/ceparebozo\" target=\"_blank\" rel=\"noreferrer noopener\"><img loading=\"lazy\" decoding=\"async\" src=\"https:\/\/mojevyslapy.betunak.cz\/wp-content\/uploads\/2023\/01\/Vystrizek-mapa.jpg\" alt=\"\" class=\"wp-image-1193\" width=\"129\" height=\"124\" srcset=\"https:\/\/mojevyslapy.betunak.cz\/wp-content\/uploads\/2023\/01\/Vystrizek-mapa.jpg 721w, https:\/\/mojevyslapy.betunak.cz\/wp-content\/uploads\/2023\/01\/Vystrizek-mapa-300x287.jpg 300w\" sizes=\"auto, (max-width: 129px) 100vw, 129px\" \/><\/a><\/figure><\/div>\n\n<p><span id=\"22.4.22\" class=\"sta-anchor \" aria-hidden=\"true\"><\/span>22.4.2022 Podhrad\u00ed \u2013 Hradec nad Moravic\u00ed<br \/>\n19,5 km<br \/>\nngg_shortcode_2_placeholder<\/p>\n\n\n<div class=\"wp-block-image\">\n<figure class=\"alignright size-full is-resized\"><a href=\"https:\/\/mapy.cz\/s\/nohobavule\" target=\"_blank\" rel=\"noreferrer noopener\"><img loading=\"lazy\" decoding=\"async\" src=\"https:\/\/mojevyslapy.betunak.cz\/wp-content\/uploads\/2023\/01\/Pustevny.jpg\" alt=\"\" class=\"wp-image-1196\" width=\"99\" height=\"115\" srcset=\"https:\/\/mojevyslapy.betunak.cz\/wp-content\/uploads\/2023\/01\/Pustevny.jpg 576w, https:\/\/mojevyslapy.betunak.cz\/wp-content\/uploads\/2023\/01\/Pustevny-260x300.jpg 260w\" sizes=\"auto, (max-width: 99px) 100vw, 99px\" \/><\/a><\/figure><\/div>\n\n<p><span id=\"30.4.22\" class=\"sta-anchor \" aria-hidden=\"true\"><\/span>30.4.2022 Pustevny \u2013 \u010celadn\u00e1<br \/>\n18,5 km<br \/>\nngg_shortcode_3_placeholder<\/p>\n","protected":false},"excerpt":{"rendered":"","protected":false},"author":1,"featured_media":0,"parent":0,"menu_order":0,"comment_status":"closed","ping_status":"closed","template":"","meta":{"ngg_post_thumbnail":0,"footnotes":""},"class_list":["post-158","page","type-page","status-publish","hentry"],"jetpack_sharing_enabled":true,"_links":{"self":[{"href":"https:\/\/mojevyslapy.betunak.cz\/index.php?rest_route=\/wp\/v2\/pages\/158","targetHints":{"allow":["GET"]}}],"collection":[{"href":"https:\/\/mojevyslapy.betunak.cz\/index.php?rest_route=\/wp\/v2\/pages"}],"about":[{"href":"https:\/\/mojevyslapy.betunak.cz\/index.php?rest_route=\/wp\/v2\/types\/page"}],"author":[{"embeddable":true,"href":"https:\/\/mojevyslapy.betunak.cz\/index.php?rest_route=\/wp\/v2\/users\/1"}],"replies":[{"embeddable":true,"href":"https:\/\/mojevyslapy.betunak.cz\/index.php?rest_route=%2Fwp%2Fv2%2Fcomments&post=158"}],"version-history":[{"count":0,"href":"https:\/\/mojevyslapy.betunak.cz\/index.php?rest_route=\/wp\/v2\/pages\/158\/revisions"}],"wp:attachment":[{"href":"https:\/\/mojevyslapy.betunak.cz\/index.php?rest_route=%2Fwp%2Fv2%2Fmedia&parent=158"}],"curies":[{"name":"wp","href":"https:\/\/api.w.org\/{rel}","templated":true}]}}