{"id":1701,"date":"2023-04-02T09:55:50","date_gmt":"2023-04-02T08:55:50","guid":{"rendered":"https:\/\/mojevyslapy.betunak.cz\/?page_id=1701"},"modified":"2023-04-17T17:21:54","modified_gmt":"2023-04-17T16:21:54","slug":"duben-2023","status":"publish","type":"page","link":"https:\/\/mojevyslapy.betunak.cz\/?page_id=1701","title":{"rendered":"Duben 2023"},"content":{"rendered":"<div class=\"wp-block-image\">\n<figure class=\"alignright size-full is-resized\"><a href=\"https:\/\/mapy.cz\/s\/gusudovulu\" target=\"_blank\" rel=\"noreferrer noopener\"><img loading=\"lazy\" decoding=\"async\" src=\"https:\/\/mojevyslapy.betunak.cz\/wp-content\/uploads\/2023\/04\/Mapa.jpg\" alt=\"\" class=\"wp-image-1709\" width=\"105\" height=\"177\" srcset=\"https:\/\/mojevyslapy.betunak.cz\/wp-content\/uploads\/2023\/04\/Mapa.jpg 426w, https:\/\/mojevyslapy.betunak.cz\/wp-content\/uploads\/2023\/04\/Mapa-178x300.jpg 178w\" sizes=\"auto, (max-width: 105px) 100vw, 105px\" \/><\/a><\/figure><\/div>\n\n<p><span id=\"1.4.23\" class=\"sta-anchor \" aria-hidden=\"true\"><\/span>1.4.2023&nbsp;H.lide\u010d &#8211; La\u010dnov &#8211; Lu\u017en\u00e1 u Vset\u00edna<br \/>\n12,5 km<br \/>\nngg_shortcode_0_placeholder<\/p>\n\n\n<div class=\"wp-block-image\">\n<figure class=\"alignright size-full is-resized\"><a href=\"https:\/\/mapy.cz\/s\/bezababoza\" target=\"_blank\" rel=\"noreferrer noopener\"><img loading=\"lazy\" decoding=\"async\" src=\"https:\/\/mojevyslapy.betunak.cz\/wp-content\/uploads\/2023\/04\/Mapa-1.jpg\" alt=\"\" class=\"wp-image-1744\" width=\"119\" height=\"107\" srcset=\"https:\/\/mojevyslapy.betunak.cz\/wp-content\/uploads\/2023\/04\/Mapa-1.jpg 713w, https:\/\/mojevyslapy.betunak.cz\/wp-content\/uploads\/2023\/04\/Mapa-1-300x269.jpg 300w\" sizes=\"auto, (max-width: 119px) 100vw, 119px\" \/><\/a><\/figure><\/div>\n\n<p><span id=\"15.4.23\" class=\"sta-anchor \" aria-hidden=\"true\"><\/span>15.4.2023 Valmez &#8211; Pod Dubem &#8211; Valmez<br \/>\n11 km<br \/>\nngg_shortcode_1_placeholder<\/p>\n","protected":false},"excerpt":{"rendered":"","protected":false},"author":1,"featured_media":0,"parent":0,"menu_order":0,"comment_status":"closed","ping_status":"closed","template":"","meta":{"ngg_post_thumbnail":0,"footnotes":""},"class_list":["post-1701","page","type-page","status-publish","hentry"],"jetpack_sharing_enabled":true,"_links":{"self":[{"href":"https:\/\/mojevyslapy.betunak.cz\/index.php?rest_route=\/wp\/v2\/pages\/1701","targetHints":{"allow":["GET"]}}],"collection":[{"href":"https:\/\/mojevyslapy.betunak.cz\/index.php?rest_route=\/wp\/v2\/pages"}],"about":[{"href":"https:\/\/mojevyslapy.betunak.cz\/index.php?rest_route=\/wp\/v2\/types\/page"}],"author":[{"embeddable":true,"href":"https:\/\/mojevyslapy.betunak.cz\/index.php?rest_route=\/wp\/v2\/users\/1"}],"replies":[{"embeddable":true,"href":"https:\/\/mojevyslapy.betunak.cz\/index.php?rest_route=%2Fwp%2Fv2%2Fcomments&post=1701"}],"version-history":[{"count":0,"href":"https:\/\/mojevyslapy.betunak.cz\/index.php?rest_route=\/wp\/v2\/pages\/1701\/revisions"}],"wp:attachment":[{"href":"https:\/\/mojevyslapy.betunak.cz\/index.php?rest_route=%2Fwp%2Fv2%2Fmedia&parent=1701"}],"curies":[{"name":"wp","href":"https:\/\/api.w.org\/{rel}","templated":true}]}}