{"id":1759,"date":"2023-05-07T10:32:03","date_gmt":"2023-05-07T09:32:03","guid":{"rendered":"https:\/\/mojevyslapy.betunak.cz\/?page_id=1759"},"modified":"2024-05-10T08:00:23","modified_gmt":"2024-05-10T07:00:23","slug":"kveten-2023","status":"publish","type":"page","link":"https:\/\/mojevyslapy.betunak.cz\/?page_id=1759","title":{"rendered":"Kv\u011bten 2023"},"content":{"rendered":"<div class=\"wp-block-image\">\n<figure class=\"alignright size-full is-resized\"><a href=\"https:\/\/mapy.cz\/s\/padegejute\" target=\"_blank\" rel=\"noreferrer noopener\"><img loading=\"lazy\" decoding=\"async\" width=\"414\" height=\"603\" src=\"https:\/\/mojevyslapy.betunak.cz\/wp-content\/uploads\/2023\/05\/Mapa.jpg\" alt=\"\" class=\"wp-image-1763\" style=\"width:137px;height:199px\" srcset=\"https:\/\/mojevyslapy.betunak.cz\/wp-content\/uploads\/2023\/05\/Mapa.jpg 414w, https:\/\/mojevyslapy.betunak.cz\/wp-content\/uploads\/2023\/05\/Mapa-206x300.jpg 206w\" sizes=\"auto, (max-width: 414px) 100vw, 414px\" \/><\/a><\/figure><\/div>\n\n<p><span id=\"6.5.23\" class=\"sta-anchor \" aria-hidden=\"true\"><\/span>6.5.2023 Mnichov\u00e1 Lehota &#8211; chata pod Ostr\u00fdm &#8211; Soblahov<br \/>\n12,8 km<br \/>\nngg_shortcode_0_placeholder<\/p>\n\n\n<div class=\"wp-block-image\">\n<figure class=\"alignright size-full is-resized\"><a href=\"https:\/\/mapy.cz\/s\/jemegazamo\" target=\"_blank\" rel=\"noreferrer noopener\"><img loading=\"lazy\" decoding=\"async\" width=\"532\" height=\"562\" src=\"https:\/\/mojevyslapy.betunak.cz\/wp-content\/uploads\/2024\/05\/Mapa-1.jpg\" alt=\"\" class=\"wp-image-2558\" style=\"aspect-ratio:0.9466192170818505;width:144px;height:auto\" srcset=\"https:\/\/mojevyslapy.betunak.cz\/wp-content\/uploads\/2024\/05\/Mapa-1.jpg 532w, https:\/\/mojevyslapy.betunak.cz\/wp-content\/uploads\/2024\/05\/Mapa-1-284x300.jpg 284w\" sizes=\"auto, (max-width: 532px) 100vw, 532px\" \/><\/a><\/figure><\/div>\n\n<p><span id=\"13.5.23\" class=\"sta-anchor \" aria-hidden=\"true\"><\/span>13.5.2023 Luha\u010dovice<br \/>\n13,1 km<br \/>\nngg_shortcode_1_placeholder<\/p>\n\n\n<div class=\"wp-block-image\">\n<figure class=\"alignright size-full is-resized\"><a href=\"https:\/\/mapy.cz\/s\/namalamopu\" target=\"_blank\" rel=\"noreferrer noopener\"><img loading=\"lazy\" decoding=\"async\" width=\"646\" height=\"280\" src=\"https:\/\/mojevyslapy.betunak.cz\/wp-content\/uploads\/2024\/05\/Mapa-2.jpg\" alt=\"\" class=\"wp-image-2562\" style=\"aspect-ratio:2.307142857142857;width:240px;height:auto\" srcset=\"https:\/\/mojevyslapy.betunak.cz\/wp-content\/uploads\/2024\/05\/Mapa-2.jpg 646w, https:\/\/mojevyslapy.betunak.cz\/wp-content\/uploads\/2024\/05\/Mapa-2-300x130.jpg 300w\" sizes=\"auto, (max-width: 646px) 100vw, 646px\" \/><\/a><\/figure><\/div>\n\n<p><span id=\"27.5.23\" class=\"sta-anchor \" aria-hidden=\"true\"><\/span>27.5.2023 Mlade\u010dsk\u00e9 jeskyn\u011b &#8211; B\u00edl\u00e1 Lhota<br \/>\n5,2 km<br \/>\nngg_shortcode_2_placeholder<\/p>\n","protected":false},"excerpt":{"rendered":"","protected":false},"author":1,"featured_media":0,"parent":0,"menu_order":0,"comment_status":"closed","ping_status":"closed","template":"","meta":{"ngg_post_thumbnail":0,"footnotes":""},"class_list":["post-1759","page","type-page","status-publish","hentry"],"jetpack_sharing_enabled":true,"_links":{"self":[{"href":"https:\/\/mojevyslapy.betunak.cz\/index.php?rest_route=\/wp\/v2\/pages\/1759","targetHints":{"allow":["GET"]}}],"collection":[{"href":"https:\/\/mojevyslapy.betunak.cz\/index.php?rest_route=\/wp\/v2\/pages"}],"about":[{"href":"https:\/\/mojevyslapy.betunak.cz\/index.php?rest_route=\/wp\/v2\/types\/page"}],"author":[{"embeddable":true,"href":"https:\/\/mojevyslapy.betunak.cz\/index.php?rest_route=\/wp\/v2\/users\/1"}],"replies":[{"embeddable":true,"href":"https:\/\/mojevyslapy.betunak.cz\/index.php?rest_route=%2Fwp%2Fv2%2Fcomments&post=1759"}],"version-history":[{"count":0,"href":"https:\/\/mojevyslapy.betunak.cz\/index.php?rest_route=\/wp\/v2\/pages\/1759\/revisions"}],"wp:attachment":[{"href":"https:\/\/mojevyslapy.betunak.cz\/index.php?rest_route=%2Fwp%2Fv2%2Fmedia&parent=1759"}],"curies":[{"name":"wp","href":"https:\/\/api.w.org\/{rel}","templated":true}]}}