{"id":1801,"date":"2023-09-02T17:02:17","date_gmt":"2023-09-02T16:02:17","guid":{"rendered":"https:\/\/mojevyslapy.betunak.cz\/?page_id=1801"},"modified":"2023-09-02T17:07:13","modified_gmt":"2023-09-02T16:07:13","slug":"zari-2023","status":"publish","type":"page","link":"https:\/\/mojevyslapy.betunak.cz\/?page_id=1801","title":{"rendered":"Z\u00e1\u0159\u00ed 2023"},"content":{"rendered":"<div class=\"wp-block-image\">\n<figure class=\"alignright size-full is-resized\"><a href=\"https:\/\/mapy.cz\/s\/cavohovalu\" target=\"_blank\" rel=\"noreferrer noopener\"><img loading=\"lazy\" decoding=\"async\" src=\"https:\/\/mojevyslapy.betunak.cz\/wp-content\/uploads\/2023\/09\/Mapa.jpg\" alt=\"\" class=\"wp-image-1805\" style=\"width:141px;height:184px\" width=\"141\" height=\"184\" srcset=\"https:\/\/mojevyslapy.betunak.cz\/wp-content\/uploads\/2023\/09\/Mapa.jpg 420w, https:\/\/mojevyslapy.betunak.cz\/wp-content\/uploads\/2023\/09\/Mapa-230x300.jpg 230w\" sizes=\"auto, (max-width: 141px) 100vw, 141px\" \/><\/a><\/figure><\/div>\n\n<p><span id=\"2.9.23\" class=\"sta-anchor \" aria-hidden=\"true\"><\/span>2.9.2023 Pindula &#8211; Javorn\u00edk &#8211; Fren\u0161t\u00e1t p.R.<br \/>\n10,9 km<br \/>\nngg_shortcode_0_placeholder<\/p>\n","protected":false},"excerpt":{"rendered":"","protected":false},"author":1,"featured_media":0,"parent":0,"menu_order":0,"comment_status":"closed","ping_status":"closed","template":"","meta":{"ngg_post_thumbnail":0,"footnotes":""},"class_list":["post-1801","page","type-page","status-publish","hentry"],"jetpack_sharing_enabled":true,"_links":{"self":[{"href":"https:\/\/mojevyslapy.betunak.cz\/index.php?rest_route=\/wp\/v2\/pages\/1801","targetHints":{"allow":["GET"]}}],"collection":[{"href":"https:\/\/mojevyslapy.betunak.cz\/index.php?rest_route=\/wp\/v2\/pages"}],"about":[{"href":"https:\/\/mojevyslapy.betunak.cz\/index.php?rest_route=\/wp\/v2\/types\/page"}],"author":[{"embeddable":true,"href":"https:\/\/mojevyslapy.betunak.cz\/index.php?rest_route=\/wp\/v2\/users\/1"}],"replies":[{"embeddable":true,"href":"https:\/\/mojevyslapy.betunak.cz\/index.php?rest_route=%2Fwp%2Fv2%2Fcomments&post=1801"}],"version-history":[{"count":0,"href":"https:\/\/mojevyslapy.betunak.cz\/index.php?rest_route=\/wp\/v2\/pages\/1801\/revisions"}],"wp:attachment":[{"href":"https:\/\/mojevyslapy.betunak.cz\/index.php?rest_route=%2Fwp%2Fv2%2Fmedia&parent=1801"}],"curies":[{"name":"wp","href":"https:\/\/api.w.org\/{rel}","templated":true}]}}