{"id":1897,"date":"2023-12-16T16:25:03","date_gmt":"2023-12-16T15:25:03","guid":{"rendered":"https:\/\/mojevyslapy.betunak.cz\/?page_id=1897"},"modified":"2023-12-31T16:15:20","modified_gmt":"2023-12-31T15:15:20","slug":"prosinec-2023","status":"publish","type":"page","link":"https:\/\/mojevyslapy.betunak.cz\/?page_id=1897","title":{"rendered":"Prosinec 2023"},"content":{"rendered":"<div class=\"wp-block-image\">\n<figure class=\"alignright size-full is-resized\"><a href=\"https:\/\/mapy.cz\/s\/fafenodezo\" target=\"_blank\" rel=\"noreferrer noopener\"><img loading=\"lazy\" decoding=\"async\" width=\"585\" height=\"591\" src=\"https:\/\/mojevyslapy.betunak.cz\/wp-content\/uploads\/2023\/12\/Mapa.jpg\" alt=\"\" class=\"wp-image-1937\" style=\"aspect-ratio:0.9898477157360406;width:160px;height:auto\" srcset=\"https:\/\/mojevyslapy.betunak.cz\/wp-content\/uploads\/2023\/12\/Mapa.jpg 585w, https:\/\/mojevyslapy.betunak.cz\/wp-content\/uploads\/2023\/12\/Mapa-297x300.jpg 297w\" sizes=\"auto, (max-width: 585px) 100vw, 585px\" \/><\/a><\/figure><\/div>\n\n<p><span id=\"16.12.23\" class=\"sta-anchor \" aria-hidden=\"true\"><\/span>16.12.2023 \u00dast\u00ed u Vs. &#8211; Filka &#8211; Hov\u011bz\u00ed<br \/>\n14 km<br \/>\nngg_shortcode_0_placeholder<\/p>\n\n\n<div class=\"wp-block-image\">\n<figure class=\"alignright size-full is-resized\"><a href=\"http:\/\/mojevyslapy.betunak.cz\/wp-content\/uploads\/2023\/12\/Mapa-3.jpg\" target=\"_blank\" rel=\"noreferrer noopener\"><img loading=\"lazy\" decoding=\"async\" width=\"402\" height=\"584\" src=\"https:\/\/mojevyslapy.betunak.cz\/wp-content\/uploads\/2023\/12\/Mapa-3.jpg\" alt=\"\" class=\"wp-image-1997\" style=\"aspect-ratio:0.6883561643835616;width:135px;height:auto\" srcset=\"https:\/\/mojevyslapy.betunak.cz\/wp-content\/uploads\/2023\/12\/Mapa-3.jpg 402w, https:\/\/mojevyslapy.betunak.cz\/wp-content\/uploads\/2023\/12\/Mapa-3-207x300.jpg 207w\" sizes=\"auto, (max-width: 402px) 100vw, 402px\" \/><\/a><\/figure><\/div>\n\n<p><span id=\"31.12.23\" class=\"sta-anchor \" aria-hidden=\"true\"><\/span>31.12.2023 Okolo Svat\u00e9ho Kope\u010dka<br \/>\n9 km<br \/>\nngg_shortcode_1_placeholder<\/p>\n","protected":false},"excerpt":{"rendered":"","protected":false},"author":1,"featured_media":0,"parent":0,"menu_order":0,"comment_status":"closed","ping_status":"closed","template":"","meta":{"ngg_post_thumbnail":0,"footnotes":""},"class_list":["post-1897","page","type-page","status-publish","hentry"],"jetpack_sharing_enabled":true,"_links":{"self":[{"href":"https:\/\/mojevyslapy.betunak.cz\/index.php?rest_route=\/wp\/v2\/pages\/1897","targetHints":{"allow":["GET"]}}],"collection":[{"href":"https:\/\/mojevyslapy.betunak.cz\/index.php?rest_route=\/wp\/v2\/pages"}],"about":[{"href":"https:\/\/mojevyslapy.betunak.cz\/index.php?rest_route=\/wp\/v2\/types\/page"}],"author":[{"embeddable":true,"href":"https:\/\/mojevyslapy.betunak.cz\/index.php?rest_route=\/wp\/v2\/users\/1"}],"replies":[{"embeddable":true,"href":"https:\/\/mojevyslapy.betunak.cz\/index.php?rest_route=%2Fwp%2Fv2%2Fcomments&post=1897"}],"version-history":[{"count":0,"href":"https:\/\/mojevyslapy.betunak.cz\/index.php?rest_route=\/wp\/v2\/pages\/1897\/revisions"}],"wp:attachment":[{"href":"https:\/\/mojevyslapy.betunak.cz\/index.php?rest_route=%2Fwp%2Fv2%2Fmedia&parent=1897"}],"curies":[{"name":"wp","href":"https:\/\/api.w.org\/{rel}","templated":true}]}}