{"id":2153,"date":"2024-02-03T20:01:06","date_gmt":"2024-02-03T19:01:06","guid":{"rendered":"https:\/\/mojevyslapy.betunak.cz\/?page_id=2153"},"modified":"2024-02-24T16:07:34","modified_gmt":"2024-02-24T15:07:34","slug":"unor-2024","status":"publish","type":"page","link":"https:\/\/mojevyslapy.betunak.cz\/?page_id=2153","title":{"rendered":"\u00danor 2024"},"content":{"rendered":"<div class=\"wp-block-image\">\n<figure class=\"alignright size-full is-resized\"><a href=\"https:\/\/mapy.cz\/s\/codecunamu\" target=\"_blank\" rel=\"noreferrer noopener\"><img loading=\"lazy\" decoding=\"async\" width=\"603\" height=\"635\" src=\"https:\/\/mojevyslapy.betunak.cz\/wp-content\/uploads\/2024\/02\/Mapa.png\" alt=\"\" class=\"wp-image-2157\" style=\"aspect-ratio:0.9496062992125984;width:191px;height:auto\" srcset=\"https:\/\/mojevyslapy.betunak.cz\/wp-content\/uploads\/2024\/02\/Mapa.png 603w, https:\/\/mojevyslapy.betunak.cz\/wp-content\/uploads\/2024\/02\/Mapa-285x300.png 285w\" sizes=\"auto, (max-width: 603px) 100vw, 603px\" \/><\/a><\/figure><\/div>\n\n<p><span id=\"3.2.24\" class=\"sta-anchor \" aria-hidden=\"true\"><\/span>3.2.2024 Byst\u0159i\u010dka-Za\u0161ov\u00e1<br \/>\n14 km<br \/>\nngg_shortcode_0_placeholder<\/p>\n\n\n<div class=\"wp-block-image\">\n<figure class=\"alignright size-full is-resized\"><a href=\"https:\/\/mapy.cz\/s\/jojagesomu\" target=\"_blank\" rel=\"noreferrer noopener\"><img loading=\"lazy\" decoding=\"async\" width=\"431\" height=\"600\" src=\"https:\/\/mojevyslapy.betunak.cz\/wp-content\/uploads\/2024\/02\/Mapa-1.png\" alt=\"\" class=\"wp-image-2182\" style=\"aspect-ratio:0.7183333333333334;width:156px;height:auto\" srcset=\"https:\/\/mojevyslapy.betunak.cz\/wp-content\/uploads\/2024\/02\/Mapa-1.png 431w, https:\/\/mojevyslapy.betunak.cz\/wp-content\/uploads\/2024\/02\/Mapa-1-216x300.png 216w\" sizes=\"auto, (max-width: 431px) 100vw, 431px\" \/><\/a><\/figure><\/div>\n\n<p><span id=\"17.2.24\" class=\"sta-anchor \" aria-hidden=\"true\"><\/span>17.2.2024 Fr\u00fddlant n.O.-Kun\u010dice p.O.<br \/>\n10,14 km<br \/>\nngg_shortcode_1_placeholder<\/p>\n\n\n<div class=\"wp-block-image\">\n<figure class=\"alignright size-full is-resized\"><a href=\"https:\/\/mapy.cz\/s\/rodoguvago\" target=\"_blank\" rel=\"noreferrer noopener\"><img loading=\"lazy\" decoding=\"async\" width=\"658\" height=\"708\" src=\"https:\/\/mojevyslapy.betunak.cz\/wp-content\/uploads\/2024\/02\/Mapa-2.png\" alt=\"\" class=\"wp-image-2190\" style=\"aspect-ratio:0.9293785310734464;width:166px;height:auto\" srcset=\"https:\/\/mojevyslapy.betunak.cz\/wp-content\/uploads\/2024\/02\/Mapa-2.png 658w, https:\/\/mojevyslapy.betunak.cz\/wp-content\/uploads\/2024\/02\/Mapa-2-279x300.png 279w\" sizes=\"auto, (max-width: 658px) 100vw, 658px\" \/><\/a><\/figure><\/div>\n\n<p><span id=\"24.2.24\" class=\"sta-anchor \" aria-hidden=\"true\"><\/span>24.2.2024 Horn\u00ed Be\u010dva-Skura\u010dena-Horn\u00ed Be\u010dva<br \/>\n12,5 km<br \/>\nngg_shortcode_2_placeholder<\/p>\n","protected":false},"excerpt":{"rendered":"","protected":false},"author":1,"featured_media":0,"parent":0,"menu_order":0,"comment_status":"closed","ping_status":"closed","template":"","meta":{"ngg_post_thumbnail":0,"footnotes":""},"class_list":["post-2153","page","type-page","status-publish","hentry"],"jetpack_sharing_enabled":true,"_links":{"self":[{"href":"https:\/\/mojevyslapy.betunak.cz\/index.php?rest_route=\/wp\/v2\/pages\/2153","targetHints":{"allow":["GET"]}}],"collection":[{"href":"https:\/\/mojevyslapy.betunak.cz\/index.php?rest_route=\/wp\/v2\/pages"}],"about":[{"href":"https:\/\/mojevyslapy.betunak.cz\/index.php?rest_route=\/wp\/v2\/types\/page"}],"author":[{"embeddable":true,"href":"https:\/\/mojevyslapy.betunak.cz\/index.php?rest_route=\/wp\/v2\/users\/1"}],"replies":[{"embeddable":true,"href":"https:\/\/mojevyslapy.betunak.cz\/index.php?rest_route=%2Fwp%2Fv2%2Fcomments&post=2153"}],"version-history":[{"count":0,"href":"https:\/\/mojevyslapy.betunak.cz\/index.php?rest_route=\/wp\/v2\/pages\/2153\/revisions"}],"wp:attachment":[{"href":"https:\/\/mojevyslapy.betunak.cz\/index.php?rest_route=%2Fwp%2Fv2%2Fmedia&parent=2153"}],"curies":[{"name":"wp","href":"https:\/\/api.w.org\/{rel}","templated":true}]}}