{"id":2254,"date":"2024-03-09T17:16:01","date_gmt":"2024-03-09T16:16:01","guid":{"rendered":"https:\/\/mojevyslapy.betunak.cz\/?page_id=2254"},"modified":"2024-03-23T21:04:06","modified_gmt":"2024-03-23T20:04:06","slug":"brezen-2024","status":"publish","type":"page","link":"https:\/\/mojevyslapy.betunak.cz\/?page_id=2254","title":{"rendered":"B\u0159ezen 2024"},"content":{"rendered":"<div class=\"wp-block-image\">\n<figure class=\"alignright size-full is-resized\"><a href=\"https:\/\/mapy.cz\/s\/menafemope\" target=\"_blank\" rel=\"noreferrer noopener\"><img loading=\"lazy\" decoding=\"async\" width=\"618\" height=\"742\" src=\"http:\/\/mojevyslapy.betunak.cz\/wp-content\/uploads\/2024\/03\/Mapa.png\" alt=\"\" class=\"wp-image-2259\" style=\"aspect-ratio:0.8328840970350404;width:196px;height:auto\" srcset=\"https:\/\/mojevyslapy.betunak.cz\/wp-content\/uploads\/2024\/03\/Mapa.png 618w, https:\/\/mojevyslapy.betunak.cz\/wp-content\/uploads\/2024\/03\/Mapa-250x300.png 250w\" sizes=\"auto, (max-width: 618px) 100vw, 618px\" \/><\/a><\/figure><\/div>\n\n<p><span id=\"9.3.24\" class=\"sta-anchor \" aria-hidden=\"true\"><\/span>9.3.2024 P\u0159erovsk\u00e1 pades\u00e1tka<br \/>\n13 km<br \/>\nngg_shortcode_0_placeholder<\/p>\n\n\n<div class=\"wp-block-image\">\n<figure class=\"alignright size-full is-resized\"><a href=\"https:\/\/mapy.cz\/s\/lanorazede\" target=\"_blank\" rel=\"noreferrer noopener\"><img loading=\"lazy\" decoding=\"async\" width=\"412\" height=\"579\" src=\"https:\/\/mojevyslapy.betunak.cz\/wp-content\/uploads\/2024\/03\/Mapa-1.png\" alt=\"\" class=\"wp-image-2275\" style=\"aspect-ratio:0.7115716753022453;width:122px;height:auto\" srcset=\"https:\/\/mojevyslapy.betunak.cz\/wp-content\/uploads\/2024\/03\/Mapa-1.png 412w, https:\/\/mojevyslapy.betunak.cz\/wp-content\/uploads\/2024\/03\/Mapa-1-213x300.png 213w\" sizes=\"auto, (max-width: 412px) 100vw, 412px\" \/><\/a><\/figure><\/div>\n\n<p><span id=\"16.3.24\" class=\"sta-anchor \" aria-hidden=\"true\"><\/span>16.3.2024 Val.Mez.- Hosta\u0161ovice<br \/>\n9 km<br \/>\nngg_shortcode_1_placeholder<\/p>\n\n\n<div class=\"wp-block-image\">\n<figure class=\"alignright size-full is-resized\"><a href=\"https:\/\/mapy.cz\/s\/hovazukevo\" target=\"_blank\" rel=\"noreferrer noopener\"><img loading=\"lazy\" decoding=\"async\" width=\"371\" height=\"531\" src=\"https:\/\/mojevyslapy.betunak.cz\/wp-content\/uploads\/2024\/03\/Mapa.jpg\" alt=\"\" class=\"wp-image-2308\" style=\"aspect-ratio:0.6986817325800376;width:110px;height:auto\" srcset=\"https:\/\/mojevyslapy.betunak.cz\/wp-content\/uploads\/2024\/03\/Mapa.jpg 371w, https:\/\/mojevyslapy.betunak.cz\/wp-content\/uploads\/2024\/03\/Mapa-210x300.jpg 210w\" sizes=\"auto, (max-width: 371px) 100vw, 371px\" \/><\/a><\/figure><\/div>\n\n<p><span id=\"23.3.24\" class=\"sta-anchor \" aria-hidden=\"true\"><\/span>23.3.2024 Vizovice &#8211; rozhledna Doubrava &#8211; Vizovice<br \/>\n16,5 km<br \/>\nngg_shortcode_2_placeholder<\/p>\n","protected":false},"excerpt":{"rendered":"","protected":false},"author":1,"featured_media":0,"parent":0,"menu_order":0,"comment_status":"closed","ping_status":"closed","template":"","meta":{"ngg_post_thumbnail":0,"footnotes":""},"class_list":["post-2254","page","type-page","status-publish","hentry"],"jetpack_sharing_enabled":true,"_links":{"self":[{"href":"https:\/\/mojevyslapy.betunak.cz\/index.php?rest_route=\/wp\/v2\/pages\/2254","targetHints":{"allow":["GET"]}}],"collection":[{"href":"https:\/\/mojevyslapy.betunak.cz\/index.php?rest_route=\/wp\/v2\/pages"}],"about":[{"href":"https:\/\/mojevyslapy.betunak.cz\/index.php?rest_route=\/wp\/v2\/types\/page"}],"author":[{"embeddable":true,"href":"https:\/\/mojevyslapy.betunak.cz\/index.php?rest_route=\/wp\/v2\/users\/1"}],"replies":[{"embeddable":true,"href":"https:\/\/mojevyslapy.betunak.cz\/index.php?rest_route=%2Fwp%2Fv2%2Fcomments&post=2254"}],"version-history":[{"count":0,"href":"https:\/\/mojevyslapy.betunak.cz\/index.php?rest_route=\/wp\/v2\/pages\/2254\/revisions"}],"wp:attachment":[{"href":"https:\/\/mojevyslapy.betunak.cz\/index.php?rest_route=%2Fwp%2Fv2%2Fmedia&parent=2254"}],"curies":[{"name":"wp","href":"https:\/\/api.w.org\/{rel}","templated":true}]}}