{"id":2366,"date":"2024-04-06T12:50:29","date_gmt":"2024-04-06T11:50:29","guid":{"rendered":"https:\/\/mojevyslapy.betunak.cz\/?page_id=2366"},"modified":"2024-04-06T12:59:43","modified_gmt":"2024-04-06T11:59:43","slug":"duben-2024","status":"publish","type":"page","link":"https:\/\/mojevyslapy.betunak.cz\/?page_id=2366","title":{"rendered":"Duben 2024"},"content":{"rendered":"<div class=\"wp-block-image\">\n<figure class=\"alignright size-full is-resized\"><a href=\"https:\/\/mapy.cz\/s\/netesunore\" target=\"_blank\" rel=\"noreferrer noopener\"><img loading=\"lazy\" decoding=\"async\" width=\"460\" height=\"583\" src=\"https:\/\/mojevyslapy.betunak.cz\/wp-content\/uploads\/2024\/04\/mapa.jpg\" alt=\"\" class=\"wp-image-2392\" style=\"aspect-ratio:0.7890222984562607;width:114px;height:auto\" srcset=\"https:\/\/mojevyslapy.betunak.cz\/wp-content\/uploads\/2024\/04\/mapa.jpg 460w, https:\/\/mojevyslapy.betunak.cz\/wp-content\/uploads\/2024\/04\/mapa-237x300.jpg 237w\" sizes=\"auto, (max-width: 460px) 100vw, 460px\" \/><\/a><\/figure><\/div>\n\n<p><span id=\"6.4.24\" class=\"sta-anchor \" aria-hidden=\"true\"><\/span>6.4.2024 Byst\u0159i\u010dka &#8211; Mal\u00e1 Lhota &#8211; VM<br \/>\n10,2 km<br \/>\nngg_shortcode_0_placeholder<\/p>\n","protected":false},"excerpt":{"rendered":"","protected":false},"author":1,"featured_media":0,"parent":0,"menu_order":0,"comment_status":"closed","ping_status":"closed","template":"","meta":{"ngg_post_thumbnail":0,"footnotes":""},"class_list":["post-2366","page","type-page","status-publish","hentry"],"jetpack_sharing_enabled":true,"_links":{"self":[{"href":"https:\/\/mojevyslapy.betunak.cz\/index.php?rest_route=\/wp\/v2\/pages\/2366","targetHints":{"allow":["GET"]}}],"collection":[{"href":"https:\/\/mojevyslapy.betunak.cz\/index.php?rest_route=\/wp\/v2\/pages"}],"about":[{"href":"https:\/\/mojevyslapy.betunak.cz\/index.php?rest_route=\/wp\/v2\/types\/page"}],"author":[{"embeddable":true,"href":"https:\/\/mojevyslapy.betunak.cz\/index.php?rest_route=\/wp\/v2\/users\/1"}],"replies":[{"embeddable":true,"href":"https:\/\/mojevyslapy.betunak.cz\/index.php?rest_route=%2Fwp%2Fv2%2Fcomments&post=2366"}],"version-history":[{"count":0,"href":"https:\/\/mojevyslapy.betunak.cz\/index.php?rest_route=\/wp\/v2\/pages\/2366\/revisions"}],"wp:attachment":[{"href":"https:\/\/mojevyslapy.betunak.cz\/index.php?rest_route=%2Fwp%2Fv2%2Fmedia&parent=2366"}],"curies":[{"name":"wp","href":"https:\/\/api.w.org\/{rel}","templated":true}]}}