{"id":2542,"date":"2024-05-04T17:12:24","date_gmt":"2024-05-04T16:12:24","guid":{"rendered":"https:\/\/mojevyslapy.betunak.cz\/?page_id=2542"},"modified":"2024-05-11T17:56:10","modified_gmt":"2024-05-11T16:56:10","slug":"kveten-2024","status":"publish","type":"page","link":"https:\/\/mojevyslapy.betunak.cz\/?page_id=2542","title":{"rendered":"Kv\u011bten 2024"},"content":{"rendered":"<div class=\"wp-block-image\">\n<figure class=\"alignright size-full is-resized\"><a href=\"https:\/\/mapy.cz\/s\/latucorace\" target=\"_blank\" rel=\"noreferrer noopener\"><img loading=\"lazy\" decoding=\"async\" width=\"371\" height=\"571\" src=\"https:\/\/mojevyslapy.betunak.cz\/wp-content\/uploads\/2024\/05\/Mapa.jpg\" alt=\"\" class=\"wp-image-2544\" style=\"aspect-ratio:0.649737302977233;width:127px;height:auto\" srcset=\"https:\/\/mojevyslapy.betunak.cz\/wp-content\/uploads\/2024\/05\/Mapa.jpg 371w, https:\/\/mojevyslapy.betunak.cz\/wp-content\/uploads\/2024\/05\/Mapa-195x300.jpg 195w\" sizes=\"auto, (max-width: 371px) 100vw, 371px\" \/><\/a><\/figure><\/div>\n\n<p><span id=\"4.5.24\" class=\"sta-anchor \" aria-hidden=\"true\"><\/span>4.5.2024 Brumov \u017est &#8211; Jelenovsk\u00e1 &#8211; Vala\u0161sk\u00e9 Klobouky \u017est<br \/>\n14 km<br \/>\nngg_shortcode_0_placeholder<\/p>\n\n\n<div class=\"wp-block-image\">\n<figure class=\"alignright size-full is-resized\"><a href=\"https:\/\/mapy.cz\/s\/fubemekaze\" target=\"_blank\" rel=\"noreferrer noopener\"><img loading=\"lazy\" decoding=\"async\" width=\"628\" height=\"637\" src=\"https:\/\/mojevyslapy.betunak.cz\/wp-content\/uploads\/2024\/05\/Mapa-3.jpg\" alt=\"\" class=\"wp-image-2609\" style=\"aspect-ratio:0.9858712715855573;width:139px;height:auto\" srcset=\"https:\/\/mojevyslapy.betunak.cz\/wp-content\/uploads\/2024\/05\/Mapa-3.jpg 628w, https:\/\/mojevyslapy.betunak.cz\/wp-content\/uploads\/2024\/05\/Mapa-3-296x300.jpg 296w\" sizes=\"auto, (max-width: 628px) 100vw, 628px\" \/><\/a><\/figure><\/div>\n\n<p><span id=\"11.5.24\" class=\"sta-anchor \" aria-hidden=\"true\"><\/span>11.5.2024 Luha\u010dovice<br \/>\n11,2 km<br \/>\nngg_shortcode_1_placeholder<\/p>\n","protected":false},"excerpt":{"rendered":"","protected":false},"author":1,"featured_media":0,"parent":0,"menu_order":0,"comment_status":"closed","ping_status":"closed","template":"","meta":{"ngg_post_thumbnail":0,"footnotes":""},"class_list":["post-2542","page","type-page","status-publish","hentry"],"jetpack_sharing_enabled":true,"_links":{"self":[{"href":"https:\/\/mojevyslapy.betunak.cz\/index.php?rest_route=\/wp\/v2\/pages\/2542","targetHints":{"allow":["GET"]}}],"collection":[{"href":"https:\/\/mojevyslapy.betunak.cz\/index.php?rest_route=\/wp\/v2\/pages"}],"about":[{"href":"https:\/\/mojevyslapy.betunak.cz\/index.php?rest_route=\/wp\/v2\/types\/page"}],"author":[{"embeddable":true,"href":"https:\/\/mojevyslapy.betunak.cz\/index.php?rest_route=\/wp\/v2\/users\/1"}],"replies":[{"embeddable":true,"href":"https:\/\/mojevyslapy.betunak.cz\/index.php?rest_route=%2Fwp%2Fv2%2Fcomments&post=2542"}],"version-history":[{"count":0,"href":"https:\/\/mojevyslapy.betunak.cz\/index.php?rest_route=\/wp\/v2\/pages\/2542\/revisions"}],"wp:attachment":[{"href":"https:\/\/mojevyslapy.betunak.cz\/index.php?rest_route=%2Fwp%2Fv2%2Fmedia&parent=2542"}],"curies":[{"name":"wp","href":"https:\/\/api.w.org\/{rel}","templated":true}]}}