{"id":2628,"date":"2024-05-18T16:46:45","date_gmt":"2024-05-18T15:46:45","guid":{"rendered":"https:\/\/mojevyslapy.betunak.cz\/?page_id=2628"},"modified":"2024-05-18T16:53:20","modified_gmt":"2024-05-18T15:53:20","slug":"cyklo-kveten-2024","status":"publish","type":"page","link":"https:\/\/mojevyslapy.betunak.cz\/?page_id=2628","title":{"rendered":"Cyklo Kv\u011bten 2024"},"content":{"rendered":"<div class=\"wp-block-image\">\n<figure class=\"alignright size-full is-resized\"><a href=\"https:\/\/mapy.cz\/s\/dudemocele\" target=\"_blank\" rel=\"noreferrer noopener\"><img loading=\"lazy\" decoding=\"async\" width=\"1020\" height=\"762\" src=\"https:\/\/mojevyslapy.betunak.cz\/wp-content\/uploads\/2024\/05\/Mapa-4.jpg\" alt=\"\" class=\"wp-image-2631\" style=\"aspect-ratio:1.3385826771653544;width:151px;height:auto\" srcset=\"https:\/\/mojevyslapy.betunak.cz\/wp-content\/uploads\/2024\/05\/Mapa-4.jpg 1020w, https:\/\/mojevyslapy.betunak.cz\/wp-content\/uploads\/2024\/05\/Mapa-4-300x224.jpg 300w, https:\/\/mojevyslapy.betunak.cz\/wp-content\/uploads\/2024\/05\/Mapa-4-768x574.jpg 768w\" sizes=\"auto, (max-width: 1020px) 100vw, 1020px\" \/><\/a><\/figure><\/div>\n\n<p><span id=\"18.5.24\" class=\"sta-anchor \" aria-hidden=\"true\"><\/span>18.5.2024 Poli\u010dn\u00e1 &#8211; Skali\u010dka &#8211; Poli\u010dn\u00e1<br \/>\n38,5 km<br \/>\nngg_shortcode_0_placeholder<\/p>\n","protected":false},"excerpt":{"rendered":"","protected":false},"author":1,"featured_media":0,"parent":0,"menu_order":0,"comment_status":"closed","ping_status":"closed","template":"","meta":{"ngg_post_thumbnail":0,"footnotes":""},"class_list":["post-2628","page","type-page","status-publish","hentry"],"jetpack_sharing_enabled":true,"_links":{"self":[{"href":"https:\/\/mojevyslapy.betunak.cz\/index.php?rest_route=\/wp\/v2\/pages\/2628","targetHints":{"allow":["GET"]}}],"collection":[{"href":"https:\/\/mojevyslapy.betunak.cz\/index.php?rest_route=\/wp\/v2\/pages"}],"about":[{"href":"https:\/\/mojevyslapy.betunak.cz\/index.php?rest_route=\/wp\/v2\/types\/page"}],"author":[{"embeddable":true,"href":"https:\/\/mojevyslapy.betunak.cz\/index.php?rest_route=\/wp\/v2\/users\/1"}],"replies":[{"embeddable":true,"href":"https:\/\/mojevyslapy.betunak.cz\/index.php?rest_route=%2Fwp%2Fv2%2Fcomments&post=2628"}],"version-history":[{"count":0,"href":"https:\/\/mojevyslapy.betunak.cz\/index.php?rest_route=\/wp\/v2\/pages\/2628\/revisions"}],"wp:attachment":[{"href":"https:\/\/mojevyslapy.betunak.cz\/index.php?rest_route=%2Fwp%2Fv2%2Fmedia&parent=2628"}],"curies":[{"name":"wp","href":"https:\/\/api.w.org\/{rel}","templated":true}]}}