{"id":2678,"date":"2024-07-12T12:48:19","date_gmt":"2024-07-12T11:48:19","guid":{"rendered":"https:\/\/mojevyslapy.betunak.cz\/?page_id=2678"},"modified":"2024-07-12T12:54:42","modified_gmt":"2024-07-12T11:54:42","slug":"cervenec-2024","status":"publish","type":"page","link":"https:\/\/mojevyslapy.betunak.cz\/?page_id=2678","title":{"rendered":"\u010cervenec 2024"},"content":{"rendered":"<div class=\"wp-block-image\">\n<figure class=\"alignright size-full is-resized\"><a href=\"https:\/\/mapy.cz\/s\/gofovedepu\" target=\"_blank\" rel=\"noreferrer noopener\"><img loading=\"lazy\" decoding=\"async\" width=\"474\" height=\"515\" src=\"https:\/\/mojevyslapy.betunak.cz\/wp-content\/uploads\/2024\/07\/Mapa.jpg\" alt=\"\" class=\"wp-image-2684\" style=\"aspect-ratio:0.920388349514563;width:142px;height:auto\" srcset=\"https:\/\/mojevyslapy.betunak.cz\/wp-content\/uploads\/2024\/07\/Mapa.jpg 474w, https:\/\/mojevyslapy.betunak.cz\/wp-content\/uploads\/2024\/07\/Mapa-276x300.jpg 276w\" sizes=\"auto, (max-width: 474px) 100vw, 474px\" \/><\/a><\/figure><\/div>\n\n<p><span id=\"12.7.24\" class=\"sta-anchor \" aria-hidden=\"true\"><\/span>12.7.2024 Ve\u0159ovice &#8211; V.Javorn\u00edk &#8211; Ve\u0159ovice<br \/>\n12 km<br \/>\nngg_shortcode_0_placeholder<\/p>\n","protected":false},"excerpt":{"rendered":"","protected":false},"author":1,"featured_media":0,"parent":0,"menu_order":0,"comment_status":"closed","ping_status":"closed","template":"","meta":{"ngg_post_thumbnail":0,"footnotes":""},"class_list":["post-2678","page","type-page","status-publish","hentry"],"jetpack_sharing_enabled":true,"_links":{"self":[{"href":"https:\/\/mojevyslapy.betunak.cz\/index.php?rest_route=\/wp\/v2\/pages\/2678","targetHints":{"allow":["GET"]}}],"collection":[{"href":"https:\/\/mojevyslapy.betunak.cz\/index.php?rest_route=\/wp\/v2\/pages"}],"about":[{"href":"https:\/\/mojevyslapy.betunak.cz\/index.php?rest_route=\/wp\/v2\/types\/page"}],"author":[{"embeddable":true,"href":"https:\/\/mojevyslapy.betunak.cz\/index.php?rest_route=\/wp\/v2\/users\/1"}],"replies":[{"embeddable":true,"href":"https:\/\/mojevyslapy.betunak.cz\/index.php?rest_route=%2Fwp%2Fv2%2Fcomments&post=2678"}],"version-history":[{"count":0,"href":"https:\/\/mojevyslapy.betunak.cz\/index.php?rest_route=\/wp\/v2\/pages\/2678\/revisions"}],"wp:attachment":[{"href":"https:\/\/mojevyslapy.betunak.cz\/index.php?rest_route=%2Fwp%2Fv2%2Fmedia&parent=2678"}],"curies":[{"name":"wp","href":"https:\/\/api.w.org\/{rel}","templated":true}]}}