{"id":2726,"date":"2024-09-28T18:15:45","date_gmt":"2024-09-28T17:15:45","guid":{"rendered":"https:\/\/mojevyslapy.betunak.cz\/?page_id=2726"},"modified":"2024-10-16T08:28:24","modified_gmt":"2024-10-16T07:28:24","slug":"zari-2024","status":"publish","type":"page","link":"https:\/\/mojevyslapy.betunak.cz\/?page_id=2726","title":{"rendered":"Z\u00e1\u0159\u00ed 2024"},"content":{"rendered":"<div class=\"wp-block-image\">\n<figure class=\"alignright size-full is-resized\"><a href=\"https:\/\/mapy.cz\/s\/hezohojeba\" target=\"_blank\" rel=\"noreferrer noopener\"><img loading=\"lazy\" decoding=\"async\" width=\"753\" height=\"771\" src=\"https:\/\/mojevyslapy.betunak.cz\/wp-content\/uploads\/2024\/10\/Mapa-1.jpg\" alt=\"\" class=\"wp-image-2780\" style=\"width:126px;height:auto\" srcset=\"https:\/\/mojevyslapy.betunak.cz\/wp-content\/uploads\/2024\/10\/Mapa-1.jpg 753w, https:\/\/mojevyslapy.betunak.cz\/wp-content\/uploads\/2024\/10\/Mapa-1-293x300.jpg 293w\" sizes=\"auto, (max-width: 753px) 100vw, 753px\" \/><\/a><\/figure><\/div>\n\n<p><span id=\"28.9.24\" class=\"sta-anchor \" aria-hidden=\"true\"><\/span>28.9.2024 Hlavat\u00e1 &#8211; Kladnat\u00e1 &#8211; Marti\u0148\u00e1k &#8211; Pustevny<br \/>\n18 km<br \/>\nngg_shortcode_0_placeholder<\/p>\n","protected":false},"excerpt":{"rendered":"","protected":false},"author":1,"featured_media":0,"parent":0,"menu_order":0,"comment_status":"closed","ping_status":"closed","template":"","meta":{"ngg_post_thumbnail":0,"footnotes":""},"class_list":["post-2726","page","type-page","status-publish","hentry"],"jetpack_sharing_enabled":true,"_links":{"self":[{"href":"https:\/\/mojevyslapy.betunak.cz\/index.php?rest_route=\/wp\/v2\/pages\/2726","targetHints":{"allow":["GET"]}}],"collection":[{"href":"https:\/\/mojevyslapy.betunak.cz\/index.php?rest_route=\/wp\/v2\/pages"}],"about":[{"href":"https:\/\/mojevyslapy.betunak.cz\/index.php?rest_route=\/wp\/v2\/types\/page"}],"author":[{"embeddable":true,"href":"https:\/\/mojevyslapy.betunak.cz\/index.php?rest_route=\/wp\/v2\/users\/1"}],"replies":[{"embeddable":true,"href":"https:\/\/mojevyslapy.betunak.cz\/index.php?rest_route=%2Fwp%2Fv2%2Fcomments&post=2726"}],"version-history":[{"count":0,"href":"https:\/\/mojevyslapy.betunak.cz\/index.php?rest_route=\/wp\/v2\/pages\/2726\/revisions"}],"wp:attachment":[{"href":"https:\/\/mojevyslapy.betunak.cz\/index.php?rest_route=%2Fwp%2Fv2%2Fmedia&parent=2726"}],"curies":[{"name":"wp","href":"https:\/\/api.w.org\/{rel}","templated":true}]}}