{"id":2734,"date":"2024-10-16T07:59:31","date_gmt":"2024-10-16T06:59:31","guid":{"rendered":"https:\/\/mojevyslapy.betunak.cz\/?page_id=2734"},"modified":"2024-10-29T11:28:49","modified_gmt":"2024-10-29T10:28:49","slug":"rijen-2024","status":"publish","type":"page","link":"https:\/\/mojevyslapy.betunak.cz\/?page_id=2734","title":{"rendered":"\u0158\u00edjen 2024"},"content":{"rendered":"<div class=\"wp-block-image\">\n<figure class=\"alignright size-full is-resized\"><a href=\"https:\/\/mapy.cz\/s\/gobovafahe\" target=\"_blank\" rel=\"noreferrer noopener\"><img loading=\"lazy\" decoding=\"async\" width=\"478\" height=\"745\" src=\"https:\/\/mojevyslapy.betunak.cz\/wp-content\/uploads\/2024\/10\/Mapa.jpg\" alt=\"\" class=\"wp-image-2776\" style=\"width:93px;height:auto\" srcset=\"https:\/\/mojevyslapy.betunak.cz\/wp-content\/uploads\/2024\/10\/Mapa.jpg 478w, https:\/\/mojevyslapy.betunak.cz\/wp-content\/uploads\/2024\/10\/Mapa-192x300.jpg 192w\" sizes=\"auto, (max-width: 478px) 100vw, 478px\" \/><\/a><\/figure><\/div>\n\n<p><span id=\"12.10.24\" class=\"sta-anchor \" aria-hidden=\"true\"><\/span>12.10.2024 \u010cervenohorsk\u00e9 sedlo &#8211; Keprn\u00edk &#8211; Kouty n. Desnou<br \/>\n17,2 km<br \/>\nngg_shortcode_0_placeholder<\/p>\n\n\n<div class=\"wp-block-image\">\n<figure class=\"alignright size-full is-resized\"><a href=\"https:\/\/mapy.cz\/s\/burelabuvo\" target=\"_blank\" rel=\"noreferrer noopener\"><img loading=\"lazy\" decoding=\"async\" width=\"620\" height=\"892\" src=\"https:\/\/mojevyslapy.betunak.cz\/wp-content\/uploads\/2024\/10\/Mapa-2.jpg\" alt=\"\" class=\"wp-image-2815\" style=\"width:99px;height:auto\" srcset=\"https:\/\/mojevyslapy.betunak.cz\/wp-content\/uploads\/2024\/10\/Mapa-2.jpg 620w, https:\/\/mojevyslapy.betunak.cz\/wp-content\/uploads\/2024\/10\/Mapa-2-209x300.jpg 209w\" sizes=\"auto, (max-width: 620px) 100vw, 620px\" \/><\/a><\/figure><\/div>\n\n<p><span id=\"19.10.24\" class=\"sta-anchor \" aria-hidden=\"true\"><\/span>19.10.2024 Branky \u017eel.st. \u2013 L\u00edpa u Mrnu\u0161t\u00edk\u016f \u2013 Chata u Broni<br \/>\n9,7 km<br \/>\nngg_shortcode_1_placeholder<\/p>\n\n\n<div class=\"wp-block-image\">\n<figure class=\"alignright size-full is-resized\"><a href=\"https:\/\/mapy.cz\/s\/kotadacuza\" target=\"_blank\" rel=\"noreferrer noopener\"><img loading=\"lazy\" decoding=\"async\" width=\"294\" height=\"597\" src=\"https:\/\/mojevyslapy.betunak.cz\/wp-content\/uploads\/2024\/10\/Mapa-3.jpg\" alt=\"\" class=\"wp-image-2842\" style=\"width:74px;height:auto\" srcset=\"https:\/\/mojevyslapy.betunak.cz\/wp-content\/uploads\/2024\/10\/Mapa-3.jpg 294w, https:\/\/mojevyslapy.betunak.cz\/wp-content\/uploads\/2024\/10\/Mapa-3-148x300.jpg 148w\" sizes=\"auto, (max-width: 294px) 100vw, 294px\" \/><\/a><\/figure><\/div>\n\n<p><span id=\"25.10.24\" class=\"sta-anchor \" aria-hidden=\"true\"><\/span>25.10.2024 Sloup &#8211; Skaln\u00ed Ml\u00fdn &#8211; skl\u00edpek<br \/>\n13,2 km<br \/>\nngg_shortcode_2_placeholder<\/p>\n\n\n<div class=\"wp-block-image\">\n<figure class=\"alignright size-full is-resized\"><a href=\"https:\/\/mapy.cz\/s\/refedocepa\" target=\"_blank\" rel=\"noreferrer noopener\"><img loading=\"lazy\" decoding=\"async\" width=\"361\" height=\"773\" src=\"https:\/\/mojevyslapy.betunak.cz\/wp-content\/uploads\/2024\/10\/Mapa-7.jpg\" alt=\"\" class=\"wp-image-2848\" style=\"width:71px;height:auto\" srcset=\"https:\/\/mojevyslapy.betunak.cz\/wp-content\/uploads\/2024\/10\/Mapa-7.jpg 361w, https:\/\/mojevyslapy.betunak.cz\/wp-content\/uploads\/2024\/10\/Mapa-7-140x300.jpg 140w\" sizes=\"auto, (max-width: 361px) 100vw, 361px\" \/><\/a><\/figure><\/div>\n\n<p><span id=\"26.10.24\" class=\"sta-anchor \" aria-hidden=\"true\"><\/span>26.10.2024 Pavlov &#8211; Mikulov<br \/>\n12 km<br \/>\nngg_shortcode_3_placeholder<\/p>\n\n\n<div class=\"wp-block-image\">\n<figure class=\"alignright size-full is-resized\"><a href=\"https:\/\/mapy.cz\/s\/muratupuke\" target=\"_blank\" rel=\"noreferrer noopener\"><img loading=\"lazy\" decoding=\"async\" width=\"435\" height=\"405\" src=\"https:\/\/mojevyslapy.betunak.cz\/wp-content\/uploads\/2024\/10\/Mapa-6.jpg\" alt=\"\" class=\"wp-image-2847\" style=\"width:151px;height:auto\" srcset=\"https:\/\/mojevyslapy.betunak.cz\/wp-content\/uploads\/2024\/10\/Mapa-6.jpg 435w, https:\/\/mojevyslapy.betunak.cz\/wp-content\/uploads\/2024\/10\/Mapa-6-300x279.jpg 300w\" sizes=\"auto, (max-width: 435px) 100vw, 435px\" \/><\/a><\/figure><\/div>\n\n<p><span id=\"27.10.24\" class=\"sta-anchor \" aria-hidden=\"true\"><\/span>27.10.2024 Hohe Wand parkovi\u0161t\u011b &#8211; Hochkogelhaus &#8211; zp\u011bt<br \/>\n8 km<br \/>\nngg_shortcode_4_placeholder<\/p>\n\n\n<div class=\"wp-block-image\">\n<figure class=\"alignright size-full is-resized\"><a href=\"https:\/\/mapy.cz\/s\/fededomopo\" target=\"_blank\" rel=\"noreferrer noopener\"><img loading=\"lazy\" decoding=\"async\" width=\"456\" height=\"792\" src=\"https:\/\/mojevyslapy.betunak.cz\/wp-content\/uploads\/2024\/10\/Mapa-4.jpg\" alt=\"\" class=\"wp-image-2844\" style=\"width:107px;height:auto\" srcset=\"https:\/\/mojevyslapy.betunak.cz\/wp-content\/uploads\/2024\/10\/Mapa-4.jpg 456w, https:\/\/mojevyslapy.betunak.cz\/wp-content\/uploads\/2024\/10\/Mapa-4-173x300.jpg 173w\" sizes=\"auto, (max-width: 456px) 100vw, 456px\" \/><\/a><\/figure><\/div>\n\n<p><span id=\"28.10.24\" class=\"sta-anchor \" aria-hidden=\"true\"><\/span>28.10.2024 Lednice &#8211; T\u0159i gr\u00e1cie &#8211; minaret &#8211; Lednice<br \/>\n13,4 km<br \/>\nngg_shortcode_5_placeholder<\/p>\n","protected":false},"excerpt":{"rendered":"","protected":false},"author":1,"featured_media":0,"parent":0,"menu_order":0,"comment_status":"closed","ping_status":"closed","template":"","meta":{"ngg_post_thumbnail":0,"footnotes":""},"class_list":["post-2734","page","type-page","status-publish","hentry"],"jetpack_sharing_enabled":true,"_links":{"self":[{"href":"https:\/\/mojevyslapy.betunak.cz\/index.php?rest_route=\/wp\/v2\/pages\/2734","targetHints":{"allow":["GET"]}}],"collection":[{"href":"https:\/\/mojevyslapy.betunak.cz\/index.php?rest_route=\/wp\/v2\/pages"}],"about":[{"href":"https:\/\/mojevyslapy.betunak.cz\/index.php?rest_route=\/wp\/v2\/types\/page"}],"author":[{"embeddable":true,"href":"https:\/\/mojevyslapy.betunak.cz\/index.php?rest_route=\/wp\/v2\/users\/1"}],"replies":[{"embeddable":true,"href":"https:\/\/mojevyslapy.betunak.cz\/index.php?rest_route=%2Fwp%2Fv2%2Fcomments&post=2734"}],"version-history":[{"count":0,"href":"https:\/\/mojevyslapy.betunak.cz\/index.php?rest_route=\/wp\/v2\/pages\/2734\/revisions"}],"wp:attachment":[{"href":"https:\/\/mojevyslapy.betunak.cz\/index.php?rest_route=%2Fwp%2Fv2%2Fmedia&parent=2734"}],"curies":[{"name":"wp","href":"https:\/\/api.w.org\/{rel}","templated":true}]}}