{"id":2821,"date":"2024-10-29T07:04:30","date_gmt":"2024-10-29T06:04:30","guid":{"rendered":"https:\/\/mojevyslapy.betunak.cz\/?page_id=2821"},"modified":"2024-12-14T18:02:50","modified_gmt":"2024-12-14T17:02:50","slug":"vyslapy-2024-2","status":"publish","type":"page","link":"https:\/\/mojevyslapy.betunak.cz\/?page_id=2821","title":{"rendered":"V\u00fd\u0161lapy 2024"},"content":{"rendered":"\n<figure class=\"wp-block-table aligncenter has-small-font-size\"><table><tbody><tr><td class=\"has-text-align-center\" data-align=\"center\"><\/td><td class=\"has-text-align-center\" data-align=\"center\"><strong><a href=\"https:\/\/mojevyslapy.betunak.cz\/?page_id=2007\"><strong>Leden 2024<\/strong><\/a><\/strong><\/td><td><\/td><td><\/td><td class=\"has-text-align-center\" data-align=\"center\"><\/td><\/tr><tr><td class=\"has-text-align-center\" data-align=\"center\">7.1.2024<\/td><td class=\"has-text-align-center\" data-align=\"center\"><a href=\"https:\/\/mojevyslapy.betunak.cz\/?page_id=2007\/#7.1.24\">Val.Mez &#8211; R\u00e1j na zemi<\/a><\/td><td><\/td><td><\/td><td class=\"has-text-align-center\" data-align=\"center\">10,5 km<\/td><\/tr><tr><td class=\"has-text-align-center\" data-align=\"center\">13.1.2024<\/td><td class=\"has-text-align-center\" data-align=\"center\"><a href=\"https:\/\/mojevyslapy.betunak.cz\/?page_id=2007\/#13.1.24\">Mo\u0159kov &#8211; Val.mez.<\/a><\/td><td><\/td><td><\/td><td class=\"has-text-align-center\" data-align=\"center\">13.2 km<\/td><\/tr><tr><td class=\"has-text-align-center\" data-align=\"center\">20.1.2024<\/td><td class=\"has-text-align-center\" data-align=\"center\"><a href=\"https:\/\/mojevyslapy.betunak.cz\/?page_id=2007\/#20.1.24\">Pindula &#8211; Ba\u010d\u016fv vrch &#8211; Ro\u017enov p. Rad<\/a><\/td><td><\/td><td><\/td><td class=\"has-text-align-center\" data-align=\"center\">11,5 km<\/td><\/tr><tr><td class=\"has-text-align-center\" data-align=\"center\">27.1.2024<\/td><td class=\"has-text-align-center\" data-align=\"center\"><a href=\"https:\/\/mojevyslapy.betunak.cz\/?page_id=2007\/#27.1.24\">Hutisko &#8211; Pod D\u00edly &#8211; Ro\u017enov p.Rad<\/a><\/td><td><\/td><td><\/td><td class=\"has-text-align-center\" data-align=\"center\">14,9 km<\/td><\/tr><tr><td class=\"has-text-align-center\" data-align=\"center\"><\/td><td class=\"has-text-align-center\" data-align=\"center\"><p class=\"has-small-font-size\">Celkem Leden<\/p><\/td><td><\/td><td><p class=\"has-small-font-size\">50,1 km<\/p><\/td><td class=\"has-text-align-center\" data-align=\"center\"><\/td><\/tr><tr><td class=\"has-text-align-center\" data-align=\"center\"><\/td><td class=\"has-text-align-center\" data-align=\"center\"><p class=\"has-small-font-size\"><\/p><\/td><td><\/td><td><p class=\"has-small-font-size\"><\/p><\/td><td class=\"has-text-align-center\" data-align=\"center\"><\/td><\/tr><tr><td class=\"has-text-align-center\" data-align=\"center\"><\/td><td class=\"has-text-align-center\" data-align=\"center\"><a href=\"https:\/\/mojevyslapy.betunak.cz\/?page_id=2153\"><strong>\u00danor 202<\/strong>4<\/a><\/td><td><\/td><td><\/td><td class=\"has-text-align-center\" data-align=\"center\"><\/td><\/tr><tr><td class=\"has-text-align-center\" data-align=\"center\">3.2.2024<\/td><td class=\"has-text-align-center\" data-align=\"center\"><a href=\"https:\/\/mojevyslapy.betunak.cz\/?page_id=2153\/#3.2.24\">Byst\u0159i\u010dka-Za\u0161ov\u00e1<\/a><\/td><td><\/td><td><\/td><td class=\"has-text-align-center\" data-align=\"center\">14 km<\/td><\/tr><tr><td class=\"has-text-align-center\" data-align=\"center\">17.2.2024<\/td><td class=\"has-text-align-center\" data-align=\"center\"><a href=\"https:\/\/mojevyslapy.betunak.cz\/?page_id=2153\/#17.2.24\">Fr\u00fddlant n.O.-Kun\u010dice p.O.<\/a><\/td><td><\/td><td><\/td><td class=\"has-text-align-center\" data-align=\"center\">10.14 km<\/td><\/tr><tr><td class=\"has-text-align-center\" data-align=\"center\">24.2.2024<\/td><td class=\"has-text-align-center\" data-align=\"center\"><a href=\"https:\/\/mojevyslapy.betunak.cz\/?page_id=2153\/#24.2.24\">Horn\u00ed Be\u010dva-Skura\u010dena-Horn\u00ed Be\u010dva<\/a><\/td><td><\/td><td><\/td><td class=\"has-text-align-center\" data-align=\"center\">12.5 km<\/td><\/tr><tr><td class=\"has-text-align-center\" data-align=\"center\"><\/td><td class=\"has-text-align-center\" data-align=\"center\"><p class=\"has-small-font-size\">Celkem \u00danor<\/p><\/td><td><\/td><td><p class=\"has-small-font-size\">36,64km<\/p><\/td><td class=\"has-text-align-center\" data-align=\"center\"><\/td><\/tr><tr><td class=\"has-text-align-center\" data-align=\"center\"><\/td><td class=\"has-text-align-center\" data-align=\"center\"><\/td><td><\/td><td><\/td><td class=\"has-text-align-center\" data-align=\"center\"><\/td><\/tr><tr><td class=\"has-text-align-center\" data-align=\"center\"><\/td><td class=\"has-text-align-center\" data-align=\"center\"><a href=\"https:\/\/mojevyslapy.betunak.cz\/?page_id=2254\"><strong>B\u0159ezen 2024<\/strong><\/a><\/td><td><\/td><td><\/td><td class=\"has-text-align-center\" data-align=\"center\"><\/td><\/tr><tr><td class=\"has-text-align-center\" data-align=\"center\">9.3.2024<\/td><td class=\"has-text-align-center\" data-align=\"center\"><a href=\"https:\/\/mojevyslapy.betunak.cz\/?page_id=2254\/#9.3.24\">P\u0159erovsk\u00e1 pades\u00e1tka<\/a><\/td><td><\/td><td><\/td><td class=\"has-text-align-center\" data-align=\"center\">14 km<\/td><\/tr><tr><td class=\"has-text-align-center\" data-align=\"center\">16.3.2024<\/td><td class=\"has-text-align-center\" data-align=\"center\"><a href=\"https:\/\/mojevyslapy.betunak.cz\/?page_id=2254\/#16.3.24\">Val.Mez.- Hosta\u0161ovice<\/a><\/td><td><\/td><td><\/td><td class=\"has-text-align-center\" data-align=\"center\">9 km<\/td><\/tr><tr><td class=\"has-text-align-center\" data-align=\"center\">23.3.2024<\/td><td class=\"has-text-align-center\" data-align=\"center\"><a href=\"https:\/\/mojevyslapy.betunak.cz\/?page_id=2254\/#23.3.24\">Vizovice &#8211; rozhledna Doubrava &#8211; Vizovice<\/a><\/td><td><\/td><td><\/td><td class=\"has-text-align-center\" data-align=\"center\">16.5 km<\/td><\/tr><tr><td class=\"has-text-align-center\" data-align=\"center\"><\/td><td class=\"has-text-align-center\" data-align=\"center\"><p class=\"has-small-font-size\">Celkem B\u0159ezen<\/p><\/td><td><\/td><td><p class=\"has-small-font-size\">39,5km<\/p><\/td><td class=\"has-text-align-center\" data-align=\"center\"><\/td><\/tr><tr><td class=\"has-text-align-center\" data-align=\"center\"><\/td><td class=\"has-text-align-center\" data-align=\"center\"><\/td><td><\/td><td><\/td><td class=\"has-text-align-center\" data-align=\"center\"><\/td><\/tr><tr><td class=\"has-text-align-center\" data-align=\"center\"><\/td><td class=\"has-text-align-center\" data-align=\"center\"><strong><a href=\"https:\/\/mojevyslapy.betunak.cz\/?page_id=2366\">Duben 2024<\/a><\/strong><\/td><td><\/td><td><\/td><td class=\"has-text-align-center\" data-align=\"center\"><\/td><\/tr><tr><td class=\"has-text-align-center\" data-align=\"center\">6.4.2024<\/td><td class=\"has-text-align-center\" data-align=\"center\"><a href=\"https:\/\/mojevyslapy.betunak.cz\/?page_id=2366\/#6.4.24\">Byst\u0159i\u010dka &#8211; Mal\u00e1 Lhota &#8211; VM<\/a><\/td><td><\/td><td><\/td><td class=\"has-text-align-center\" data-align=\"center\">10,2 km<\/td><\/tr><tr><td class=\"has-text-align-center\" data-align=\"center\"><\/td><td class=\"has-text-align-center\" data-align=\"center\"><p class=\"has-small-font-size\">Celkem Duben<\/p><\/td><td><\/td><td><p class=\"has-small-font-size\">10,2km<\/p><\/td><td class=\"has-text-align-center\" data-align=\"center\"><\/td><\/tr><tr><td class=\"has-text-align-center\" data-align=\"center\">14.4.2024<\/td><td class=\"has-text-align-center\" data-align=\"center\"><a href=\"http:\/\/mojevyslapy.betunak.cz\/?page_id=2401\/#14.4.24\">VM-Ho\u0161\u0165\u00e1lkov\u00e1-Branky-VM<\/a><\/td><td><\/td><td><a href=\"https:\/\/mojevyslapy.betunak.cz\/wp-content\/uploads\/2024\/04\/Kolo.ico\" target=\"_blank\" rel=\"noreferrer noopener\"><img decoding=\"async\" style=\"width: 30px;\" src=\"https:\/\/mojevyslapy.betunak.cz\/wp-content\/uploads\/2024\/04\/Kolo.ico\" alt=\"\"><\/a><\/td><td class=\"has-text-align-center\" data-align=\"center\"><span style=\"color: #ff00ff;\">42,5 km<\/span><\/td><\/tr><tr><td class=\"has-text-align-center\" data-align=\"center\">28.4.2024<\/td><td class=\"has-text-align-center\" data-align=\"center\"><a href=\"http:\/\/mojevyslapy.betunak.cz\/?page_id=2401\/#28.4.24\">VM-Ro\u017enov p.R.-VM<\/a><\/td><td><\/td><td><a href=\"https:\/\/mojevyslapy.betunak.cz\/wp-content\/uploads\/2024\/04\/Kolo.ico\" target=\"_blank\" rel=\"noreferrer noopener\"><img decoding=\"async\" src=\"https:\/\/mojevyslapy.betunak.cz\/wp-content\/uploads\/2024\/04\/Kolo.ico\" alt=\"\" style=\"width: 30px;\"><\/a><\/td><td class=\"has-text-align-center\" data-align=\"center\"><span style=\"color: #ff00ff;\">47 km<\/span><\/td><\/tr><tr><td class=\"has-text-align-center\" data-align=\"center\"><\/td><td class=\"has-text-align-center\" data-align=\"center\"><p class=\"has-small-font-size\">Celkem kolo Duben<\/p><\/td><td><\/td><td><p class=\"has-small-font-size\"><span style=\"color: #ff00ff;\">89,5 km<\/span><\/p><\/td><td class=\"has-text-align-center\" data-align=\"center\"><\/td><\/tr><tr><td class=\"has-text-align-center\" data-align=\"center\"><\/td><td class=\"has-text-align-center\" data-align=\"center\"><\/td><td><\/td><td><\/td><td class=\"has-text-align-center\" data-align=\"center\"><\/td><\/tr><tr><td class=\"has-text-align-center\" data-align=\"center\"><\/td><td class=\"has-text-align-center\" data-align=\"center\"><strong><a href=\"https:\/\/mojevyslapy.betunak.cz\/?page_id=2542\">Kv\u011bten 2024<\/a><\/strong><\/td><td><\/td><td><\/td><td class=\"has-text-align-center\" data-align=\"center\"><\/td><\/tr><tr><td class=\"has-text-align-center\" data-align=\"center\">4.5.2024<\/td><td class=\"has-text-align-center\" data-align=\"center\"><a href=\"https:\/\/mojevyslapy.betunak.cz\/?page_id=2542\/#4.5.24\">Brumov.\u017est &#8211; Jelenovsk\u00e1 &#8211; Vala\u0161sk\u00e9 Klobouky. \u017est<\/a><\/td><td><\/td><td><\/td><td class=\"has-text-align-center\" data-align=\"center\">14 km<\/td><\/tr><tr><td class=\"has-text-align-center\" data-align=\"center\">11.5.2024<\/td><td class=\"has-text-align-center\" data-align=\"center\"><a href=\"https:\/\/mojevyslapy.betunak.cz\/?page_id=2542\/#11.5.24\">Luha\u010dovice<\/a><\/td><td><\/td><td><\/td><td class=\"has-text-align-center\" data-align=\"center\">11,2 km<\/td><\/tr><tr><td class=\"has-text-align-center\" data-align=\"center\"><\/td><td class=\"has-text-align-center\" data-align=\"center\"><p class=\"has-small-font-size\">Celkem Kv\u011bten<\/p><\/td><td><\/td><td><p class=\"has-small-font-size\">15,2km<\/p><\/td><td class=\"has-text-align-center\" data-align=\"center\"><\/td><\/tr><tr><td class=\"has-text-align-center\" data-align=\"center\">18.5.2024<\/td><td class=\"has-text-align-center\" data-align=\"center\"><a href=\"https:\/\/mojevyslapy.betunak.cz\/?page_id=2628\/#18.5.24\">Poli\u010dn\u00e1 &#8211; Skali\u010dka &#8211; Poli\u010dn\u00e1<\/a><\/td><td><\/td><td><a href=\"https:\/\/mojevyslapy.betunak.cz\/wp-content\/uploads\/2024\/04\/Kolo.ico\" target=\"_blank\" rel=\"noreferrer noopener\"><img decoding=\"async\" style=\"width: 30px;\" src=\"https:\/\/mojevyslapy.betunak.cz\/wp-content\/uploads\/2024\/04\/Kolo.ico\" alt=\"\"><\/a><\/td><td class=\"has-text-align-center\" data-align=\"center\"><span style=\"color: #ff00ff;\">38,5 km<\/span><\/td><\/tr><tr><td class=\"has-text-align-center\" data-align=\"center\"><\/td><td class=\"has-text-align-center\" data-align=\"center\"><p class=\"has-small-font-size\">Celkem kolo Kv\u011bten<\/p><\/td><td><\/td><td><p class=\"has-small-font-size\"><span style=\"color: #ff00ff;\">38,5 km<\/span><\/p><\/td><td class=\"has-text-align-center\" data-align=\"center\"><\/td><\/tr><tr><td class=\"has-text-align-center\" data-align=\"center\"><\/td><td class=\"has-text-align-center\" data-align=\"center\"><\/td><td><\/td><td><\/td><td class=\"has-text-align-center\" data-align=\"center\"><\/td><\/tr><tr><td class=\"has-text-align-center\" data-align=\"center\"><\/td><td class=\"has-text-align-center\" data-align=\"center\"><strong><a href=\"https:\/\/mojevyslapy.betunak.cz\/?page_id=2635\">\u010cerven 2024<\/a><\/strong><\/td><td><\/td><td><\/td><td class=\"has-text-align-center\" data-align=\"center\"><\/td><\/tr><tr><td class=\"has-text-align-center\" data-align=\"center\">8.6.2024<\/td><td class=\"has-text-align-center\" data-align=\"center\"><a href=\"https:\/\/mojevyslapy.betunak.cz\/?page_id=2635\/#8.6.24\">Ostravice zast\u00e1vka &#8211; Luk\u0161inec &#8211; Ostravice<\/a><\/td><td><\/td><td><\/td><td class=\"has-text-align-center\" data-align=\"center\">14,8 km<\/td><\/tr><tr><td class=\"has-text-align-center\" data-align=\"center\"><\/td><td class=\"has-text-align-center\" data-align=\"center\"><p class=\"has-small-font-size\">Celkem \u010cerven <\/p><\/td><td><\/td><td><p class=\"has-small-font-size\">14,8km<\/p><\/td><td class=\"has-text-align-center\" data-align=\"center\"><\/td><\/tr><tr><td class=\"has-text-align-center\" data-align=\"center\"><\/td><td class=\"has-text-align-center\" data-align=\"center\"><\/td><td><\/td><td><\/td><td class=\"has-text-align-center\" data-align=\"center\"><\/td><\/tr><tr><td class=\"has-text-align-center\" data-align=\"center\"><\/td><td class=\"has-text-align-center\" data-align=\"center\"><strong><a href=\"https:\/\/mojevyslapy.betunak.cz\/?page_id=2678\">\u010cervenec 2024<\/a><\/strong><\/td><td><\/td><td><\/td><td class=\"has-text-align-center\" data-align=\"center\"><\/td><\/tr><tr><td class=\"has-text-align-center\" data-align=\"center\">12.7.2024<\/td><td class=\"has-text-align-center\" data-align=\"center\"><a href=\"https:\/\/mojevyslapy.betunak.cz\/?page_id=2678\/#12.7.24\">Ve\u0159ovice &#8211; V.Javorn\u00edk &#8211; Ve\u0159ovice<\/a><\/td><td><\/td><td><\/td><td class=\"has-text-align-center\" data-align=\"center\">12 km<\/td><\/tr><tr><td class=\"has-text-align-center\" data-align=\"center\"><\/td><td class=\"has-text-align-center\" data-align=\"center\"><p class=\"has-small-font-size\">Celkem \u010cervenec <\/p><\/td><td><\/td><td><p class=\"has-small-font-size\">12 km<\/p><p class=\"has-small-font-size\"><\/p><\/td><td class=\"has-text-align-center\" data-align=\"center\"><\/td><\/tr><tr><td class=\"has-text-align-center\" data-align=\"center\"><\/td><td class=\"has-text-align-center\" data-align=\"center\"><\/td><td><\/td><td><\/td><td class=\"has-text-align-center\" data-align=\"center\"><\/td><\/tr><tr><td class=\"has-text-align-center\" data-align=\"center\"><\/td><td class=\"has-text-align-center\" data-align=\"center\"><strong>Srpen 2024<\/strong><\/td><td><\/td><td><\/td><td class=\"has-text-align-center\" data-align=\"center\"><\/td><\/tr><tr><td class=\"has-text-align-center\" data-align=\"center\"><\/td><td class=\"has-text-align-center\" data-align=\"center\"><p class=\"has-small-font-size\">Celkem Srpen <\/p><p class=\"has-small-font-size\"><\/p><\/td><td><\/td><td><p class=\"has-small-font-size\">km<\/p><\/td><td class=\"has-text-align-center\" data-align=\"center\"><\/td><\/tr><tr><td class=\"has-text-align-center\" data-align=\"center\"><\/td><td class=\"has-text-align-center\" data-align=\"center\"><\/td><td><\/td><td><\/td><td class=\"has-text-align-center\" data-align=\"center\"><\/td><\/tr><tr><td class=\"has-text-align-center\" data-align=\"center\"><\/td><td class=\"has-text-align-center\" data-align=\"center\"><strong><a href=\"https:\/\/mojevyslapy.betunak.cz\/?page_id=2726\">Z\u00e1\u0159\u00ed 2024<\/a><\/strong><\/td><td><\/td><td><\/td><td class=\"has-text-align-center\" data-align=\"center\"><\/td><\/tr><tr><td class=\"has-text-align-center\" data-align=\"center\">28.9.2024<\/td><td class=\"has-text-align-center\" data-align=\"center\"><a href=\"https:\/\/mojevyslapy.betunak.cz\/?page_id=2726\/#28.9.24\">Hlavat\u00e1 &#8211; Kladnat\u00e1 &#8211; Marti\u0148\u00e1k &#8211; Pustevny<\/a><\/td><td><\/td><td><\/td><td class=\"has-text-align-center\" data-align=\"center\">18 km<\/td><\/tr><tr><td class=\"has-text-align-center\" data-align=\"center\"><\/td><td class=\"has-text-align-center\" data-align=\"center\"><p class=\"has-small-font-size\">Celkem Z\u00e1\u0159\u00ed <\/p><\/td><td><\/td><td><p class=\"has-small-font-size\">18 km<\/p><\/td><td class=\"has-text-align-center\" data-align=\"center\"><\/td><\/tr><tr><td class=\"has-text-align-center\" data-align=\"center\"><\/td><td class=\"has-text-align-center\" data-align=\"center\"><\/td><td><\/td><td><\/td><td class=\"has-text-align-center\" data-align=\"center\"><\/td><\/tr><tr><td class=\"has-text-align-center\" data-align=\"center\"><\/td><td class=\"has-text-align-center\" data-align=\"center\"><strong><a href=\"https:\/\/mojevyslapy.betunak.cz\/?page_id=2734\">\u0158\u00edjen 2024<\/a><\/strong><\/td><td><\/td><td><\/td><td class=\"has-text-align-center\" data-align=\"center\"><\/td><\/tr><tr><td class=\"has-text-align-center\" data-align=\"center\">12.10.2024<\/td><td class=\"has-text-align-center\" data-align=\"center\"><a href=\"https:\/\/mojevyslapy.betunak.cz\/?page_id=2734\/#12.10.24\">\u010cervenohorsk\u00e9 sedlo &#8211; Keprn\u00edk &#8211; Kouty n. D.<\/a><\/td><td><\/td><td><\/td><td class=\"has-text-align-center\" data-align=\"center\">17,2 km<\/td><\/tr><tr><td class=\"has-text-align-center\" data-align=\"center\">19.10.2024<\/td><td class=\"has-text-align-center\" data-align=\"center\"><a href=\"https:\/\/mojevyslapy.betunak.cz\/?page_id=2734\/#19.10.24\">Branky \u017eel.st. \u2013 L\u00edpa u Mrnu\u0161t\u00edk\u016f \u2013 Chata Broni<\/a><\/td><td><\/td><td><\/td><td class=\"has-text-align-center\" data-align=\"center\">9.7 km<\/td><\/tr><tr><td class=\"has-text-align-center\" data-align=\"center\">25.10.2024<\/td><td class=\"has-text-align-center\" data-align=\"center\"><a href=\"https:\/\/mojevyslapy.betunak.cz\/?page_id=2734\/#25.10.24\">Sloup &#8211; Skaln\u00ed Ml\u00fdn &#8211; skl\u00edpek<\/a><\/td><td><\/td><td><p class=\"has-small-font-size\"><\/p><\/td><td class=\"has-text-align-center\" data-align=\"center\">13,2 km<\/td><\/tr><tr><td class=\"has-text-align-center\" data-align=\"center\">26.10.2024<\/td><td class=\"has-text-align-center\" data-align=\"center\"><a href=\"https:\/\/mojevyslapy.betunak.cz\/?page_id=2734\/#26.10.24\">Pavlov &#8211; Mikulov<\/a><\/td><td><\/td><td><\/td><td class=\"has-text-align-center\" data-align=\"center\">12 km<\/td><\/tr><tr><td class=\"has-text-align-center\" data-align=\"center\">27.10.2024<\/td><td class=\"has-text-align-center\" data-align=\"center\"><a href=\"https:\/\/mojevyslapy.betunak.cz\/?page_id=2734\/#27.10.24\">Hohe Wand parkovi\u0161t\u011b &#8211; Hochkogelhaus &#8211; zp\u011bt<\/a><\/td><td><\/td><td><\/td><td class=\"has-text-align-center\" data-align=\"center\">8 km<\/td><\/tr><tr><td class=\"has-text-align-center\" data-align=\"center\">28.10.2024<\/td><td class=\"has-text-align-center\" data-align=\"center\"><a href=\"https:\/\/mojevyslapy.betunak.cz\/?page_id=2734\/#28.10.24\">Lednice &#8211; T\u0159i gr\u00e1cie &#8211; minaret &#8211; Lednice<\/a><\/td><td><\/td><td><\/td><td class=\"has-text-align-center\" data-align=\"center\">13,4 km<\/td><\/tr><tr><td class=\"has-text-align-center\" data-align=\"center\"><\/td><td class=\"has-text-align-center\" data-align=\"center\"><p class=\"has-small-font-size\">Celkem \u0158\u00edjen<\/p><p class=\"has-small-font-size\"><\/p><\/td><td><\/td><td><p class=\"has-small-font-size\">73,5 km<\/p><\/td><td class=\"has-text-align-center\" data-align=\"center\"><\/td><\/tr><tr><td class=\"has-text-align-center\" data-align=\"center\"><\/td><td class=\"has-text-align-center\" data-align=\"center\"><\/td><td><\/td><td><\/td><td class=\"has-text-align-center\" data-align=\"center\"><\/td><\/tr><tr><td class=\"has-text-align-center\" data-align=\"center\"><\/td><td class=\"has-text-align-center\" data-align=\"center\"><strong>Listopad 2024<\/strong><\/td><td><\/td><td><\/td><td class=\"has-text-align-center\" data-align=\"center\"><\/td><\/tr><tr><td class=\"has-text-align-center\" data-align=\"center\">9.11.2024<\/td><td class=\"has-text-align-center\" data-align=\"center\"><a href=\"https:\/\/mojevyslapy.betunak.cz\/?page_id=2962\/#9.11.24\">\u0160pi\u010dky &#8211; Skali\u010dka &#8211; Hustope\u010de n. Be\u010dvou<\/a><\/td><td><\/td><td><\/td><td class=\"has-text-align-center\" data-align=\"center\">12 km<\/td><\/tr><tr><td class=\"has-text-align-center\" data-align=\"center\">15.11.2024<\/td><td class=\"has-text-align-center\" data-align=\"center\"><a href=\"https:\/\/mojevyslapy.betunak.cz\/?page_id=2962\/#15.11.24\">Kr\u00e1sn\u00e1 L\u00edpa &#8211; Doubice &#8211; Kr\u00e1sn\u00e1 L\u00edpa<\/a><\/td><td><\/td><td><\/td><td class=\"has-text-align-center\" data-align=\"center\">15 km<\/td><\/tr><tr><td class=\"has-text-align-center\" data-align=\"center\">16.11.2024<\/td><td class=\"has-text-align-center\" data-align=\"center\"><a href=\"https:\/\/mojevyslapy.betunak.cz\/?page_id=2962\/#16.11.24\">Kr\u00e1sn\u00e1 L\u00edpa &#8211; Kyjovsk\u00e9 \u00fadol\u00ed &#8211; Vl\u010d\u00ed Hora &#8211; Kr\u00e1sn\u00e1 L\u00edpa<\/a><\/td><td><\/td><td><\/td><td class=\"has-text-align-center\" data-align=\"center\">17,5 km<\/td><\/tr><tr><td class=\"has-text-align-center\" data-align=\"center\"><\/td><td class=\"has-text-align-center\" data-align=\"center\"><p class=\"has-small-font-size\">Celkem Listopad<\/p><\/td><td><\/td><td><p class=\"has-small-font-size\"> 44,5 km<\/p><\/td><td class=\"has-text-align-center\" data-align=\"center\"><\/td><\/tr><tr><td class=\"has-text-align-center\" data-align=\"center\"><\/td><td class=\"has-text-align-center\" data-align=\"center\"><\/td><td><\/td><td><\/td><td class=\"has-text-align-center\" data-align=\"center\"><\/td><\/tr><tr><td class=\"has-text-align-center\" data-align=\"center\"><\/td><td class=\"has-text-align-center\" data-align=\"center\"><strong>Prosinec 2024<\/strong><\/td><td><\/td><td><\/td><td class=\"has-text-align-center\" data-align=\"center\"><\/td><\/tr><tr><td class=\"has-text-align-center\" data-align=\"center\"><\/td><td class=\"has-text-align-center\" data-align=\"center\"><a href=\"https:\/\/mojevyslapy.betunak.cz\/?page_id=3107\/#7.12.24\">N\u00e1vojn\u00e1 &#8211; Kr\u00e1lovec &#8211; Vala\u0161sk\u00e9 Klobouky<\/a><p class=\"has-small-font-size\"><\/p><\/td><td><\/td><td><\/td><td class=\"has-text-align-center\" data-align=\"center\">10 km<\/td><\/tr><tr><td class=\"has-text-align-center\" data-align=\"center\"><\/td><td class=\"has-text-align-center\" data-align=\"center\"><a href=\"https:\/\/mojevyslapy.betunak.cz\/?page_id=3107\/#11.12.24\">Teplice-propast-Val\u0161ovick\u00e1 jez\u00edrka-Hranice<\/a><\/td><td><\/td><td><\/td><td class=\"has-text-align-center\" data-align=\"center\">14 km<\/td><\/tr><tr><td class=\"has-text-align-center\" data-align=\"center\"><\/td><td class=\"has-text-align-center\" data-align=\"center\"><a href=\"https:\/\/mojevyslapy.betunak.cz\/?page_id=3107\/#14.12.24\">Kop\u0159ivnice &#8211; V\u011bt\u0159kovice &#8211; P\u0159\u00edbor<\/a><\/td><td><\/td><td><\/td><td class=\"has-text-align-center\" data-align=\"center\">9 km<\/td><\/tr><tr><td class=\"has-text-align-center\" data-align=\"center\"><\/td><td class=\"has-text-align-center\" data-align=\"center\"><p class=\"has-small-font-size\">Celkem Prosinec<\/p><\/td><td><\/td><td>33 km<\/td><td class=\"has-text-align-center\" data-align=\"center\"><\/td><\/tr><\/tbody><tfoot><tr><td class=\"has-text-align-center\" data-align=\"center\"><\/td><td class=\"has-text-align-center\" data-align=\"center\"><strong>Celkem rok<\/strong><\/td><td><\/td><td><\/td><td class=\"has-text-align-center\" data-align=\"center\"><strong>347,44 km<\/strong><\/td><\/tr><tr><td class=\"has-text-align-center\" data-align=\"center\"><a href=\"https:\/\/mojevyslapy.betunak.cz\/wp-content\/uploads\/2024\/04\/Kolo.ico\" target=\"_blank\" rel=\"noreferrer noopener\"><img decoding=\"async\" style=\"width: 30px;\" src=\"https:\/\/mojevyslapy.betunak.cz\/wp-content\/uploads\/2024\/04\/Kolo.ico\" alt=\"\"><\/a><\/td><td class=\"has-text-align-center\" data-align=\"center\"><strong><span style=\"color: #ff00ff;\">Celkem kolo rok<\/span><\/strong><\/td><td><\/td><td><\/td><td class=\"has-text-align-center\" data-align=\"center\"><span style=\"color: #ff00ff;\"><strong>128 km<\/strong><\/span><\/td><\/tr><\/tfoot><\/table><\/figure>\n\n\n\n<p><a href=\"https:\/\/mojevyslapy.betunak.cz\/wp-admin\/edit.php?post_type=page\" class=\"broken_link\"><\/a><\/p>\n","protected":false},"excerpt":{"rendered":"<p>Leden 2024&nbsp;7.1.2024 Val.Mez &#8211; R\u00e1j na zemi 10,5 km 13.1.2024 Mo\u0159kov &#8211; Val.mez. 13.2 km 20.1.2024 Pindula &#8211; Ba\u010d\u016fv vrch &#8211; Ro\u017enov p. Rad 11,5 km 27.1.2024 Hutisko &#8211; Pod D\u00edly &#8211; Ro\u017enov p.Rad 14,9 km Celkem Leden 50,1<\/p>\n","protected":false},"author":1,"featured_media":0,"parent":0,"menu_order":0,"comment_status":"closed","ping_status":"closed","template":"","meta":{"ngg_post_thumbnail":0,"footnotes":""},"class_list":["post-2821","page","type-page","status-publish","hentry"],"jetpack_sharing_enabled":true,"_links":{"self":[{"href":"https:\/\/mojevyslapy.betunak.cz\/index.php?rest_route=\/wp\/v2\/pages\/2821","targetHints":{"allow":["GET"]}}],"collection":[{"href":"https:\/\/mojevyslapy.betunak.cz\/index.php?rest_route=\/wp\/v2\/pages"}],"about":[{"href":"https:\/\/mojevyslapy.betunak.cz\/index.php?rest_route=\/wp\/v2\/types\/page"}],"author":[{"embeddable":true,"href":"https:\/\/mojevyslapy.betunak.cz\/index.php?rest_route=\/wp\/v2\/users\/1"}],"replies":[{"embeddable":true,"href":"https:\/\/mojevyslapy.betunak.cz\/index.php?rest_route=%2Fwp%2Fv2%2Fcomments&post=2821"}],"version-history":[{"count":0,"href":"https:\/\/mojevyslapy.betunak.cz\/index.php?rest_route=\/wp\/v2\/pages\/2821\/revisions"}],"wp:attachment":[{"href":"https:\/\/mojevyslapy.betunak.cz\/index.php?rest_route=%2Fwp%2Fv2%2Fmedia&parent=2821"}],"curies":[{"name":"wp","href":"https:\/\/api.w.org\/{rel}","templated":true}]}}