{"id":3407,"date":"2025-03-12T14:33:24","date_gmt":"2025-03-12T13:33:24","guid":{"rendered":"https:\/\/mojevyslapy.betunak.cz\/?page_id=3407"},"modified":"2025-03-22T16:41:09","modified_gmt":"2025-03-22T15:41:09","slug":"brezen-2025","status":"publish","type":"page","link":"https:\/\/mojevyslapy.betunak.cz\/?page_id=3407","title":{"rendered":"B\u0159ezen 2025"},"content":{"rendered":"<div class=\"wp-block-image\">\n<figure class=\"alignright size-full is-resized\"><a href=\"https:\/\/mapy.cz\/s\/gavaposona\" target=\"_blank\" rel=\"noreferrer noopener\"><img loading=\"lazy\" decoding=\"async\" width=\"892\" height=\"885\" src=\"https:\/\/mojevyslapy.betunak.cz\/wp-content\/uploads\/2025\/03\/Mapa.jpg\" alt=\"\" class=\"wp-image-3416\" style=\"width:155px;height:auto\" srcset=\"https:\/\/mojevyslapy.betunak.cz\/wp-content\/uploads\/2025\/03\/Mapa.jpg 892w, https:\/\/mojevyslapy.betunak.cz\/wp-content\/uploads\/2025\/03\/Mapa-300x298.jpg 300w, https:\/\/mojevyslapy.betunak.cz\/wp-content\/uploads\/2025\/03\/Mapa-150x150.jpg 150w, https:\/\/mojevyslapy.betunak.cz\/wp-content\/uploads\/2025\/03\/Mapa-768x762.jpg 768w\" sizes=\"auto, (max-width: 892px) 100vw, 892px\" \/><\/a><\/figure><\/div>\n\n<p><span id=\"12.3.25\" class=\"sta-anchor \" aria-hidden=\"true\"><\/span>12.3.2025 Ratibo\u0159 &#8211; H\u00e1je rozc. &#8211; Kate\u0159inice<br \/>\n16 km<br \/>\nngg_shortcode_0_placeholder<\/p>\n\n\n<div class=\"wp-block-image\">\n<figure class=\"alignright size-full is-resized\"><a href=\"https:\/\/mapy.cz\/s\/huzajunavu\" target=\"_blank\" rel=\"noreferrer noopener\"><img loading=\"lazy\" decoding=\"async\" width=\"820\" height=\"460\" src=\"https:\/\/mojevyslapy.betunak.cz\/wp-content\/uploads\/2025\/03\/Mapa-1.jpg\" alt=\"\" class=\"wp-image-3447\" style=\"width:159px;height:auto\" srcset=\"https:\/\/mojevyslapy.betunak.cz\/wp-content\/uploads\/2025\/03\/Mapa-1.jpg 820w, https:\/\/mojevyslapy.betunak.cz\/wp-content\/uploads\/2025\/03\/Mapa-1-300x168.jpg 300w, https:\/\/mojevyslapy.betunak.cz\/wp-content\/uploads\/2025\/03\/Mapa-1-768x431.jpg 768w\" sizes=\"auto, (max-width: 820px) 100vw, 820px\" \/><\/a><\/figure><\/div>\n\n<p><span id=\"19.3.25\" class=\"sta-anchor \" aria-hidden=\"true\"><\/span>19.3.2025 Lu\u017en\u00e1 &#8211; Brat\u0159ejov<br \/>\n17 km<br \/>\nngg_shortcode_1_placeholder<\/p>\n\n\n<div class=\"wp-block-image\">\n<figure class=\"alignright size-full is-resized\"><a href=\"https:\/\/mapy.cz\/s\/mekopaheza\" target=\"_blank\" rel=\"noreferrer noopener\"><img loading=\"lazy\" decoding=\"async\" width=\"440\" height=\"709\" src=\"https:\/\/mojevyslapy.betunak.cz\/wp-content\/uploads\/2025\/03\/Mapa-2.jpg\" alt=\"\" class=\"wp-image-3491\" style=\"width:88px;height:auto\" srcset=\"https:\/\/mojevyslapy.betunak.cz\/wp-content\/uploads\/2025\/03\/Mapa-2.jpg 440w, https:\/\/mojevyslapy.betunak.cz\/wp-content\/uploads\/2025\/03\/Mapa-2-186x300.jpg 186w\" sizes=\"auto, (max-width: 440px) 100vw, 440px\" \/><\/a><\/figure><\/div>\n\n<p><span id=\"22.3.25\" class=\"sta-anchor \" aria-hidden=\"true\"><\/span>22.3.2025 Horn\u00ed Be\u010dva &#8211; Velk\u00e9 Karlovice<br \/>\n10,6 km<br \/>\nngg_shortcode_2_placeholder<\/p>\n","protected":false},"excerpt":{"rendered":"","protected":false},"author":1,"featured_media":0,"parent":0,"menu_order":0,"comment_status":"closed","ping_status":"closed","template":"","meta":{"ngg_post_thumbnail":0,"footnotes":""},"class_list":["post-3407","page","type-page","status-publish","hentry"],"jetpack_sharing_enabled":true,"_links":{"self":[{"href":"https:\/\/mojevyslapy.betunak.cz\/index.php?rest_route=\/wp\/v2\/pages\/3407","targetHints":{"allow":["GET"]}}],"collection":[{"href":"https:\/\/mojevyslapy.betunak.cz\/index.php?rest_route=\/wp\/v2\/pages"}],"about":[{"href":"https:\/\/mojevyslapy.betunak.cz\/index.php?rest_route=\/wp\/v2\/types\/page"}],"author":[{"embeddable":true,"href":"https:\/\/mojevyslapy.betunak.cz\/index.php?rest_route=\/wp\/v2\/users\/1"}],"replies":[{"embeddable":true,"href":"https:\/\/mojevyslapy.betunak.cz\/index.php?rest_route=%2Fwp%2Fv2%2Fcomments&post=3407"}],"version-history":[{"count":0,"href":"https:\/\/mojevyslapy.betunak.cz\/index.php?rest_route=\/wp\/v2\/pages\/3407\/revisions"}],"wp:attachment":[{"href":"https:\/\/mojevyslapy.betunak.cz\/index.php?rest_route=%2Fwp%2Fv2%2Fmedia&parent=3407"}],"curies":[{"name":"wp","href":"https:\/\/api.w.org\/{rel}","templated":true}]}}