{"id":3495,"date":"2025-04-06T17:51:14","date_gmt":"2025-04-06T16:51:14","guid":{"rendered":"https:\/\/mojevyslapy.betunak.cz\/?page_id=3495"},"modified":"2025-04-12T15:44:36","modified_gmt":"2025-04-12T14:44:36","slug":"duben-2025","status":"publish","type":"page","link":"https:\/\/mojevyslapy.betunak.cz\/?page_id=3495","title":{"rendered":"Duben 2025"},"content":{"rendered":"<div class=\"wp-block-image\">\n<figure class=\"alignright size-full is-resized\"><img loading=\"lazy\" decoding=\"async\" width=\"491\" height=\"621\" src=\"https:\/\/mojevyslapy.betunak.cz\/wp-content\/uploads\/2025\/04\/Mapa.jpg\" alt=\"\" class=\"wp-image-3496\" style=\"width:100px;height:auto\" srcset=\"https:\/\/mojevyslapy.betunak.cz\/wp-content\/uploads\/2025\/04\/Mapa.jpg 491w, https:\/\/mojevyslapy.betunak.cz\/wp-content\/uploads\/2025\/04\/Mapa-237x300.jpg 237w\" sizes=\"auto, (max-width: 491px) 100vw, 491px\" \/><\/figure><\/div>\n\n<p><span id=\"5.4.25\" class=\"sta-anchor \" aria-hidden=\"true\"><\/span>5.4.2025 Br\u0148ov &#8211; Mal\u00e1 Lhota &#8211; VM<br \/>\n13,2 km<br \/>\nngg_shortcode_0_placeholder<\/p>\n\n\n<div class=\"wp-block-image\">\n<figure class=\"alignright size-full is-resized\"><a href=\"https:\/\/mapy.cz\/s\/gutugekato\" target=\"_blank\" rel=\"noreferrer noopener\"><img loading=\"lazy\" decoding=\"async\" width=\"491\" height=\"640\" src=\"https:\/\/mojevyslapy.betunak.cz\/wp-content\/uploads\/2025\/04\/Mapa-1.jpg\" alt=\"\" class=\"wp-image-3531\" style=\"width:94px;height:auto\" srcset=\"https:\/\/mojevyslapy.betunak.cz\/wp-content\/uploads\/2025\/04\/Mapa-1.jpg 491w, https:\/\/mojevyslapy.betunak.cz\/wp-content\/uploads\/2025\/04\/Mapa-1-230x300.jpg 230w\" sizes=\"auto, (max-width: 491px) 100vw, 491px\" \/><\/a><\/figure><\/div>\n\n<p><span id=\"12.4.25\" class=\"sta-anchor \" aria-hidden=\"true\"><\/span>12.4.2025 Pozd\u011bchov &#8211; Vala\u0161sk\u00e9 Klobouky<br \/>\n15,5 km<br \/>\nngg_shortcode_1_placeholder<\/p>\n","protected":false},"excerpt":{"rendered":"","protected":false},"author":1,"featured_media":0,"parent":0,"menu_order":0,"comment_status":"closed","ping_status":"closed","template":"","meta":{"ngg_post_thumbnail":0,"footnotes":""},"class_list":["post-3495","page","type-page","status-publish","hentry"],"jetpack_sharing_enabled":true,"_links":{"self":[{"href":"https:\/\/mojevyslapy.betunak.cz\/index.php?rest_route=\/wp\/v2\/pages\/3495","targetHints":{"allow":["GET"]}}],"collection":[{"href":"https:\/\/mojevyslapy.betunak.cz\/index.php?rest_route=\/wp\/v2\/pages"}],"about":[{"href":"https:\/\/mojevyslapy.betunak.cz\/index.php?rest_route=\/wp\/v2\/types\/page"}],"author":[{"embeddable":true,"href":"https:\/\/mojevyslapy.betunak.cz\/index.php?rest_route=\/wp\/v2\/users\/1"}],"replies":[{"embeddable":true,"href":"https:\/\/mojevyslapy.betunak.cz\/index.php?rest_route=%2Fwp%2Fv2%2Fcomments&post=3495"}],"version-history":[{"count":0,"href":"https:\/\/mojevyslapy.betunak.cz\/index.php?rest_route=\/wp\/v2\/pages\/3495\/revisions"}],"wp:attachment":[{"href":"https:\/\/mojevyslapy.betunak.cz\/index.php?rest_route=%2Fwp%2Fv2%2Fmedia&parent=3495"}],"curies":[{"name":"wp","href":"https:\/\/api.w.org\/{rel}","templated":true}]}}