{"id":3586,"date":"2025-05-04T05:28:41","date_gmt":"2025-05-04T04:28:41","guid":{"rendered":"https:\/\/mojevyslapy.betunak.cz\/?page_id=3586"},"modified":"2025-05-04T05:38:15","modified_gmt":"2025-05-04T04:38:15","slug":"cyklo-kveten-2025","status":"publish","type":"page","link":"https:\/\/mojevyslapy.betunak.cz\/?page_id=3586","title":{"rendered":"Cyklo Kv\u011bten 2025"},"content":{"rendered":"<div class=\"wp-block-image\">\n<figure class=\"aligncenter size-large is-resized\"><a href=\"http:\/\/mojevyslapy.betunak.cz\/wp-content\/uploads\/2025\/05\/BilyKamen-2025-scaled.jpg\" target=\"_blank\" rel=\"noreferrer noopener\"><img loading=\"lazy\" decoding=\"async\" width=\"1024\" height=\"746\" src=\"https:\/\/mojevyslapy.betunak.cz\/wp-content\/uploads\/2025\/05\/BilyKamen-2025-1024x746.jpg\" alt=\"\" class=\"wp-image-3592\" style=\"width:195px;height:auto\" srcset=\"https:\/\/mojevyslapy.betunak.cz\/wp-content\/uploads\/2025\/05\/BilyKamen-2025-1024x746.jpg 1024w, https:\/\/mojevyslapy.betunak.cz\/wp-content\/uploads\/2025\/05\/BilyKamen-2025-300x218.jpg 300w, https:\/\/mojevyslapy.betunak.cz\/wp-content\/uploads\/2025\/05\/BilyKamen-2025-768x559.jpg 768w, https:\/\/mojevyslapy.betunak.cz\/wp-content\/uploads\/2025\/05\/BilyKamen-2025-1536x1118.jpg 1536w, https:\/\/mojevyslapy.betunak.cz\/wp-content\/uploads\/2025\/05\/BilyKamen-2025-2048x1491.jpg 2048w\" sizes=\"auto, (max-width: 1024px) 100vw, 1024px\" \/><\/a><\/figure><\/div>\n\n<div class=\"wp-block-image\">\n<figure class=\"alignright size-full is-resized\"><a href=\"https:\/\/mapy.cz\/s\/famozehogu\" target=\"_blank\" rel=\"noreferrer noopener\"><img loading=\"lazy\" decoding=\"async\" width=\"439\" height=\"678\" src=\"https:\/\/mojevyslapy.betunak.cz\/wp-content\/uploads\/2025\/05\/Mapa.jpg\" alt=\"\" class=\"wp-image-3590\" style=\"width:104px;height:auto\" srcset=\"https:\/\/mojevyslapy.betunak.cz\/wp-content\/uploads\/2025\/05\/Mapa.jpg 439w, https:\/\/mojevyslapy.betunak.cz\/wp-content\/uploads\/2025\/05\/Mapa-194x300.jpg 194w\" sizes=\"auto, (max-width: 439px) 100vw, 439px\" \/><\/a><\/figure><\/div>\n\n<p><span id=\"1.5.25\" class=\"sta-anchor \" aria-hidden=\"true\"><\/span>1.5.2025 Zelen\u00fd K\u0159\u00ed\u017e \u2013 Libav\u00e1 \u2013 kostel \u2013 B\u00edl\u00fd k\u00e1men &#8211; Kozlov &#8211; Zelen\u00e1 K\u0159\u00ed\u017e<br \/>\n60 km<br \/>\nngg_shortcode_0_placeholder<\/p>\n","protected":false},"excerpt":{"rendered":"","protected":false},"author":1,"featured_media":0,"parent":0,"menu_order":0,"comment_status":"closed","ping_status":"closed","template":"","meta":{"ngg_post_thumbnail":0,"footnotes":""},"class_list":["post-3586","page","type-page","status-publish","hentry"],"jetpack_sharing_enabled":true,"_links":{"self":[{"href":"https:\/\/mojevyslapy.betunak.cz\/index.php?rest_route=\/wp\/v2\/pages\/3586","targetHints":{"allow":["GET"]}}],"collection":[{"href":"https:\/\/mojevyslapy.betunak.cz\/index.php?rest_route=\/wp\/v2\/pages"}],"about":[{"href":"https:\/\/mojevyslapy.betunak.cz\/index.php?rest_route=\/wp\/v2\/types\/page"}],"author":[{"embeddable":true,"href":"https:\/\/mojevyslapy.betunak.cz\/index.php?rest_route=\/wp\/v2\/users\/1"}],"replies":[{"embeddable":true,"href":"https:\/\/mojevyslapy.betunak.cz\/index.php?rest_route=%2Fwp%2Fv2%2Fcomments&post=3586"}],"version-history":[{"count":0,"href":"https:\/\/mojevyslapy.betunak.cz\/index.php?rest_route=\/wp\/v2\/pages\/3586\/revisions"}],"wp:attachment":[{"href":"https:\/\/mojevyslapy.betunak.cz\/index.php?rest_route=%2Fwp%2Fv2%2Fmedia&parent=3586"}],"curies":[{"name":"wp","href":"https:\/\/api.w.org\/{rel}","templated":true}]}}