{"id":3678,"date":"2025-09-13T17:01:36","date_gmt":"2025-09-13T16:01:36","guid":{"rendered":"https:\/\/mojevyslapy.betunak.cz\/?page_id=3678"},"modified":"2025-09-13T17:21:42","modified_gmt":"2025-09-13T16:21:42","slug":"zari-2025","status":"publish","type":"page","link":"https:\/\/mojevyslapy.betunak.cz\/?page_id=3678","title":{"rendered":"Z\u00e1\u0159\u00ed 2025"},"content":{"rendered":"<div class=\"wp-block-image\">\n<figure class=\"alignright size-full is-resized\"><a href=\"https:\/\/mapy.com\/s\/bazomojeha\" target=\"_blank\" rel=\" noreferrer noopener\"><img loading=\"lazy\" decoding=\"async\" width=\"928\" height=\"584\" src=\"https:\/\/mojevyslapy.betunak.cz\/wp-content\/uploads\/2025\/09\/Mapa.jpg\" alt=\"\" class=\"wp-image-3722\" style=\"width:149px;height:auto\" srcset=\"https:\/\/mojevyslapy.betunak.cz\/wp-content\/uploads\/2025\/09\/Mapa.jpg 928w, https:\/\/mojevyslapy.betunak.cz\/wp-content\/uploads\/2025\/09\/Mapa-300x189.jpg 300w, https:\/\/mojevyslapy.betunak.cz\/wp-content\/uploads\/2025\/09\/Mapa-768x483.jpg 768w\" sizes=\"auto, (max-width: 928px) 100vw, 928px\" \/><\/a><\/figure><\/div>\n\n<p><span id=\"13.9.25\" class=\"sta-anchor \" aria-hidden=\"true\"><\/span>13.9.2025 Host\u00fdn &#8211; Hole\u0161ov<br \/>\n15 km<br \/>\nngg_shortcode_0_placeholder<\/p>\n\n\n\n<p><\/p>\n","protected":false},"excerpt":{"rendered":"","protected":false},"author":1,"featured_media":0,"parent":0,"menu_order":0,"comment_status":"closed","ping_status":"closed","template":"","meta":{"ngg_post_thumbnail":0,"footnotes":""},"class_list":["post-3678","page","type-page","status-publish","hentry"],"jetpack_sharing_enabled":true,"_links":{"self":[{"href":"https:\/\/mojevyslapy.betunak.cz\/index.php?rest_route=\/wp\/v2\/pages\/3678","targetHints":{"allow":["GET"]}}],"collection":[{"href":"https:\/\/mojevyslapy.betunak.cz\/index.php?rest_route=\/wp\/v2\/pages"}],"about":[{"href":"https:\/\/mojevyslapy.betunak.cz\/index.php?rest_route=\/wp\/v2\/types\/page"}],"author":[{"embeddable":true,"href":"https:\/\/mojevyslapy.betunak.cz\/index.php?rest_route=\/wp\/v2\/users\/1"}],"replies":[{"embeddable":true,"href":"https:\/\/mojevyslapy.betunak.cz\/index.php?rest_route=%2Fwp%2Fv2%2Fcomments&post=3678"}],"version-history":[{"count":0,"href":"https:\/\/mojevyslapy.betunak.cz\/index.php?rest_route=\/wp\/v2\/pages\/3678\/revisions"}],"wp:attachment":[{"href":"https:\/\/mojevyslapy.betunak.cz\/index.php?rest_route=%2Fwp%2Fv2%2Fmedia&parent=3678"}],"curies":[{"name":"wp","href":"https:\/\/api.w.org\/{rel}","templated":true}]}}