{"id":3733,"date":"2025-10-18T17:24:33","date_gmt":"2025-10-18T16:24:33","guid":{"rendered":"https:\/\/mojevyslapy.betunak.cz\/?page_id=3733"},"modified":"2025-10-18T17:38:08","modified_gmt":"2025-10-18T16:38:08","slug":"rijen-2025","status":"publish","type":"page","link":"https:\/\/mojevyslapy.betunak.cz\/?page_id=3733","title":{"rendered":"\u0158\u00edjen 2025"},"content":{"rendered":"<div class=\"wp-block-image\">\n<figure class=\"alignright size-full is-resized\"><a href=\"https:\/\/mapy.com\/s\/badupubugu\" target=\"_blank\" rel=\" noreferrer noopener\"><img loading=\"lazy\" decoding=\"async\" width=\"664\" height=\"700\" src=\"https:\/\/mojevyslapy.betunak.cz\/wp-content\/uploads\/2025\/10\/Mapy.jpg\" alt=\"\" class=\"wp-image-3739\" style=\"width:120px;height:auto\" srcset=\"https:\/\/mojevyslapy.betunak.cz\/wp-content\/uploads\/2025\/10\/Mapy.jpg 664w, https:\/\/mojevyslapy.betunak.cz\/wp-content\/uploads\/2025\/10\/Mapy-285x300.jpg 285w\" sizes=\"auto, (max-width: 664px) 100vw, 664px\" \/><\/a><\/figure><\/div>\n\n<p><span id=\"3.10.25\" class=\"sta-anchor \" aria-hidden=\"true\"><\/span>3.10.2025 Dlouh\u00e9 str\u00e1n\u011b<br \/>\n8,1 km<br \/>\nngg_shortcode_0_placeholder<\/p>\n\n\n<div class=\"wp-block-image\">\n<figure class=\"alignright size-full is-resized\"><a href=\"https:\/\/mapy.com\/s\/mezodatuda\" target=\"_blank\" rel=\" noreferrer noopener\"><img loading=\"lazy\" decoding=\"async\" width=\"473\" height=\"712\" src=\"https:\/\/mojevyslapy.betunak.cz\/wp-content\/uploads\/2025\/10\/Mapa.jpg\" alt=\"\" class=\"wp-image-3740\" style=\"width:97px;height:auto\" srcset=\"https:\/\/mojevyslapy.betunak.cz\/wp-content\/uploads\/2025\/10\/Mapa.jpg 473w, https:\/\/mojevyslapy.betunak.cz\/wp-content\/uploads\/2025\/10\/Mapa-199x300.jpg 199w\" sizes=\"auto, (max-width: 473px) 100vw, 473px\" \/><\/a><\/figure><\/div>\n\n<p><span id=\"4.10.25\" class=\"sta-anchor \" aria-hidden=\"true\"><\/span>4.10.2025 \u010cervenohorsk\u00e9 sedlo &#8211; Kouty nad. Desnou<br \/>\n17,5 km<br \/>\nngg_shortcode_1_placeholder<\/p>\n\n\n<p><span id=\"5.10.25\" class=\"sta-anchor \" aria-hidden=\"true\"><\/span>5.10.2025 Z\u00e1mek Losiny<br \/>\n1 km<br \/>\nngg_shortcode_2_placeholder<\/p>\n\n\n<div class=\"wp-block-image\">\n<figure class=\"alignright size-full is-resized\"><a href=\"https:\/\/mapy.com\/s\/kucobunefo\" target=\"_blank\" rel=\" noreferrer noopener\"><img loading=\"lazy\" decoding=\"async\" width=\"730\" height=\"594\" src=\"https:\/\/mojevyslapy.betunak.cz\/wp-content\/uploads\/2025\/10\/Mapa-1.jpg\" alt=\"\" class=\"wp-image-3742\" style=\"width:157px;height:auto\" srcset=\"https:\/\/mojevyslapy.betunak.cz\/wp-content\/uploads\/2025\/10\/Mapa-1.jpg 730w, https:\/\/mojevyslapy.betunak.cz\/wp-content\/uploads\/2025\/10\/Mapa-1-300x244.jpg 300w\" sizes=\"auto, (max-width: 730px) 100vw, 730px\" \/><\/a><\/figure><\/div>\n\n<p><span id=\"18.10.25\" class=\"sta-anchor \" aria-hidden=\"true\"><\/span>18.10.2025 Poli\u010dn\u00e1 &#8211; L\u00e1zy<br \/>\n9,6 km<br \/>\nngg_shortcode_3_placeholder<\/p>\n","protected":false},"excerpt":{"rendered":"","protected":false},"author":1,"featured_media":0,"parent":0,"menu_order":0,"comment_status":"closed","ping_status":"closed","template":"","meta":{"ngg_post_thumbnail":0,"footnotes":""},"class_list":["post-3733","page","type-page","status-publish","hentry"],"jetpack_sharing_enabled":true,"_links":{"self":[{"href":"https:\/\/mojevyslapy.betunak.cz\/index.php?rest_route=\/wp\/v2\/pages\/3733","targetHints":{"allow":["GET"]}}],"collection":[{"href":"https:\/\/mojevyslapy.betunak.cz\/index.php?rest_route=\/wp\/v2\/pages"}],"about":[{"href":"https:\/\/mojevyslapy.betunak.cz\/index.php?rest_route=\/wp\/v2\/types\/page"}],"author":[{"embeddable":true,"href":"https:\/\/mojevyslapy.betunak.cz\/index.php?rest_route=\/wp\/v2\/users\/1"}],"replies":[{"embeddable":true,"href":"https:\/\/mojevyslapy.betunak.cz\/index.php?rest_route=%2Fwp%2Fv2%2Fcomments&post=3733"}],"version-history":[{"count":0,"href":"https:\/\/mojevyslapy.betunak.cz\/index.php?rest_route=\/wp\/v2\/pages\/3733\/revisions"}],"wp:attachment":[{"href":"https:\/\/mojevyslapy.betunak.cz\/index.php?rest_route=%2Fwp%2Fv2%2Fmedia&parent=3733"}],"curies":[{"name":"wp","href":"https:\/\/api.w.org\/{rel}","templated":true}]}}