{"id":3940,"date":"2026-01-17T18:30:13","date_gmt":"2026-01-17T17:30:13","guid":{"rendered":"https:\/\/mojevyslapy.betunak.cz\/?page_id=3940"},"modified":"2026-03-28T06:48:03","modified_gmt":"2026-03-28T05:48:03","slug":"vyslapy-2026","status":"publish","type":"page","link":"https:\/\/mojevyslapy.betunak.cz\/?page_id=3940","title":{"rendered":"V\u00fd\u0161lapy 2026"},"content":{"rendered":"\n<figure class=\"wp-block-table\"><table><tbody><tr><td><\/td><td class=\"has-text-align-center\" data-align=\"center\"><strong>Leden 2026<\/strong><\/td><td><\/td><td><\/td><td><\/td><\/tr><tr><td>3.1.2026<\/td><td class=\"has-text-align-center\" data-align=\"center\"><a href=\"https:\/\/mojevyslapy.betunak.cz\/?page_id=3944\/#3.1.26\">Pindula &#8211; Radho\u0161\u0165 &#8211; Dolni Be\u010dva<\/a><\/td><td><\/td><td><\/td><td>12,6 km<\/td><\/tr><tr><td>17.1.2026<\/td><td class=\"has-text-align-center\" data-align=\"center\"><a href=\"https:\/\/mojevyslapy.betunak.cz\/?page_id=3944\/#17.1.26\">Vid\u010de &#8211; Velk\u00e1 Lhota &#8211; Val.Mez<\/a><\/td><td><\/td><td><\/td><td>15,8 km<\/td><\/tr><tr><td>31.1.2026<\/td><td class=\"has-text-align-center\" data-align=\"center\"><a href=\"https:\/\/mojevyslapy.betunak.cz\/?page_id=3944\/#31.1.26\">Ve\u0159ovice &#8211; Javorn\u00edk &#8211; Fren\u0161t\u00e1t p.Radho\u0161t\u011bm<\/a><\/td><td><\/td><td><\/td><td>11 km<\/td><\/tr><tr><td><\/td><td class=\"has-text-align-center\" data-align=\"center\"><p class=\"has-small-font-size\">Celkem Leden<\/p><\/td><td><\/td><td>39,4 km<\/td><td><\/td><\/tr><tr><td><\/td><td class=\"has-text-align-center\" data-align=\"center\"><\/td><td><\/td><td><\/td><td><\/td><\/tr><tr><td><\/td><td class=\"has-text-align-center\" data-align=\"center\"><strong>\u00danor 2026<\/strong><\/td><td><\/td><td><\/td><td><\/td><\/tr><tr><td>5.2.2026<\/td><td class=\"has-text-align-center\" data-align=\"center\"><a href=\"https:\/\/mojevyslapy.betunak.cz\/?page_id=4033\/#5.2.26\">Chropyn\u011b &#8211; Krom\u011b\u0159\u00ed\u017e<\/a><\/td><td><\/td><td><\/td><td>17 km<\/td><\/tr><tr><td>14.2.2026<\/td><td class=\"has-text-align-center\" data-align=\"center\"><a href=\"https:\/\/mojevyslapy.betunak.cz\/?page_id=4033\/#14.2.26\">Vset\u00edn &#8211; Byst\u0159i\u010dka<\/a><\/td><td><\/td><td><\/td><td>11,7 km<\/td><\/tr><tr><td>21.2.2026<\/td><td class=\"has-text-align-center\" data-align=\"center\"><a href=\"https:\/\/mojevyslapy.betunak.cz\/?page_id=4033\/#21.2.26\">H.Be\u010dva &#8211; Skure\u010den\u00e1 &#8211; P.Be\u010dva<\/a><\/td><td><\/td><td><\/td><td>12,9 km<\/td><\/tr><tr><td><\/td><td class=\"has-text-align-center\" data-align=\"center\"><p class=\"has-small-font-size\">Celkem \u00danor<\/p><\/td><td><\/td><td>41,6 km<\/td><td><\/td><\/tr><tr><td><\/td><td class=\"has-text-align-center\" data-align=\"center\"><\/td><td><\/td><td><\/td><td><\/td><\/tr><tr><td><\/td><td class=\"has-text-align-center\" data-align=\"center\"><strong>B\u0159ezen 2026<\/strong><\/td><td><\/td><td><\/td><td><\/td><\/tr><tr><td>7.3.2026<\/td><td class=\"has-text-align-center\" data-align=\"center\"><a href=\"https:\/\/mojevyslapy.betunak.cz\/?page_id=4124\/#7.3.26\">Kun\u010dice &#8211; Ond\u0159ejn\u00edk(vrchol) &#8211; Fr\u00fddlant.n.O<\/a><\/td><td><\/td><td><\/td><td>12 km<\/td><\/tr><tr><td>21.3.2026<\/td><td class=\"has-text-align-center\" data-align=\"center\"><a href=\"https:\/\/mojevyslapy.betunak.cz\/?page_id=4124\/#21.3.26\">Zd\u011bchov &#8211; Pul\u010d\u00edn &#8211; Horn\u00ed Lide\u010d<\/a><\/td><td><\/td><td><\/td><td>12 km<\/td><\/tr><tr><td>27.3.2026<\/td><td class=\"has-text-align-center\" data-align=\"center\"><a href=\"https:\/\/mojevyslapy.betunak.cz\/?page_id=4124\/#27.3.26\">Komorn\u00edLhotka &#8211; Kot\u00e1\u0159 &#8211; Vojkovice<\/a><\/td><td><\/td><td><\/td><td>10 km<\/td><\/tr><tr><td><\/td><td class=\"has-text-align-center\" data-align=\"center\"><p class=\"has-small-font-size\">Celkem B\u0159ezen<\/p><\/td><td><\/td><td>34 km<\/td><td><\/td><\/tr><tr><td><\/td><td class=\"has-text-align-center\" data-align=\"center\"><\/td><td><\/td><td><\/td><td><\/td><\/tr><tr><td><\/td><td class=\"has-text-align-center\" data-align=\"center\"><\/td><td><\/td><td><\/td><td><\/td><\/tr><tr><td><\/td><td class=\"has-text-align-center\" data-align=\"center\"><\/td><td><\/td><td><\/td><td><\/td><\/tr><tr><td><\/td><td class=\"has-text-align-center\" data-align=\"center\"><\/td><td><\/td><td><\/td><td><\/td><\/tr><tr><td><\/td><td class=\"has-text-align-center\" data-align=\"center\"><\/td><td><\/td><td><\/td><td><\/td><\/tr><\/tbody><tfoot><tr><td><\/td><td class=\"has-text-align-center\" data-align=\"center\"><strong>Celkem rok<\/strong><\/td><td><\/td><td><\/td><td class=\"has-text-align-center\" data-align=\"center\"><strong>115 km<\/strong><\/td><\/tr><tr><td class=\"has-text-align-center\" data-align=\"center\"><a href=\"https:\/\/mojevyslapy.betunak.cz\/wp-content\/uploads\/2024\/04\/Kolo.ico\" target=\"_blank\" rel=\"noreferrer noopener\"><img decoding=\"async\" style=\"width: 30px;\" src=\"https:\/\/mojevyslapy.betunak.cz\/wp-content\/uploads\/2024\/04\/Kolo.ico\" alt=\"\"><\/a><\/td><td class=\"has-text-align-center\" data-align=\"center\"><strong><span style=\"color: #ff00ff;\">Celkem kolo rok<\/span><\/strong><\/td><td><\/td><td><\/td><td class=\"has-text-align-center\" data-align=\"center\"><span style=\"color: #ff00ff;\"><strong>0 km<\/strong><\/span><\/td><\/tr><\/tfoot><\/table><\/figure>\n\n\n\n<p><\/p>\n","protected":false},"excerpt":{"rendered":"<p>Leden 2026&nbsp;3.1.2026 Pindula &#8211; Radho\u0161\u0165 &#8211; Dolni Be\u010dva 12,6 km 17.1.2026 Vid\u010de &#8211; Velk\u00e1 Lhota &#8211; Val.Mez 15,8 km 31.1.2026 Ve\u0159ovice &#8211; Javorn\u00edk &#8211; Fren\u0161t\u00e1t p.Radho\u0161t\u011bm 11 km Celkem Leden 39,4 km \u00danor 2026&nbsp;5.2.2026 Chropyn\u011b &#8211; Krom\u011b\u0159\u00ed\u017e 17<\/p>\n","protected":false},"author":1,"featured_media":0,"parent":0,"menu_order":0,"comment_status":"closed","ping_status":"closed","template":"","meta":{"ngg_post_thumbnail":0,"footnotes":""},"class_list":["post-3940","page","type-page","status-publish","hentry"],"jetpack_sharing_enabled":true,"_links":{"self":[{"href":"https:\/\/mojevyslapy.betunak.cz\/index.php?rest_route=\/wp\/v2\/pages\/3940","targetHints":{"allow":["GET"]}}],"collection":[{"href":"https:\/\/mojevyslapy.betunak.cz\/index.php?rest_route=\/wp\/v2\/pages"}],"about":[{"href":"https:\/\/mojevyslapy.betunak.cz\/index.php?rest_route=\/wp\/v2\/types\/page"}],"author":[{"embeddable":true,"href":"https:\/\/mojevyslapy.betunak.cz\/index.php?rest_route=\/wp\/v2\/users\/1"}],"replies":[{"embeddable":true,"href":"https:\/\/mojevyslapy.betunak.cz\/index.php?rest_route=%2Fwp%2Fv2%2Fcomments&post=3940"}],"version-history":[{"count":0,"href":"https:\/\/mojevyslapy.betunak.cz\/index.php?rest_route=\/wp\/v2\/pages\/3940\/revisions"}],"wp:attachment":[{"href":"https:\/\/mojevyslapy.betunak.cz\/index.php?rest_route=%2Fwp%2Fv2%2Fmedia&parent=3940"}],"curies":[{"name":"wp","href":"https:\/\/api.w.org\/{rel}","templated":true}]}}