{"id":3944,"date":"2026-01-17T18:34:42","date_gmt":"2026-01-17T17:34:42","guid":{"rendered":"https:\/\/mojevyslapy.betunak.cz\/?page_id=3944"},"modified":"2026-02-03T07:19:19","modified_gmt":"2026-02-03T06:19:19","slug":"leden-2026","status":"publish","type":"page","link":"https:\/\/mojevyslapy.betunak.cz\/?page_id=3944","title":{"rendered":"Leden 2026"},"content":{"rendered":"<div class=\"wp-block-image\">\n<figure class=\"alignright size-full is-resized\"><a href=\"https:\/\/mapy.com\/s\/covadocono\" target=\"_blank\" rel=\" noreferrer noopener\"><img loading=\"lazy\" decoding=\"async\" width=\"457\" height=\"570\" src=\"https:\/\/mojevyslapy.betunak.cz\/wp-content\/uploads\/2026\/01\/Mapa.jpg\" alt=\"\" class=\"wp-image-3976\" style=\"width:123px;height:auto\" srcset=\"https:\/\/mojevyslapy.betunak.cz\/wp-content\/uploads\/2026\/01\/Mapa.jpg 457w, https:\/\/mojevyslapy.betunak.cz\/wp-content\/uploads\/2026\/01\/Mapa-241x300.jpg 241w\" sizes=\"auto, (max-width: 457px) 100vw, 457px\" \/><\/a><\/figure><\/div>\n\n<p><span id=\"3.1.26\" class=\"sta-anchor \" aria-hidden=\"true\"><\/span>3.1.2026 Pindula &#8211; Radho\u0161\u0165 &#8211; Dolni Be\u010dva<br \/>\n12,6 km<br \/>\nngg_shortcode_0_placeholder<\/p>\n\n\n<div class=\"wp-block-image\">\n<figure class=\"alignright size-full is-resized\"><a href=\"https:\/\/mapy.com\/s\/hukehucodu\" target=\"_blank\" rel=\" noreferrer noopener\"><img loading=\"lazy\" decoding=\"async\" width=\"983\" height=\"569\" src=\"https:\/\/mojevyslapy.betunak.cz\/wp-content\/uploads\/2026\/01\/Mapa-1.jpg\" alt=\"\" class=\"wp-image-3979\" style=\"width:197px;height:auto\" srcset=\"https:\/\/mojevyslapy.betunak.cz\/wp-content\/uploads\/2026\/01\/Mapa-1.jpg 983w, https:\/\/mojevyslapy.betunak.cz\/wp-content\/uploads\/2026\/01\/Mapa-1-300x174.jpg 300w, https:\/\/mojevyslapy.betunak.cz\/wp-content\/uploads\/2026\/01\/Mapa-1-768x445.jpg 768w\" sizes=\"auto, (max-width: 983px) 100vw, 983px\" \/><\/a><\/figure><\/div>\n\n<p><span id=\"17.1.26\" class=\"sta-anchor \" aria-hidden=\"true\"><\/span>17.1.2026 Vid\u010de &#8211; Velk\u00e1 Lhota &#8211; Val.Mez<br \/>\n15,8 km<br \/>\nngg_shortcode_1_placeholder<\/p>\n\n\n<div class=\"wp-block-image\">\n<figure class=\"alignright size-full is-resized\"><a href=\"https:\/\/mapy.com\/s\/bopavurope\" target=\"_blank\" rel=\" noreferrer noopener\"><img loading=\"lazy\" decoding=\"async\" width=\"1013\" height=\"714\" src=\"https:\/\/mojevyslapy.betunak.cz\/wp-content\/uploads\/2026\/02\/Mapa.jpg\" alt=\"\" class=\"wp-image-4009\" style=\"width:200px;height:auto\" srcset=\"https:\/\/mojevyslapy.betunak.cz\/wp-content\/uploads\/2026\/02\/Mapa.jpg 1013w, https:\/\/mojevyslapy.betunak.cz\/wp-content\/uploads\/2026\/02\/Mapa-300x211.jpg 300w, https:\/\/mojevyslapy.betunak.cz\/wp-content\/uploads\/2026\/02\/Mapa-768x541.jpg 768w\" sizes=\"auto, (max-width: 1013px) 100vw, 1013px\" \/><\/a><\/figure><\/div>\n\n<p><span id=\"31.1.26\" class=\"sta-anchor \" aria-hidden=\"true\"><\/span>31.1.2026 Ve\u0159ovice &#8211; Javorn\u00edk &#8211; Fren\u0161t\u00e1t p.Radho\u0161t\u011bm<br \/>\n11 km<br \/>\nngg_shortcode_2_placeholder<\/p>\n\n\n\n<p><\/p>\n","protected":false},"excerpt":{"rendered":"","protected":false},"author":1,"featured_media":0,"parent":0,"menu_order":0,"comment_status":"closed","ping_status":"closed","template":"","meta":{"ngg_post_thumbnail":0,"footnotes":""},"class_list":["post-3944","page","type-page","status-publish","hentry"],"jetpack_sharing_enabled":true,"_links":{"self":[{"href":"https:\/\/mojevyslapy.betunak.cz\/index.php?rest_route=\/wp\/v2\/pages\/3944","targetHints":{"allow":["GET"]}}],"collection":[{"href":"https:\/\/mojevyslapy.betunak.cz\/index.php?rest_route=\/wp\/v2\/pages"}],"about":[{"href":"https:\/\/mojevyslapy.betunak.cz\/index.php?rest_route=\/wp\/v2\/types\/page"}],"author":[{"embeddable":true,"href":"https:\/\/mojevyslapy.betunak.cz\/index.php?rest_route=\/wp\/v2\/users\/1"}],"replies":[{"embeddable":true,"href":"https:\/\/mojevyslapy.betunak.cz\/index.php?rest_route=%2Fwp%2Fv2%2Fcomments&post=3944"}],"version-history":[{"count":0,"href":"https:\/\/mojevyslapy.betunak.cz\/index.php?rest_route=\/wp\/v2\/pages\/3944\/revisions"}],"wp:attachment":[{"href":"https:\/\/mojevyslapy.betunak.cz\/index.php?rest_route=%2Fwp%2Fv2%2Fmedia&parent=3944"}],"curies":[{"name":"wp","href":"https:\/\/api.w.org\/{rel}","templated":true}]}}