{"id":4033,"date":"2026-02-05T17:22:48","date_gmt":"2026-02-05T16:22:48","guid":{"rendered":"https:\/\/mojevyslapy.betunak.cz\/?page_id=4033"},"modified":"2026-02-22T16:26:44","modified_gmt":"2026-02-22T15:26:44","slug":"unor-2026","status":"publish","type":"page","link":"https:\/\/mojevyslapy.betunak.cz\/?page_id=4033","title":{"rendered":"\u00danor 2026"},"content":{"rendered":"<div class=\"wp-block-image\">\n<figure class=\"alignright size-full is-resized\"><a href=\"https:\/\/mapy.com\/s\/deveseguha\" target=\"_blank\" rel=\" noreferrer noopener\"><img loading=\"lazy\" decoding=\"async\" width=\"488\" height=\"771\" src=\"https:\/\/mojevyslapy.betunak.cz\/wp-content\/uploads\/2026\/02\/Mapa-1.jpg\" alt=\"\" class=\"wp-image-4057\" style=\"width:139px;height:auto\" srcset=\"https:\/\/mojevyslapy.betunak.cz\/wp-content\/uploads\/2026\/02\/Mapa-1.jpg 488w, https:\/\/mojevyslapy.betunak.cz\/wp-content\/uploads\/2026\/02\/Mapa-1-190x300.jpg 190w\" sizes=\"auto, (max-width: 488px) 100vw, 488px\" \/><\/a><\/figure><\/div>\n\n<p><span id=\"5.2.26\" class=\"sta-anchor \" aria-hidden=\"true\"><\/span>5.2.2026 Chropyn\u011b &#8211; Krom\u011b\u0159\u00ed\u017e<br \/>\n17 km<br \/>\nngg_shortcode_0_placeholder<\/p>\n\n\n<div class=\"wp-block-image\">\n<figure class=\"alignright size-full is-resized\"><a href=\"https:\/\/mapy.com\/s\/kegaroburu\" target=\"_blank\" rel=\" noreferrer noopener\"><img loading=\"lazy\" decoding=\"async\" width=\"436\" height=\"801\" src=\"https:\/\/mojevyslapy.betunak.cz\/wp-content\/uploads\/2026\/02\/Mapa-2.jpg\" alt=\"\" class=\"wp-image-4084\" style=\"width:80px;height:auto\" srcset=\"https:\/\/mojevyslapy.betunak.cz\/wp-content\/uploads\/2026\/02\/Mapa-2.jpg 436w, https:\/\/mojevyslapy.betunak.cz\/wp-content\/uploads\/2026\/02\/Mapa-2-163x300.jpg 163w\" sizes=\"auto, (max-width: 436px) 100vw, 436px\" \/><\/a><\/figure><\/div>\n\n<p><span id=\"14.2.26\" class=\"sta-anchor \" aria-hidden=\"true\"><\/span>14.2.2026 Vset\u00edn &#8211; Byst\u0159i\u010dka<br \/>\n11.7 km<br \/>\nngg_shortcode_1_placeholder<\/p>\n\n\n<div class=\"wp-block-image\">\n<figure class=\"alignright size-full is-resized\"><a href=\"https:\/\/mapy.com\/s\/hazaceramo\" target=\"_blank\" rel=\" noreferrer noopener\"><img loading=\"lazy\" decoding=\"async\" width=\"908\" height=\"628\" src=\"https:\/\/mojevyslapy.betunak.cz\/wp-content\/uploads\/2026\/02\/Mapa-3.jpg\" alt=\"\" class=\"wp-image-4087\" style=\"width:132px;height:auto\" srcset=\"https:\/\/mojevyslapy.betunak.cz\/wp-content\/uploads\/2026\/02\/Mapa-3.jpg 908w, https:\/\/mojevyslapy.betunak.cz\/wp-content\/uploads\/2026\/02\/Mapa-3-300x207.jpg 300w, https:\/\/mojevyslapy.betunak.cz\/wp-content\/uploads\/2026\/02\/Mapa-3-768x531.jpg 768w\" sizes=\"auto, (max-width: 908px) 100vw, 908px\" \/><\/a><\/figure><\/div>\n\n<p><span id=\"21.2.26\" class=\"sta-anchor \" aria-hidden=\"true\"><\/span>21.2.2026&nbsp;H.Be\u010dva &#8211; Skure\u010den\u00e1 &#8211; P.Be\u010dva<br \/>\n13 km<br \/>\nngg_shortcode_2_placeholder<\/p>\n","protected":false},"excerpt":{"rendered":"","protected":false},"author":1,"featured_media":0,"parent":0,"menu_order":0,"comment_status":"closed","ping_status":"closed","template":"","meta":{"ngg_post_thumbnail":0,"footnotes":""},"class_list":["post-4033","page","type-page","status-publish","hentry"],"jetpack_sharing_enabled":true,"_links":{"self":[{"href":"https:\/\/mojevyslapy.betunak.cz\/index.php?rest_route=\/wp\/v2\/pages\/4033","targetHints":{"allow":["GET"]}}],"collection":[{"href":"https:\/\/mojevyslapy.betunak.cz\/index.php?rest_route=\/wp\/v2\/pages"}],"about":[{"href":"https:\/\/mojevyslapy.betunak.cz\/index.php?rest_route=\/wp\/v2\/types\/page"}],"author":[{"embeddable":true,"href":"https:\/\/mojevyslapy.betunak.cz\/index.php?rest_route=\/wp\/v2\/users\/1"}],"replies":[{"embeddable":true,"href":"https:\/\/mojevyslapy.betunak.cz\/index.php?rest_route=%2Fwp%2Fv2%2Fcomments&post=4033"}],"version-history":[{"count":0,"href":"https:\/\/mojevyslapy.betunak.cz\/index.php?rest_route=\/wp\/v2\/pages\/4033\/revisions"}],"wp:attachment":[{"href":"https:\/\/mojevyslapy.betunak.cz\/index.php?rest_route=%2Fwp%2Fv2%2Fmedia&parent=4033"}],"curies":[{"name":"wp","href":"https:\/\/api.w.org\/{rel}","templated":true}]}}