{"id":4124,"date":"2026-03-25T06:59:41","date_gmt":"2026-03-25T05:59:41","guid":{"rendered":"https:\/\/mojevyslapy.betunak.cz\/?page_id=4124"},"modified":"2026-03-28T06:45:21","modified_gmt":"2026-03-28T05:45:21","slug":"brezen-2026","status":"publish","type":"page","link":"https:\/\/mojevyslapy.betunak.cz\/?page_id=4124","title":{"rendered":"B\u0159ezen 2026"},"content":{"rendered":"<div class=\"wp-block-image\">\n<figure class=\"alignright size-full is-resized\"><a href=\"https:\/\/mapy.com\/s\/jatufofovu\" target=\"_blank\" rel=\" noreferrer noopener\"><img loading=\"lazy\" decoding=\"async\" width=\"417\" height=\"603\" src=\"https:\/\/mojevyslapy.betunak.cz\/wp-content\/uploads\/2026\/03\/Mapa.jpg\" alt=\"\" class=\"wp-image-4127\" style=\"width:131px;height:auto\" srcset=\"https:\/\/mojevyslapy.betunak.cz\/wp-content\/uploads\/2026\/03\/Mapa.jpg 417w, https:\/\/mojevyslapy.betunak.cz\/wp-content\/uploads\/2026\/03\/Mapa-207x300.jpg 207w\" sizes=\"auto, (max-width: 417px) 100vw, 417px\" \/><\/a><\/figure><\/div>\n\n<p><span id=\"7.3.26\" class=\"sta-anchor \" aria-hidden=\"true\"><\/span>7.3.2026 Kun\u010dice &#8211; Ond\u0159ejn\u00edk(vrchol) &#8211; Fr\u00fddlant.n.O<br \/>\n12 km<br \/>\nngg_shortcode_0_placeholder<\/p>\n\n\n<div class=\"wp-block-image\">\n<figure class=\"alignright size-full is-resized\"><a href=\"https:\/\/mapy.com\/s\/podanulaco\" target=\"_blank\" rel=\" noreferrer noopener\"><img loading=\"lazy\" decoding=\"async\" width=\"371\" height=\"713\" src=\"https:\/\/mojevyslapy.betunak.cz\/wp-content\/uploads\/2026\/03\/Mapa-1.jpg\" alt=\"\" class=\"wp-image-4129\" style=\"width:84px;height:auto\" srcset=\"https:\/\/mojevyslapy.betunak.cz\/wp-content\/uploads\/2026\/03\/Mapa-1.jpg 371w, https:\/\/mojevyslapy.betunak.cz\/wp-content\/uploads\/2026\/03\/Mapa-1-156x300.jpg 156w\" sizes=\"auto, (max-width: 371px) 100vw, 371px\" \/><\/a><\/figure><\/div>\n\n<p><span id=\"21.3.26\" class=\"sta-anchor \" aria-hidden=\"true\"><\/span>21.3.2026 Zd\u011bchov &#8211; Pul\u010d\u00edn &#8211; Horn\u00ed Lide\u010d<br \/>\n12 km<br \/>\nngg_shortcode_1_placeholder<\/p>\n\n\n<div class=\"wp-block-image\">\n<figure class=\"alignright size-full is-resized\"><a href=\"https:\/\/mapy.com\/s\/jusagebapo\" target=\"_blank\" rel=\" noreferrer noopener\"><img loading=\"lazy\" decoding=\"async\" width=\"762\" height=\"636\" src=\"http:\/\/mojevyslapy.betunak.cz\/wp-content\/uploads\/2026\/03\/Mapa-3.jpg\" alt=\"\" class=\"wp-image-4222\" style=\"width:132px;height:auto\" srcset=\"https:\/\/mojevyslapy.betunak.cz\/wp-content\/uploads\/2026\/03\/Mapa-3.jpg 762w, https:\/\/mojevyslapy.betunak.cz\/wp-content\/uploads\/2026\/03\/Mapa-3-300x250.jpg 300w\" sizes=\"auto, (max-width: 762px) 100vw, 762px\" \/><\/a><\/figure><\/div>\n\n<p><span id=\"27.3.26\" class=\"sta-anchor \" aria-hidden=\"true\"><\/span>27.3.2026 Komorn\u00edLhotka &#8211; Kot\u00e1\u0159 &#8211; Vojkovice<br \/>\n10 km<br \/>\nngg_shortcode_2_placeholder<\/p>\n\n\n\n<p><\/p>\n","protected":false},"excerpt":{"rendered":"","protected":false},"author":1,"featured_media":0,"parent":0,"menu_order":0,"comment_status":"closed","ping_status":"closed","template":"","meta":{"ngg_post_thumbnail":0,"footnotes":""},"class_list":["post-4124","page","type-page","status-publish","hentry"],"jetpack_sharing_enabled":true,"_links":{"self":[{"href":"https:\/\/mojevyslapy.betunak.cz\/index.php?rest_route=\/wp\/v2\/pages\/4124","targetHints":{"allow":["GET"]}}],"collection":[{"href":"https:\/\/mojevyslapy.betunak.cz\/index.php?rest_route=\/wp\/v2\/pages"}],"about":[{"href":"https:\/\/mojevyslapy.betunak.cz\/index.php?rest_route=\/wp\/v2\/types\/page"}],"author":[{"embeddable":true,"href":"https:\/\/mojevyslapy.betunak.cz\/index.php?rest_route=\/wp\/v2\/users\/1"}],"replies":[{"embeddable":true,"href":"https:\/\/mojevyslapy.betunak.cz\/index.php?rest_route=%2Fwp%2Fv2%2Fcomments&post=4124"}],"version-history":[{"count":5,"href":"https:\/\/mojevyslapy.betunak.cz\/index.php?rest_route=\/wp\/v2\/pages\/4124\/revisions"}],"predecessor-version":[{"id":4224,"href":"https:\/\/mojevyslapy.betunak.cz\/index.php?rest_route=\/wp\/v2\/pages\/4124\/revisions\/4224"}],"wp:attachment":[{"href":"https:\/\/mojevyslapy.betunak.cz\/index.php?rest_route=%2Fwp%2Fv2%2Fmedia&parent=4124"}],"curies":[{"name":"wp","href":"https:\/\/api.w.org\/{rel}","templated":true}]}}