{"id":65,"date":"2022-04-22T06:18:06","date_gmt":"2022-04-22T05:18:06","guid":{"rendered":"http:\/\/mojevyslapy.betunak.cz\/?page_id=65"},"modified":"2024-12-07T18:27:24","modified_gmt":"2024-12-07T17:27:24","slug":"vyslapy-2021","status":"publish","type":"page","link":"https:\/\/mojevyslapy.betunak.cz\/?page_id=65","title":{"rendered":"V\u00fd\u0161lapy 2021"},"content":{"rendered":"\n<figure class=\"wp-block-table alignleft is-style-regular\"><table><tbody><tr><td class=\"has-text-align-right\" data-align=\"right\"><\/td><td class=\"has-text-align-center\" data-align=\"center\"><strong>Leden 2021<\/strong><\/td><td><\/td><td><\/td><td><\/td><\/tr><tr><td class=\"has-text-align-right\" data-align=\"right\">1.1.21<\/td><td class=\"has-text-align-center\" data-align=\"center\"><a href=\"http:\/\/mojevyslapy.betunak.cz\/?page_id=152\/#Mo\u0159kov \u2013 \u0160tramberk\"><\/a><a href=\"https:\/\/mojevyslapy.betunak.cz\/?page_id=67\/#1.1.21\">Pustevny \u2013 Radho\u0161\u0165<\/a><\/td><td><\/td><td><\/td><td>16,9 km<\/td><\/tr><tr><td class=\"has-text-align-right\" data-align=\"right\">9.1.21<\/td><td class=\"has-text-align-center\" data-align=\"center\"><a href=\"https:\/\/mojevyslapy.betunak.cz\/?page_id=67\/#9.1.21\">Ro\u017enov p.R.\u2013 Valmez<\/a><\/td><td><\/td><td><\/td><td>15,2 km<\/td><\/tr><tr><td class=\"has-text-align-right\" data-align=\"right\">13.1.21<\/td><td class=\"has-text-align-center\" data-align=\"center\"><a href=\"https:\/\/mojevyslapy.betunak.cz\/?page_id=67\/#13.1.21\">L\u00e1zy\u2013 Valmez<\/a><\/td><td><\/td><td><\/td><td><\/td><\/tr><tr><td class=\"has-text-align-right\" data-align=\"right\">20.1.21<\/td><td class=\"has-text-align-center\" data-align=\"center\"><a href=\"https:\/\/mojevyslapy.betunak.cz\/?page_id=67\/#20.1.21\">Pustevny \u2013 Ro\u017enov p. R (b\u011b\u017eky)<\/a><\/td><td><\/td><td><\/td><td><\/td><\/tr><tr><td class=\"has-text-align-right\" data-align=\"right\">29.1.21<\/td><td class=\"has-text-align-center\" data-align=\"center\"><a href=\"https:\/\/mojevyslapy.betunak.cz\/?page_id=67\/#29.1.21\">Velk\u00fd Javorn\u00edk<\/a><\/td><td><\/td><td><\/td><td><\/td><\/tr><tr><td class=\"has-text-align-right\" data-align=\"right\"><\/td><td class=\"has-text-align-center\" data-align=\"center\"><p class=\"has-small-font-size\">Celkem Leden<\/p><\/td><td><\/td><td><p class=\"has-small-font-size\">32,1 km<\/p><\/td><td><\/td><\/tr><tr><td class=\"has-text-align-right\" data-align=\"right\"><\/td><td class=\"has-text-align-center\" data-align=\"center\"><\/td><td><\/td><td><\/td><td><\/td><\/tr><tr><td class=\"has-text-align-right\" data-align=\"right\"><\/td><td class=\"has-text-align-center\" data-align=\"center\"><strong>\u00danor 2021<\/strong><\/td><td><\/td><td><\/td><td><\/td><\/tr><tr><td class=\"has-text-align-right\" data-align=\"right\">11.2.21<\/td><td class=\"has-text-align-center\" data-align=\"center\">Lide\u010dko \u2013 Pul\u010diny \u2013 Horn\u00ed Lide\u010d<\/td><td><\/td><td><\/td><td>14 km<\/td><\/tr><tr><td class=\"has-text-align-right\" data-align=\"right\">13.2.22<\/td><td class=\"has-text-align-center\" data-align=\"center\">Nov\u00fd Ji\u010d\u00edn \u2013 \u0160tramberk<\/td><td><\/td><td><\/td><td>13,8 km<\/td><\/tr><tr><td class=\"has-text-align-right\" data-align=\"right\">15.2.22<\/td><td class=\"has-text-align-center\" data-align=\"center\">Rajnochovice \u2013 Kel\u010dsk\u00fd Javorn\u00edk &#8211; Loukove\u010dva<\/td><td><\/td><td><\/td><td>16,3 km<\/td><\/tr><tr><td class=\"has-text-align-right\" data-align=\"right\">18.2.21<\/td><td class=\"has-text-align-center\" data-align=\"center\">Mo\u0159kov \u2013 Valmez<\/td><td><\/td><td><\/td><td><\/td><\/tr><tr><td class=\"has-text-align-right\" data-align=\"right\">20.2.21<\/td><td class=\"has-text-align-center\" data-align=\"center\">Jabl\u016fnka \u2013 Vset\u00edn<\/td><td><\/td><td><\/td><td><\/td><\/tr><tr><td class=\"has-text-align-right\" data-align=\"right\">21.2.21<\/td><td class=\"has-text-align-center\" data-align=\"center\">Star\u00fd Ji\u010d\u00edn \u2013 Valmez<\/td><td><\/td><td><\/td><td><\/td><\/tr><tr><td class=\"has-text-align-right\" data-align=\"right\"><\/td><td class=\"has-text-align-center\" data-align=\"center\"><p class=\"has-small-font-size\">Celkem \u00danor<\/p><\/td><td><\/td><td><p class=\"has-small-font-size\">44,1 km<\/p><\/td><td><\/td><\/tr><tr><td class=\"has-text-align-right\" data-align=\"right\"><\/td><td class=\"has-text-align-center\" data-align=\"center\"><\/td><td><\/td><td><\/td><td><\/td><\/tr><tr><td class=\"has-text-align-right\" data-align=\"right\"><\/td><td class=\"has-text-align-center\" data-align=\"center\">B\u0159ezen 2021<\/td><td><\/td><td><\/td><td><\/td><\/tr><tr><td class=\"has-text-align-right\" data-align=\"right\">9.3.21<\/td><td class=\"has-text-align-center\" data-align=\"center\">Ju\u0159inka \u2013 Valmez<\/td><td><\/td><td><\/td><td>12,2 km<\/td><\/tr><tr><td class=\"has-text-align-right\" data-align=\"right\">13.3.21<\/td><td class=\"has-text-align-center\" data-align=\"center\">Poli\u010dn\u00e1 &#8211; Pi\u0161kov\u00e1 \u2013 Poli\u010dn\u00e1<\/td><td><\/td><td><\/td><td>15,2 km<\/td><\/tr><tr><td class=\"has-text-align-right\" data-align=\"right\">16.3.21<\/td><td class=\"has-text-align-center\" data-align=\"center\">Ju\u0159inka \u2013 Choryn\u011b<\/td><td><\/td><td><\/td><td>18,5 km<\/td><\/tr><tr><td class=\"has-text-align-right\" data-align=\"right\"><\/td><td class=\"has-text-align-center\" data-align=\"center\"><p class=\"has-small-font-size\">Celkem B\u0159ezen<\/p><\/td><td><\/td><td><p class=\"has-small-font-size\">70 km<\/p><\/td><td><\/td><\/tr><tr><td class=\"has-text-align-right\" data-align=\"right\"><\/td><td class=\"has-text-align-center\" data-align=\"center\"><\/td><td><\/td><td><\/td><td><\/td><\/tr><tr><td class=\"has-text-align-right\" data-align=\"right\"><\/td><td class=\"has-text-align-center\" data-align=\"center\">Duben 2021<\/td><td><\/td><td><\/td><td><\/td><\/tr><tr><td class=\"has-text-align-right\" data-align=\"right\">3.4.21<\/td><td class=\"has-text-align-center\" data-align=\"center\">Choryn\u011b<\/td><td><\/td><td><\/td><td>11,4 km<\/td><\/tr><tr><td class=\"has-text-align-right\" data-align=\"right\">5.4.21<\/td><td class=\"has-text-align-center\" data-align=\"center\"><a href=\"http:\/\/mojevyslapy.betunak.cz\/?page_id=158\/#5.4.21\">Podles\u00ed &#8211; R\u00e1j na zemi<\/a><\/td><td><\/td><td><\/td><td>15,7 km<\/td><\/tr><tr><td class=\"has-text-align-right\" data-align=\"right\">10.4.21<\/td><td class=\"has-text-align-center\" data-align=\"center\"><a href=\"http:\/\/mojevyslapy.betunak.cz\/?page_id=158\/#10.4.21\" data-type=\"URL\">V.Karlovice zast\u00e1vka &#8211; Velk\u00e9 Karloviceic\u00ed<\/a><\/td><td><\/td><td><\/td><td>19,5 km<\/td><\/tr><tr><td class=\"has-text-align-right\" data-align=\"right\">20.4.21<\/td><td class=\"has-text-align-center\" data-align=\"center\"><a href=\"http:\/\/mojevyslapy.betunak.cz\/?page_id=158\/#20.4.21\">Fren\u0161t\u00e1t p.R &#8211; Velk\u00fd Javorn\u00edk<\/a><\/td><td><\/td><td><\/td><td>18,5 km<\/td><\/tr><tr><td class=\"has-text-align-right\" data-align=\"right\">23.4.21<\/td><td class=\"has-text-align-center\" data-align=\"center\"><a href=\"http:\/\/mojevyslapy.betunak.cz\/?page_id=158\/#23.4.21\">Pet\u0159kovice &#8211; Hodslavice<\/a><\/td><td><\/td><td><\/td><td><\/td><\/tr><tr><td class=\"has-text-align-right\" data-align=\"right\">28.4.21<\/td><td class=\"has-text-align-center\" data-align=\"center\"><a href=\"http:\/\/mojevyslapy.betunak.cz\/?page_id=158\/#28.4.21\">Troj\u00e1k &#8211; Ho\u0161\u0165\u00e1lkov\u00e1<\/a><\/td><td><\/td><td><\/td><td><\/td><\/tr><tr><td class=\"has-text-align-right\" data-align=\"right\"><\/td><td class=\"has-text-align-center\" data-align=\"center\"><p class=\"has-small-font-size\">Celkem Duben<\/p><\/td><td><\/td><td><p class=\"has-small-font-size\">65,1 km<\/p><\/td><td><\/td><\/tr><tr><td class=\"has-text-align-right\" data-align=\"right\"><\/td><td class=\"has-text-align-center\" data-align=\"center\"><\/td><td><\/td><td><\/td><td><\/td><\/tr><tr><td class=\"has-text-align-right\" data-align=\"right\"><\/td><td class=\"has-text-align-center\" data-align=\"center\">Kv\u011bten 2021<\/td><td><\/td><td><\/td><td><\/td><\/tr><tr><td class=\"has-text-align-right\" data-align=\"right\">1.5.21<\/td><td class=\"has-text-align-center\" data-align=\"center\"><a href=\"http:\/\/mojevyslapy.betunak.cz\/?page_id=608\/#1.5.21\" class=\"broken_link\">Syr\u00e1kov &#8211; Chl\u00e9viska &#8211; Vset\u00edn<\/a><\/td><td><\/td><td><\/td><td>13,8 km<\/td><\/tr><tr><td class=\"has-text-align-right\" data-align=\"right\">5.5.21<\/td><td class=\"has-text-align-center\" data-align=\"center\"><a href=\"http:\/\/mojevyslapy.betunak.cz\/?page_id=608\/#5.5.21\" class=\"broken_link\">Odry &#8211; rozhledna Ol\u0161ov\u00e1 &#8211; Odry<\/a><\/td><td><\/td><td><\/td><td>14,32 km<\/td><\/tr><tr><td class=\"has-text-align-right\" data-align=\"right\">8.5.21<\/td><td class=\"has-text-align-center\" data-align=\"center\"><a href=\"http:\/\/mojevyslapy.betunak.cz\/?page_id=608\/#8.5.21\" class=\"broken_link\">H.Be\u010dva &#8211; Marti\u0148\u00e1k &#8211; Zavadilka<\/a><\/td><td><\/td><td><\/td><td><\/td><\/tr><tr><td class=\"has-text-align-right\" data-align=\"right\">15.5.21<\/td><td class=\"has-text-align-center\" data-align=\"center\"><a href=\"http:\/\/mojevyslapy.betunak.cz\/?page_id=608\/#15.5.21\" class=\"broken_link\">Byst\u0159ice pod Per\u0161tejnem<\/a><\/td><td><\/td><td><\/td><td><\/td><\/tr><tr><td class=\"has-text-align-right\" data-align=\"right\"><\/td><td class=\"has-text-align-center\" data-align=\"center\"><p class=\"has-small-font-size\">Celkem Kv\u011bten<\/p><\/td><td><\/td><td><p class=\"has-small-font-size\">28,12 km<\/p><\/td><td><\/td><\/tr><tr><td class=\"has-text-align-right\" data-align=\"right\"><\/td><td class=\"has-text-align-center\" data-align=\"center\"><\/td><td><\/td><td><\/td><td><\/td><\/tr><tr><td class=\"has-text-align-right\" data-align=\"right\"><\/td><td class=\"has-text-align-center\" data-align=\"center\">\u010cervenec 2021<\/td><td><\/td><td><\/td><td><\/td><\/tr><tr><td class=\"has-text-align-right\" data-align=\"right\">24.7.21<\/td><td class=\"has-text-align-center\" data-align=\"center\"><a href=\"http:\/\/betunak.cz\/?page_id=703\/#24.7.21\">Ostravice -Smrk &#8211;  H.Be\u010dva<\/a><\/td><td><\/td><td><\/td><td>19,76 km<\/td><\/tr><tr><td class=\"has-text-align-right\" data-align=\"right\"><\/td><td class=\"has-text-align-center\" data-align=\"center\"><p class=\"has-small-font-size\">Celkem \u010cerven<\/p><\/td><td><\/td><td><p class=\"has-small-font-size\">70,47 km<\/p><\/td><td><\/td><\/tr><tr><td class=\"has-text-align-right\" data-align=\"right\"><\/td><td class=\"has-text-align-center\" data-align=\"center\"><\/td><td><\/td><td><\/td><td><\/td><\/tr><tr><td class=\"has-text-align-right\" data-align=\"right\"><\/td><td class=\"has-text-align-center\" data-align=\"center\">Srpen 2021<\/td><td><\/td><td><\/td><td><\/td><\/tr><tr><td class=\"has-text-align-right\" data-align=\"right\">14.8.21<\/td><td class=\"has-text-align-center\" data-align=\"center\">Kouty n.D &#8211; \u0160v\u00fdcarna &#8211; Kouty n.D<\/td><td><\/td><td><\/td><td>19,47 km<\/td><\/tr><tr><td class=\"has-text-align-right\" data-align=\"right\"><\/td><td class=\"has-text-align-center\" data-align=\"center\"><p class=\"has-small-font-size\">Celkem \u010cervenec<\/p><\/td><td><\/td><td><p class=\"has-small-font-size\">19,47 km<\/p><\/td><td><\/td><\/tr><tr><td class=\"has-text-align-right\" data-align=\"right\"><\/td><td class=\"has-text-align-center\" data-align=\"center\"><\/td><td><\/td><td><\/td><td><\/td><\/tr><tr><td class=\"has-text-align-right\" data-align=\"right\"><\/td><td class=\"has-text-align-center\" data-align=\"center\">Z\u00e1\u0159\u00ed 2021<\/td><td><\/td><td><\/td><td><\/td><\/tr><tr><td class=\"has-text-align-right\" data-align=\"right\">25.9.21<\/td><td class=\"has-text-align-center\" data-align=\"center\">Syr\u00e1kov &#8211; Vset\u00edn<\/td><td><\/td><td><\/td><td>13,2 km<\/td><\/tr><tr><td class=\"has-text-align-right\" data-align=\"right\"><\/td><td class=\"has-text-align-center\" data-align=\"center\"><p class=\"has-small-font-size\">Celkem Z\u00e1\u0159\u00ed<\/p><\/td><td><\/td><td><p class=\"has-small-font-size\">13,2 km<\/p><\/td><td><\/td><\/tr><tr><td class=\"has-text-align-right\" data-align=\"right\"><\/td><td class=\"has-text-align-center\" data-align=\"center\"><\/td><td><\/td><td><\/td><td><\/td><\/tr><tr><td class=\"has-text-align-right\" data-align=\"right\"><\/td><td class=\"has-text-align-center\" data-align=\"center\">\u0158\u00edjen 2021<\/td><td><\/td><td><\/td><td><\/td><\/tr><tr><td class=\"has-text-align-right\" data-align=\"right\">9.10.21<\/td><td class=\"has-text-align-center\" data-align=\"center\">Hukvaldy<\/td><td><\/td><td><\/td><td><\/td><\/tr><tr><td class=\"has-text-align-right\" data-align=\"right\"><\/td><td class=\"has-text-align-center\" data-align=\"center\"><p class=\"has-small-font-size\">Celkem \u0158\u00edjen<\/p><\/td><td><\/td><td><\/td><td><\/td><\/tr><tr><td class=\"has-text-align-right\" data-align=\"right\"><\/td><td class=\"has-text-align-center\" data-align=\"center\"><\/td><td><\/td><td><\/td><td><\/td><\/tr><tr><td class=\"has-text-align-right\" data-align=\"right\"><\/td><td class=\"has-text-align-center\" data-align=\"center\">Listopad 2021<\/td><td><\/td><td><\/td><td><\/td><\/tr><tr><td class=\"has-text-align-right\" data-align=\"right\">10.11.21<\/td><td class=\"has-text-align-center\" data-align=\"center\">Zd\u011bchov-Leskovec<\/td><td><\/td><td><\/td><td>14,56 km<\/td><\/tr><tr><td class=\"has-text-align-right\" data-align=\"right\">21.11.21<\/td><td class=\"has-text-align-center\" data-align=\"center\">Kun\u010dice p.O.-Stolov\u00e1<\/td><td><\/td><td><\/td><td>9,56 km<\/td><\/tr><tr><td class=\"has-text-align-right\" data-align=\"right\">25.11.21<\/td><td class=\"has-text-align-center\" data-align=\"center\">Ve\u0159ovice &#8211; Javorn\u00edk &#8211; Fren\u0161t\u00e1t p.R<\/td><td><\/td><td><\/td><td>14,82 km<\/td><\/tr><tr><td class=\"has-text-align-right\" data-align=\"right\"><\/td><td class=\"has-text-align-center\" data-align=\"center\"><p class=\"has-small-font-size\">Celkem Listopad<\/p><\/td><td><\/td><td><p class=\"has-small-font-size\">70,95 km<\/p><\/td><td><\/td><\/tr><tr><td class=\"has-text-align-right\" data-align=\"right\"><\/td><td class=\"has-text-align-center\" data-align=\"center\"><\/td><td><\/td><td><\/td><td><\/td><\/tr><tr><td class=\"has-text-align-right\" data-align=\"right\"><\/td><td class=\"has-text-align-center\" data-align=\"center\">Prosinec 2021<\/td><td><\/td><td><\/td><td><\/td><\/tr><tr><td class=\"has-text-align-right\" data-align=\"right\">31.12.21<\/td><td class=\"has-text-align-center\" data-align=\"center\">V.Byst\u0159ice-Santov- V.Byst\u0159ice<\/td><td><\/td><td><\/td><td><\/td><\/tr><tr><td class=\"has-text-align-right\" data-align=\"right\"><\/td><td class=\"has-text-align-center\" data-align=\"center\"><p class=\"has-small-font-size\">Celkem Prosinec<\/p><\/td><td><\/td><td><\/td><td><\/td><\/tr><\/tbody><tfoot><tr><td class=\"has-text-align-right\" data-align=\"right\"><\/td><td class=\"has-text-align-center\" data-align=\"center\">Celkem rok<\/td><td>&nbsp;&nbsp;&nbsp;&nbsp;&nbsp;<\/td><td>&nbsp;&nbsp;&nbsp;&nbsp;&nbsp;<\/td><td>404,51km<\/td><\/tr><\/tfoot><\/table><\/figure>\n","protected":false},"excerpt":{"rendered":"<p>Leden 2021&nbsp;1.1.21 Pustevny \u2013 Radho\u0161\u0165 16,9 km 9.1.21 Ro\u017enov p.R.\u2013 Valmez 15,2 km 13.1.21 L\u00e1zy\u2013 Valmez 20.1.21 Pustevny \u2013 Ro\u017enov p. R (b\u011b\u017eky) 29.1.21 Velk\u00fd Javorn\u00edk Celkem Leden 32,1 km \u00danor 2021&nbsp;11.2.21 Lide\u010dko \u2013 Pul\u010diny \u2013 Horn\u00ed Lide\u010d<\/p>\n","protected":false},"author":1,"featured_media":0,"parent":0,"menu_order":0,"comment_status":"closed","ping_status":"closed","template":"","meta":{"ngg_post_thumbnail":0,"footnotes":""},"class_list":["post-65","page","type-page","status-publish","hentry"],"jetpack_sharing_enabled":true,"_links":{"self":[{"href":"https:\/\/mojevyslapy.betunak.cz\/index.php?rest_route=\/wp\/v2\/pages\/65","targetHints":{"allow":["GET"]}}],"collection":[{"href":"https:\/\/mojevyslapy.betunak.cz\/index.php?rest_route=\/wp\/v2\/pages"}],"about":[{"href":"https:\/\/mojevyslapy.betunak.cz\/index.php?rest_route=\/wp\/v2\/types\/page"}],"author":[{"embeddable":true,"href":"https:\/\/mojevyslapy.betunak.cz\/index.php?rest_route=\/wp\/v2\/users\/1"}],"replies":[{"embeddable":true,"href":"https:\/\/mojevyslapy.betunak.cz\/index.php?rest_route=%2Fwp%2Fv2%2Fcomments&post=65"}],"version-history":[{"count":0,"href":"https:\/\/mojevyslapy.betunak.cz\/index.php?rest_route=\/wp\/v2\/pages\/65\/revisions"}],"wp:attachment":[{"href":"https:\/\/mojevyslapy.betunak.cz\/index.php?rest_route=%2Fwp%2Fv2%2Fmedia&parent=65"}],"curies":[{"name":"wp","href":"https:\/\/api.w.org\/{rel}","templated":true}]}}