{"id":67,"date":"2022-04-22T06:18:34","date_gmt":"2022-04-22T05:18:34","guid":{"rendered":"http:\/\/mojevyslapy.betunak.cz\/?page_id=67"},"modified":"2024-12-07T18:30:43","modified_gmt":"2024-12-07T17:30:43","slug":"leden-2021","status":"publish","type":"page","link":"https:\/\/mojevyslapy.betunak.cz\/?page_id=67","title":{"rendered":"Leden 2021"},"content":{"rendered":"<p><span id=\"1.1.2021\" class=\"sta-anchor \" aria-hidden=\"true\"><\/span>1.1.2021  Pustevny &#8211; Radho\u0161\u0165 &#8211; Ro\u017enov<br \/>\n km<br \/>\nngg_shortcode_0_placeholder<\/p>\n\n\n<p><span id=\"9.1.2021\" class=\"sta-anchor \" aria-hidden=\"true\"><\/span>9.1.2021  Ro\u017enov &#8211; Val.Mezi\u0159\u00ed\u010d\u00ed<br \/>\n km<br \/>\nngg_shortcode_1_placeholder<\/p>\n\n\n<p><span id=\"13.1.2021\" class=\"sta-anchor \" aria-hidden=\"true\"><\/span>13.1.2021  L\u00e1zy &#8211; Val.Mezi\u0159\u00ed\u010d\u00ed<br \/>\n km<br \/>\nngg_shortcode_2_placeholder<\/p>\n\n\n<p><span id=\"20.1.21\" class=\"sta-anchor \" aria-hidden=\"true\"><\/span>20.1.2021 Pustevny \u2013 Ro\u017enov p. R (b\u011b\u017eky)<br \/>\n km<br \/>\nngg_shortcode_3_placeholder<\/p>\n\n\n<p><span id=\"29.1.21\" class=\"sta-anchor \" aria-hidden=\"true\"><\/span>29.1.2021 Velk\u00fd Javorn\u00edk<br \/>\n km<br \/>\nngg_shortcode_4_placeholder<\/p>\n","protected":false},"excerpt":{"rendered":"","protected":false},"author":1,"featured_media":0,"parent":0,"menu_order":0,"comment_status":"closed","ping_status":"closed","template":"","meta":{"ngg_post_thumbnail":0,"footnotes":""},"class_list":["post-67","page","type-page","status-publish","hentry"],"jetpack_sharing_enabled":true,"_links":{"self":[{"href":"https:\/\/mojevyslapy.betunak.cz\/index.php?rest_route=\/wp\/v2\/pages\/67","targetHints":{"allow":["GET"]}}],"collection":[{"href":"https:\/\/mojevyslapy.betunak.cz\/index.php?rest_route=\/wp\/v2\/pages"}],"about":[{"href":"https:\/\/mojevyslapy.betunak.cz\/index.php?rest_route=\/wp\/v2\/types\/page"}],"author":[{"embeddable":true,"href":"https:\/\/mojevyslapy.betunak.cz\/index.php?rest_route=\/wp\/v2\/users\/1"}],"replies":[{"embeddable":true,"href":"https:\/\/mojevyslapy.betunak.cz\/index.php?rest_route=%2Fwp%2Fv2%2Fcomments&post=67"}],"version-history":[{"count":0,"href":"https:\/\/mojevyslapy.betunak.cz\/index.php?rest_route=\/wp\/v2\/pages\/67\/revisions"}],"wp:attachment":[{"href":"https:\/\/mojevyslapy.betunak.cz\/index.php?rest_route=%2Fwp%2Fv2%2Fmedia&parent=67"}],"curies":[{"name":"wp","href":"https:\/\/api.w.org\/{rel}","templated":true}]}}