{"id":703,"date":"2022-06-13T14:55:07","date_gmt":"2022-06-13T13:55:07","guid":{"rendered":"http:\/\/betunak.cz\/?page_id=703"},"modified":"2023-01-08T13:40:46","modified_gmt":"2023-01-08T12:40:46","slug":"cerven-2022","status":"publish","type":"page","link":"https:\/\/mojevyslapy.betunak.cz\/?page_id=703","title":{"rendered":"\u010cerven 2022"},"content":{"rendered":"<div class=\"wp-block-image\">\n<figure class=\"alignright size-full is-resized\"><a href=\"https:\/\/mapy.cz\/s\/johopemofo\" target=\"_blank\" rel=\"noreferrer noopener\"><img loading=\"lazy\" decoding=\"async\" src=\"https:\/\/mojevyslapy.betunak.cz\/wp-content\/uploads\/2023\/01\/Mapa.jpg\" alt=\"\" class=\"wp-image-1069\" width=\"140\" height=\"127\" srcset=\"https:\/\/mojevyslapy.betunak.cz\/wp-content\/uploads\/2023\/01\/Mapa.jpg 712w, https:\/\/mojevyslapy.betunak.cz\/wp-content\/uploads\/2023\/01\/Mapa-300x273.jpg 300w\" sizes=\"auto, (max-width: 140px) 100vw, 140px\" \/><\/a><\/figure><\/div>\n\n<p><span id=\"5.6.22\" class=\"sta-anchor \" aria-hidden=\"true\"><\/span>5.6.2022 Zd\u011bchov &#8211; Papajsk\u00e9 sedlo &#8211; Huslenky<br \/>\n18,6 km<br \/>\nngg_shortcode_0_placeholder<\/p>\n\n\n\n<p><\/p>\n\n\n<div class=\"wp-block-image\">\n<figure class=\"alignright size-full is-resized\"><a href=\"https:\/\/mapy.cz\/s\/gokegusamo\" target=\"_blank\" rel=\"noreferrer noopener\"><img loading=\"lazy\" decoding=\"async\" src=\"https:\/\/mojevyslapy.betunak.cz\/wp-content\/uploads\/2023\/01\/Mapa-1.jpg\" alt=\"\" class=\"wp-image-1201\" width=\"136\" height=\"124\" srcset=\"https:\/\/mojevyslapy.betunak.cz\/wp-content\/uploads\/2023\/01\/Mapa-1.jpg 804w, https:\/\/mojevyslapy.betunak.cz\/wp-content\/uploads\/2023\/01\/Mapa-1-300x274.jpg 300w, https:\/\/mojevyslapy.betunak.cz\/wp-content\/uploads\/2023\/01\/Mapa-1-768x700.jpg 768w\" sizes=\"auto, (max-width: 136px) 100vw, 136px\" \/><\/a><\/figure><\/div>\n\n<p><span id=\"18.6.22\" class=\"sta-anchor \" aria-hidden=\"true\"><\/span>18.6.2022 Blatnica-Ostr\u00e1-Luben\u00e1-Tlst\u00e1-Blatnica<br \/>\n18,6 km<br \/>\nngg_shortcode_1_placeholder<\/p>\n\n\n<div class=\"wp-block-image\">\n<figure class=\"alignright size-full is-resized\"><a href=\"https:\/\/mapy.cz\/s\/gatafavosu\" target=\"_blank\" rel=\"noreferrer noopener\"><img loading=\"lazy\" decoding=\"async\" src=\"https:\/\/mojevyslapy.betunak.cz\/wp-content\/uploads\/2023\/01\/Vrsatec.jpg\" alt=\"\" class=\"wp-image-1204\" width=\"98\" height=\"125\" srcset=\"https:\/\/mojevyslapy.betunak.cz\/wp-content\/uploads\/2023\/01\/Vrsatec.jpg 601w, https:\/\/mojevyslapy.betunak.cz\/wp-content\/uploads\/2023\/01\/Vrsatec-234x300.jpg 234w\" sizes=\"auto, (max-width: 98px) 100vw, 98px\" \/><\/a><\/figure><\/div>\n\n<p><span id=\"22.6.22\" class=\"sta-anchor \" aria-hidden=\"true\"><\/span>22.6.2022 Neda\u0161ova Lhota-Vr\u0161atec-Sidonie<br \/>\n19,76 km<br \/>\nngg_shortcode_2_placeholder<\/p>\n\n\n<div class=\"wp-block-image\">\n<figure class=\"alignright size-full is-resized\"><a href=\"https:\/\/mapy.cz\/s\/durubefore\" target=\"_blank\" rel=\"noreferrer noopener\"><img loading=\"lazy\" decoding=\"async\" src=\"https:\/\/mojevyslapy.betunak.cz\/wp-content\/uploads\/2023\/01\/Mapa-2.jpg\" alt=\"\" class=\"wp-image-1207\" width=\"119\" height=\"136\" srcset=\"https:\/\/mojevyslapy.betunak.cz\/wp-content\/uploads\/2023\/01\/Mapa-2.jpg 541w, https:\/\/mojevyslapy.betunak.cz\/wp-content\/uploads\/2023\/01\/Mapa-2-262x300.jpg 262w\" sizes=\"auto, (max-width: 119px) 100vw, 119px\" \/><\/a><\/figure><\/div>\n\n<p><span id=\"25.6.22\" class=\"sta-anchor \" aria-hidden=\"true\"><\/span>25.6.2022 Kun\u010dice p.O-Jezev\u010d\u00ed stezka-Fr\u00fddlant n.O<br \/>\n13,51 km<br \/>\nngg_shortcode_3_placeholder<\/p>\n","protected":false},"excerpt":{"rendered":"","protected":false},"author":1,"featured_media":0,"parent":0,"menu_order":0,"comment_status":"closed","ping_status":"closed","template":"","meta":{"ngg_post_thumbnail":0,"footnotes":""},"class_list":["post-703","page","type-page","status-publish","hentry"],"jetpack_sharing_enabled":true,"_links":{"self":[{"href":"https:\/\/mojevyslapy.betunak.cz\/index.php?rest_route=\/wp\/v2\/pages\/703","targetHints":{"allow":["GET"]}}],"collection":[{"href":"https:\/\/mojevyslapy.betunak.cz\/index.php?rest_route=\/wp\/v2\/pages"}],"about":[{"href":"https:\/\/mojevyslapy.betunak.cz\/index.php?rest_route=\/wp\/v2\/types\/page"}],"author":[{"embeddable":true,"href":"https:\/\/mojevyslapy.betunak.cz\/index.php?rest_route=\/wp\/v2\/users\/1"}],"replies":[{"embeddable":true,"href":"https:\/\/mojevyslapy.betunak.cz\/index.php?rest_route=%2Fwp%2Fv2%2Fcomments&post=703"}],"version-history":[{"count":0,"href":"https:\/\/mojevyslapy.betunak.cz\/index.php?rest_route=\/wp\/v2\/pages\/703\/revisions"}],"wp:attachment":[{"href":"https:\/\/mojevyslapy.betunak.cz\/index.php?rest_route=%2Fwp%2Fv2%2Fmedia&parent=703"}],"curies":[{"name":"wp","href":"https:\/\/api.w.org\/{rel}","templated":true}]}}