{"id":911,"date":"2022-12-16T17:23:19","date_gmt":"2022-12-16T16:23:19","guid":{"rendered":"http:\/\/betunak.cz\/?page_id=911"},"modified":"2023-01-08T13:44:58","modified_gmt":"2023-01-08T12:44:58","slug":"zari-2022","status":"publish","type":"page","link":"https:\/\/mojevyslapy.betunak.cz\/?page_id=911","title":{"rendered":"Z\u00e1\u0159\u00ed 2022"},"content":{"rendered":"<div class=\"wp-block-image\">\n<figure class=\"alignright size-full is-resized\"><a href=\"https:\/\/mapy.cz\/s\/kanotezene\" target=\"_blank\" rel=\"noreferrer noopener\"><img loading=\"lazy\" decoding=\"async\" src=\"https:\/\/mojevyslapy.betunak.cz\/wp-content\/uploads\/2023\/01\/Ostravice.jpg\" alt=\"\" class=\"wp-image-1212\" width=\"158\" height=\"127\" srcset=\"https:\/\/mojevyslapy.betunak.cz\/wp-content\/uploads\/2023\/01\/Ostravice.jpg 909w, https:\/\/mojevyslapy.betunak.cz\/wp-content\/uploads\/2023\/01\/Ostravice-300x241.jpg 300w, https:\/\/mojevyslapy.betunak.cz\/wp-content\/uploads\/2023\/01\/Ostravice-768x616.jpg 768w\" sizes=\"auto, (max-width: 158px) 100vw, 158px\" \/><\/a><\/figure><\/div>\n\n<p><span id=\"3.9.22\" class=\"sta-anchor \" aria-hidden=\"true\"><\/span>3.9.2022 Fr\u00fddlant N.D\u011bdina-Luk\u0161inec-Ostravice<br \/>\n13,2 km<br \/>\nngg_shortcode_0_placeholder<\/p>\n","protected":false},"excerpt":{"rendered":"","protected":false},"author":1,"featured_media":0,"parent":0,"menu_order":0,"comment_status":"closed","ping_status":"closed","template":"","meta":{"ngg_post_thumbnail":0,"footnotes":""},"class_list":["post-911","page","type-page","status-publish","hentry"],"jetpack_sharing_enabled":true,"_links":{"self":[{"href":"https:\/\/mojevyslapy.betunak.cz\/index.php?rest_route=\/wp\/v2\/pages\/911","targetHints":{"allow":["GET"]}}],"collection":[{"href":"https:\/\/mojevyslapy.betunak.cz\/index.php?rest_route=\/wp\/v2\/pages"}],"about":[{"href":"https:\/\/mojevyslapy.betunak.cz\/index.php?rest_route=\/wp\/v2\/types\/page"}],"author":[{"embeddable":true,"href":"https:\/\/mojevyslapy.betunak.cz\/index.php?rest_route=\/wp\/v2\/users\/1"}],"replies":[{"embeddable":true,"href":"https:\/\/mojevyslapy.betunak.cz\/index.php?rest_route=%2Fwp%2Fv2%2Fcomments&post=911"}],"version-history":[{"count":0,"href":"https:\/\/mojevyslapy.betunak.cz\/index.php?rest_route=\/wp\/v2\/pages\/911\/revisions"}],"wp:attachment":[{"href":"https:\/\/mojevyslapy.betunak.cz\/index.php?rest_route=%2Fwp%2Fv2%2Fmedia&parent=911"}],"curies":[{"name":"wp","href":"https:\/\/api.w.org\/{rel}","templated":true}]}}