{"id":922,"date":"2022-12-16T17:35:16","date_gmt":"2022-12-16T16:35:16","guid":{"rendered":"http:\/\/betunak.cz\/?page_id=922"},"modified":"2023-01-08T13:53:33","modified_gmt":"2023-01-08T12:53:33","slug":"listopad-2022","status":"publish","type":"page","link":"https:\/\/mojevyslapy.betunak.cz\/?page_id=922","title":{"rendered":"Listopad 2022"},"content":{"rendered":"<div class=\"wp-block-image\">\n<figure class=\"alignright size-full is-resized\"><a href=\"https:\/\/mapy.cz\/s\/hatopaneva\" target=\"_blank\" rel=\"noreferrer noopener\"><img loading=\"lazy\" decoding=\"async\" src=\"https:\/\/mojevyslapy.betunak.cz\/wp-content\/uploads\/2023\/01\/Leskove.jpg\" alt=\"\" class=\"wp-image-1215\" width=\"142\" height=\"127\" srcset=\"https:\/\/mojevyslapy.betunak.cz\/wp-content\/uploads\/2023\/01\/Leskove.jpg 756w, https:\/\/mojevyslapy.betunak.cz\/wp-content\/uploads\/2023\/01\/Leskove-300x268.jpg 300w\" sizes=\"auto, (max-width: 142px) 100vw, 142px\" \/><\/a><\/figure><\/div>\n\n<p><span id=\"6.11.22\" class=\"sta-anchor \" aria-hidden=\"true\"><\/span>6.11.2022 Prost\u0159edn\u00ed Be\u010dva-Milo\u0148ov\u00e1-Leskov\u00e9<br \/>\n14,56 km<br \/>\nngg_shortcode_0_placeholder<\/p>\n\n\n<div class=\"wp-block-image\">\n<figure class=\"alignright size-full is-resized\"><a href=\"https:\/\/mapy.cz\/s\/jecocuroka\" target=\"_blank\" rel=\"noreferrer noopener\"><img loading=\"lazy\" decoding=\"async\" src=\"https:\/\/mojevyslapy.betunak.cz\/wp-content\/uploads\/2023\/01\/Satinsky.jpg\" alt=\"\" class=\"wp-image-1219\" width=\"147\" height=\"131\" srcset=\"https:\/\/mojevyslapy.betunak.cz\/wp-content\/uploads\/2023\/01\/Satinsky.jpg 520w, https:\/\/mojevyslapy.betunak.cz\/wp-content\/uploads\/2023\/01\/Satinsky-300x268.jpg 300w\" sizes=\"auto, (max-width: 147px) 100vw, 147px\" \/><\/a><\/figure><\/div>\n\n<p><span id=\"12.11.22\" class=\"sta-anchor \" aria-hidden=\"true\"><\/span>12.11.2022 Ostravice zast\u00e1vka-Satinsk\u00fd vodop\u00e1d-Fr\u00fddlant n.O.<br \/>\n13,88 km<br \/>\nngg_shortcode_1_placeholder<\/p>\n\n\n<div class=\"wp-block-image\">\n<figure class=\"alignright size-full is-resized\"><a href=\"https:\/\/mapy.cz\/s\/kobaderane\" target=\"_blank\" rel=\"noreferrer noopener\"><img loading=\"lazy\" decoding=\"async\" src=\"https:\/\/mojevyslapy.betunak.cz\/wp-content\/uploads\/2023\/01\/Lysa.jpg\" alt=\"\" class=\"wp-image-1221\" width=\"150\" height=\"120\" srcset=\"https:\/\/mojevyslapy.betunak.cz\/wp-content\/uploads\/2023\/01\/Lysa.jpg 724w, https:\/\/mojevyslapy.betunak.cz\/wp-content\/uploads\/2023\/01\/Lysa-300x240.jpg 300w\" sizes=\"auto, (max-width: 150px) 100vw, 150px\" \/><\/a><\/figure><\/div>\n\n<p><span id=\"17.11.22\" class=\"sta-anchor \" aria-hidden=\"true\"><\/span>17.11.2022 Ostravice-Lys\u00e1 hora-Ostravice<br \/>\n18,13 km<br \/>\nngg_shortcode_2_placeholder<\/p>\n\n\n<div class=\"wp-block-image\">\n<figure class=\"alignright size-full is-resized\"><a href=\"https:\/\/mapy.cz\/s\/jehopababa\" target=\"_blank\" rel=\"noreferrer noopener\"><img loading=\"lazy\" decoding=\"async\" src=\"https:\/\/mojevyslapy.betunak.cz\/wp-content\/uploads\/2023\/01\/Javornik.jpg\" alt=\"\" class=\"wp-image-1223\" width=\"109\" height=\"116\" srcset=\"https:\/\/mojevyslapy.betunak.cz\/wp-content\/uploads\/2023\/01\/Javornik.jpg 436w, https:\/\/mojevyslapy.betunak.cz\/wp-content\/uploads\/2023\/01\/Javornik-281x300.jpg 281w\" sizes=\"auto, (max-width: 109px) 100vw, 109px\" \/><\/a><\/figure><\/div>\n\n<p><span id=\"25.11.22\" class=\"sta-anchor \" aria-hidden=\"true\"><\/span>25.11.2022 Ve\u0159ovice-Javorn\u00edk-Ve\u0159ovice<br \/>\n9,56 km<br \/>\nngg_shortcode_3_placeholder<\/p>\n\n\n<div class=\"wp-block-image\">\n<figure class=\"alignright size-full is-resized\"><a href=\"https:\/\/mapy.cz\/s\/hozohavumu\" target=\"_blank\" rel=\"noreferrer noopener\"><img loading=\"lazy\" decoding=\"async\" src=\"https:\/\/mojevyslapy.betunak.cz\/wp-content\/uploads\/2023\/01\/Radhosthreben.jpg\" alt=\"\" class=\"wp-image-1226\" width=\"82\" height=\"135\" srcset=\"https:\/\/mojevyslapy.betunak.cz\/wp-content\/uploads\/2023\/01\/Radhosthreben.jpg 292w, https:\/\/mojevyslapy.betunak.cz\/wp-content\/uploads\/2023\/01\/Radhosthreben-182x300.jpg 182w\" sizes=\"auto, (max-width: 82px) 100vw, 82px\" \/><\/a><\/figure><\/div>\n\n<p><span id=\"26.11.22\" class=\"sta-anchor \" aria-hidden=\"true\"><\/span>26.11.2022 Fren\u0161t\u00e1t p.R- Radho\u0161\u0165 H\u0159eben-Doln\u00ed Be\u010dva<br \/>\n14,82 km<br \/>\nngg_shortcode_4_placeholder<\/p>\n","protected":false},"excerpt":{"rendered":"","protected":false},"author":1,"featured_media":0,"parent":0,"menu_order":0,"comment_status":"closed","ping_status":"closed","template":"","meta":{"ngg_post_thumbnail":0,"footnotes":""},"class_list":["post-922","page","type-page","status-publish","hentry"],"jetpack_sharing_enabled":true,"_links":{"self":[{"href":"https:\/\/mojevyslapy.betunak.cz\/index.php?rest_route=\/wp\/v2\/pages\/922","targetHints":{"allow":["GET"]}}],"collection":[{"href":"https:\/\/mojevyslapy.betunak.cz\/index.php?rest_route=\/wp\/v2\/pages"}],"about":[{"href":"https:\/\/mojevyslapy.betunak.cz\/index.php?rest_route=\/wp\/v2\/types\/page"}],"author":[{"embeddable":true,"href":"https:\/\/mojevyslapy.betunak.cz\/index.php?rest_route=\/wp\/v2\/users\/1"}],"replies":[{"embeddable":true,"href":"https:\/\/mojevyslapy.betunak.cz\/index.php?rest_route=%2Fwp%2Fv2%2Fcomments&post=922"}],"version-history":[{"count":0,"href":"https:\/\/mojevyslapy.betunak.cz\/index.php?rest_route=\/wp\/v2\/pages\/922\/revisions"}],"wp:attachment":[{"href":"https:\/\/mojevyslapy.betunak.cz\/index.php?rest_route=%2Fwp%2Fv2%2Fmedia&parent=922"}],"curies":[{"name":"wp","href":"https:\/\/api.w.org\/{rel}","templated":true}]}}